{"id":17948,"date":"2022-06-21T09:04:45","date_gmt":"2022-06-21T09:04:45","guid":{"rendered":"https:\/\/gincatsystem.com\/politica-privacitat\/"},"modified":"2022-09-28T10:15:30","modified_gmt":"2022-09-28T10:15:30","slug":"politica-privacitat","status":"publish","type":"page","link":"https:\/\/gincatsystem.com\/es\/politica-privacitat\/","title":{"rendered":"Pol\u00edtica de Privacitat"},"content":{"rendered":"\r\n<h2 class=\"wp-block-heading\"><\/h2>\r\n\r\n\r\n\r\n<p><strong class=\"privacy-policy-tutorial\"> <\/strong>De conformidad con la&nbsp;<strong>Ley Org\u00e1nica 3\/2018, de 5 de diciembre, de Protecci\u00f3n de Datos Personales y Garant\u00edas de los Derechos Digitales,<\/strong>&nbsp;y del Reglamento (UE) 2016\/679, de 27 de abril de 2016, relativo a la protecci\u00f3n de las personas f\u00edsicas en lo que se refiere al tratamiento de datos personales ya la libre circulaci\u00f3n de estos datos,&nbsp;<strong>GINCAT SYSTEM<\/strong>&nbsp;informa a los Usuarios que naveguen y accedan al sitio web&nbsp;<a href=\"https:\/\/gincatsystem.com\/\">www.gincatsystem.com<\/a>&nbsp;sobre los tratamientos de datos personales realizados:<\/p>\r\n\r\n\r\n\r\n<h2 class=\"wp-block-heading\">Responsable<\/h2>\r\n\r\n\r\n\r\n<p><strong>GINCAT SYSTEM, S.L.<\/strong><br>B64140007<br>C.Barcelona, 25 \u00b7 08272 St. Fruitos de Bages (Barcelona)<\/p>\r\n\r\n\r\n\r\n<h2 class=\"wp-block-heading\">Finalitat<\/h2>\r\n\r\n\r\n\r\n<p>Gestionar los datos a los que la empresa accede como consecuencia de la navegaci\u00f3n, consulta y\/o solicitud, as\u00ed como la contrataci\u00f3n de servicios a trav\u00e9s del sitio web y, en su caso, enviar comunicaciones comerciales.<\/p>\r\n\r\n\r\n\r\n<h2 class=\"wp-block-heading\">Legitimaci\u00f3n<\/h2>\r\n\r\n\r\n\r\n<p>Ejecuci\u00f3n de un contrato.<\/p>\r\n\r\n\r\n\r\n<h2 class=\"wp-block-heading\">Destinatarios<\/h2>\r\n\r\n\r\n\r\n<p>No se ceder\u00e1n los datos a terceros, salvo obligaci\u00f3n legal.<\/p>\r\n\r\n\r\n\r\n<h2 class=\"wp-block-heading\">Derechos<\/h2>\r\n\r\n\r\n\r\n<p>Acceder, rectificar y suprimir los datos, as\u00ed como los dem\u00e1s derechos regulados en el Reglamento (UE) 679\/2016 pueden ser ejercidos dirigi\u00e9ndose al siguiente domicilio: C.Barcelona, 25 \u00b7 08272 St. Fruitos de Bages (Barcelona) o en la siguiente direcci\u00f3n de correo electr\u00f3nico&nbsp;<a href=\"mailto:info@mentaevents.com\"><strong>info@<\/strong><\/a><strong><a href=\"mailto: info@gincatsytem.com\" data-type=\"mailto\" data-id=\"mailto: info@gincatsytem.com\">gincatsystem<\/a><\/strong><a href=\"mailto:info@mentaevents.com\"><strong>.com<\/strong><\/a><\/p>\r\n\r\n\r\n\r\n<h2 class=\"wp-block-heading\">Conservaci\u00f3n<\/h2>\r\n\r\n\r\n\r\n<p>En caso de que el usuario s\u00f3lo haga una consulta sus datos no ser\u00e1n utilizados por ning\u00fan otro motivo aparte de gestionar la respuesta.<\/p>\r\n\r\n\r\n\r\n<p>Antes del env\u00edo de cualquier solicitud de informaci\u00f3n a trav\u00e9s del correo electr\u00f3nico de contacto de esta p\u00e1gina web, el usuario debe aceptar la pol\u00edtica de privacidad y las condiciones de uso de la misma, con el fin prestar el consentimiento expreso e informado para el tratamiento de los datos con las finalidades indicadas.<\/p>\r\n\r\n\r\n\r\n<p>Los datos personales que el Usuario facilita a&nbsp;<strong>GINCAT SYSTEM<\/strong>&nbsp;deben ser actuales para que la informaci\u00f3n de los registros est\u00e9 actualiza y sin errores. El Usuario responder\u00e1 de la veracidad de los datos facilitados.<\/p>\r\n\r\n\r\n\r\n<p>Menores de edad<\/p>\r\n\r\n\r\n\r\n<p>Los menores de 18 a\u00f1os no pueden ceder sus datos personales a&nbsp;<strong>GINCAT SYSTEM<\/strong>&nbsp;sin el previo consentimiento de sus padres y\/o tutores legales.<\/p>\r\n\r\n\r\n\r\n<p>En el caso que&nbsp;<strong>GINCAT SYSTEM<\/strong>&nbsp;detectara que el usuario es menor de 18 a\u00f1os se reserva el derecho a solicitar una copia de su DNI o documento de identidad equivalente, o, en su caso, la autorizaci\u00f3n de sus padres y\/o tutores legales, causando baja en caso de no acreditar el cumplimiento de este requisito o carencia de respuesta.<\/p>\r\n\r\n\r\n\r\n<h2 class=\"wp-block-heading\">\u00bfQu\u00e9 medidas de seguridad tiene implantada la empresa?<\/h2>\r\n\r\n\r\n\r\n<p><strong>GINCAT SYSTEM<\/strong>&nbsp;informa que tiene implantadas las medidas de seguridad de \u00edndole t\u00e9cnica y organizativas necesarias que garanticen la seguridad de los datos de car\u00e1cter personal del Usuario y eviten su alteraci\u00f3n, p\u00e9rdida, tratamiento y\/o acceso no autorizado de acuerdo con el estado de la tecnolog\u00eda, la naturaleza de los datos almacenados y los riesgos a los que est\u00e1n expuestos, provengan de la acci\u00f3n humana o del medio f\u00edsico o natural, de conformidad con lo previsto en la normativa vigente.<\/p>\r\n","protected":false},"excerpt":{"rendered":"<p>De conformidad con la&nbsp;Ley Org\u00e1nica 3\/2018, de 5 de diciembre, de Protecci\u00f3n de Datos Personales y Garant\u00edas de los Derechos Digitales,&nbsp;y del Reglamento (UE) 2016\/679, de 27 de abril de 2016, relativo a la protecci\u00f3n de las personas f\u00edsicas en lo que se refiere al tratamiento de datos personales ya la libre circulaci\u00f3n de estos datos,&nbsp;GINCAT SYSTEM&nbsp;informa a los Usuarios que naveguen y accedan al sitio web&nbsp;www.gincatsystem.com&nbsp;sobre los tratamientos de datos personales realizados: Responsable GINCAT SYSTEM, S.L.B64140007C.Barcelona, 25 \u00b7 08272 St. Fruitos de Bages (Barcelona) Finalitat Gestionar los datos a los que la empresa accede como consecuencia de la navegaci\u00f3n, consulta y\/o solicitud, as\u00ed como la contrataci\u00f3n de servicios a trav\u00e9s del sitio web y, en su caso, enviar comunicaciones comerciales. Legitimaci\u00f3n Ejecuci\u00f3n de un contrato. Destinatarios No se ceder\u00e1n los datos a terceros, salvo obligaci\u00f3n legal. Derechos Acceder, rectificar y suprimir los datos, as\u00ed como los dem\u00e1s derechos regulados en el Reglamento (UE) 679\/2016 pueden ser ejercidos dirigi\u00e9ndose al siguiente domicilio: C.Barcelona, 25 \u00b7 08272 St. Fruitos de Bages (Barcelona) o en la siguiente direcci\u00f3n de correo electr\u00f3nico&nbsp;info@gincatsystem.com Conservaci\u00f3n En caso de que el usuario s\u00f3lo haga una consulta sus datos no ser\u00e1n utilizados por ning\u00fan otro motivo aparte [&hellip;]<\/p>\n","protected":false},"author":1,"featured_media":0,"parent":0,"menu_order":0,"comment_status":"closed","ping_status":"closed","template":"","meta":{"footnotes":""},"class_list":["post-17948","page","type-page","status-publish","hentry"],"yoast_head":"<!-- This site is optimized with the Yoast SEO plugin v19.10 - https:\/\/yoast.com\/wordpress\/plugins\/seo\/ -->\n<title>GINCAT SYSTEM \u00b7Fabricaci\u00f3n matrices y repuestos en Barcelona<\/title>\n<meta name=\"description\" content=\"Empresa con experiencia en el dise\u00f1o y fabricaci\u00f3n de matrices, repuestos y utillajes para el sector de la automoci\u00f3n, sector el\u00e9ctrico.\" \/>\n<meta name=\"robots\" content=\"index, follow, max-snippet:-1, max-image-preview:large, max-video-preview:-1\" \/>\n<link rel=\"canonical\" href=\"https:\/\/gincatsystem.com\/es\/politica-privacitat\/\" \/>\n<meta property=\"og:locale\" content=\"es_ES\" \/>\n<meta property=\"og:type\" content=\"article\" \/>\n<meta property=\"og:title\" content=\"GINCAT SYSTEM \u00b7Fabricaci\u00f3n matrices y repuestos en Barcelona\" \/>\n<meta property=\"og:description\" content=\"Empresa con experiencia en el dise\u00f1o y fabricaci\u00f3n de matrices, repuestos y utillajes para el sector de la automoci\u00f3n, sector el\u00e9ctrico.\" \/>\n<meta property=\"og:url\" content=\"https:\/\/gincatsystem.com\/es\/politica-privacitat\/\" \/>\n<meta property=\"og:site_name\" content=\"Gincat System \u00b7 Matriceria, estampaci\u00f3 i soldadura\" \/>\n<meta property=\"article:modified_time\" content=\"2022-09-28T10:15:30+00:00\" \/>\n<meta name=\"twitter:card\" content=\"summary_large_image\" \/>\n<meta name=\"twitter:label1\" content=\"Tiempo de lectura\" \/>\n\t<meta name=\"twitter:data1\" content=\"3 minutos\" \/>\n<script type=\"application\/ld+json\" class=\"yoast-schema-graph\">{\"@context\":\"https:\/\/schema.org\",\"@graph\":[{\"@type\":\"WebPage\",\"@id\":\"https:\/\/gincatsystem.com\/es\/politica-privacitat\/\",\"url\":\"https:\/\/gincatsystem.com\/es\/politica-privacitat\/\",\"name\":\"GINCAT SYSTEM \u00b7Fabricaci\u00f3n matrices y repuestos en Barcelona\",\"isPartOf\":{\"@id\":\"https:\/\/gincatsystem.com\/es\/#website\"},\"datePublished\":\"2022-06-21T09:04:45+00:00\",\"dateModified\":\"2022-09-28T10:15:30+00:00\",\"description\":\"Empresa con experiencia en el dise\u00f1o y fabricaci\u00f3n de matrices, repuestos y utillajes para el sector de la automoci\u00f3n, sector el\u00e9ctrico.\",\"breadcrumb\":{\"@id\":\"https:\/\/gincatsystem.com\/es\/politica-privacitat\/#breadcrumb\"},\"inLanguage\":\"es\",\"potentialAction\":[{\"@type\":\"ReadAction\",\"target\":[\"https:\/\/gincatsystem.com\/es\/politica-privacitat\/\"]}]},{\"@type\":\"BreadcrumbList\",\"@id\":\"https:\/\/gincatsystem.com\/es\/politica-privacitat\/#breadcrumb\",\"itemListElement\":[{\"@type\":\"ListItem\",\"position\":1,\"name\":\"Inici\",\"item\":\"https:\/\/gincatsystem.com\/es\/\"},{\"@type\":\"ListItem\",\"position\":2,\"name\":\"Pol\u00edtica de Privacitat\"}]},{\"@type\":\"WebSite\",\"@id\":\"https:\/\/gincatsystem.com\/es\/#website\",\"url\":\"https:\/\/gincatsystem.com\/es\/\",\"name\":\"Gincat System \u00b7 Matriceria, estampaci\u00f3 i soldadura\",\"description\":\"Disseny i fabricaci\u00f3 de matrius, recanvis i utillatges per a sectors com l&#039;automoci\u00f3 i el sector el\u00e8ctric.\",\"publisher\":{\"@id\":\"https:\/\/gincatsystem.com\/es\/#organization\"},\"potentialAction\":[{\"@type\":\"SearchAction\",\"target\":{\"@type\":\"EntryPoint\",\"urlTemplate\":\"https:\/\/gincatsystem.com\/es\/?s={search_term_string}\"},\"query-input\":\"required name=search_term_string\"}],\"inLanguage\":\"es\"},{\"@type\":\"Organization\",\"@id\":\"https:\/\/gincatsystem.com\/es\/#organization\",\"name\":\"Gincat System \u00b7 Matriceria, estampaci\u00f3 i soldadura\",\"url\":\"https:\/\/gincatsystem.com\/es\/\",\"logo\":{\"@type\":\"ImageObject\",\"inLanguage\":\"es\",\"@id\":\"https:\/\/gincatsystem.com\/es\/#\/schema\/logo\/image\/\",\"url\":\"https:\/\/gincatsystem.com\/wp-content\/uploads\/2022\/08\/LOGOTIP-FOOTER2.png\",\"contentUrl\":\"https:\/\/gincatsystem.com\/wp-content\/uploads\/2022\/08\/LOGOTIP-FOOTER2.png\",\"width\":307,\"height\":82,\"caption\":\"Gincat System \u00b7 Matriceria, estampaci\u00f3 i soldadura\"},\"image\":{\"@id\":\"https:\/\/gincatsystem.com\/es\/#\/schema\/logo\/image\/\"}}]}<\/script>\n<!-- \/ Yoast SEO plugin. -->","yoast_head_json":{"title":"GINCAT SYSTEM \u00b7Fabricaci\u00f3n matrices y repuestos en Barcelona","description":"Empresa con experiencia en el dise\u00f1o y fabricaci\u00f3n de matrices, repuestos y utillajes para el sector de la automoci\u00f3n, sector el\u00e9ctrico.","robots":{"index":"index","follow":"follow","max-snippet":"max-snippet:-1","max-image-preview":"max-image-preview:large","max-video-preview":"max-video-preview:-1"},"canonical":"https:\/\/gincatsystem.com\/es\/politica-privacitat\/","og_locale":"es_ES","og_type":"article","og_title":"GINCAT SYSTEM \u00b7Fabricaci\u00f3n matrices y repuestos en Barcelona","og_description":"Empresa con experiencia en el dise\u00f1o y fabricaci\u00f3n de matrices, repuestos y utillajes para el sector de la automoci\u00f3n, sector el\u00e9ctrico.","og_url":"https:\/\/gincatsystem.com\/es\/politica-privacitat\/","og_site_name":"Gincat System \u00b7 Matriceria, estampaci\u00f3 i soldadura","article_modified_time":"2022-09-28T10:15:30+00:00","twitter_card":"summary_large_image","twitter_misc":{"Tiempo de lectura":"3 minutos"},"schema":{"@context":"https:\/\/schema.org","@graph":[{"@type":"WebPage","@id":"https:\/\/gincatsystem.com\/es\/politica-privacitat\/","url":"https:\/\/gincatsystem.com\/es\/politica-privacitat\/","name":"GINCAT SYSTEM \u00b7Fabricaci\u00f3n matrices y repuestos en Barcelona","isPartOf":{"@id":"https:\/\/gincatsystem.com\/es\/#website"},"datePublished":"2022-06-21T09:04:45+00:00","dateModified":"2022-09-28T10:15:30+00:00","description":"Empresa con experiencia en el dise\u00f1o y fabricaci\u00f3n de matrices, repuestos y utillajes para el sector de la automoci\u00f3n, sector el\u00e9ctrico.","breadcrumb":{"@id":"https:\/\/gincatsystem.com\/es\/politica-privacitat\/#breadcrumb"},"inLanguage":"es","potentialAction":[{"@type":"ReadAction","target":["https:\/\/gincatsystem.com\/es\/politica-privacitat\/"]}]},{"@type":"BreadcrumbList","@id":"https:\/\/gincatsystem.com\/es\/politica-privacitat\/#breadcrumb","itemListElement":[{"@type":"ListItem","position":1,"name":"Inici","item":"https:\/\/gincatsystem.com\/es\/"},{"@type":"ListItem","position":2,"name":"Pol\u00edtica de Privacitat"}]},{"@type":"WebSite","@id":"https:\/\/gincatsystem.com\/es\/#website","url":"https:\/\/gincatsystem.com\/es\/","name":"Gincat System \u00b7 Matriceria, estampaci\u00f3 i soldadura","description":"Disseny i fabricaci\u00f3 de matrius, recanvis i utillatges per a sectors com l&#039;automoci\u00f3 i el sector el\u00e8ctric.","publisher":{"@id":"https:\/\/gincatsystem.com\/es\/#organization"},"potentialAction":[{"@type":"SearchAction","target":{"@type":"EntryPoint","urlTemplate":"https:\/\/gincatsystem.com\/es\/?s={search_term_string}"},"query-input":"required name=search_term_string"}],"inLanguage":"es"},{"@type":"Organization","@id":"https:\/\/gincatsystem.com\/es\/#organization","name":"Gincat System \u00b7 Matriceria, estampaci\u00f3 i soldadura","url":"https:\/\/gincatsystem.com\/es\/","logo":{"@type":"ImageObject","inLanguage":"es","@id":"https:\/\/gincatsystem.com\/es\/#\/schema\/logo\/image\/","url":"https:\/\/gincatsystem.com\/wp-content\/uploads\/2022\/08\/LOGOTIP-FOOTER2.png","contentUrl":"https:\/\/gincatsystem.com\/wp-content\/uploads\/2022\/08\/LOGOTIP-FOOTER2.png","width":307,"height":82,"caption":"Gincat System \u00b7 Matriceria, estampaci\u00f3 i soldadura"},"image":{"@id":"https:\/\/gincatsystem.com\/es\/#\/schema\/logo\/image\/"}}]}},"_links":{"self":[{"href":"https:\/\/gincatsystem.com\/es\/wp-json\/wp\/v2\/pages\/17948","targetHints":{"allow":["GET"]}}],"collection":[{"href":"https:\/\/gincatsystem.com\/es\/wp-json\/wp\/v2\/pages"}],"about":[{"href":"https:\/\/gincatsystem.com\/es\/wp-json\/wp\/v2\/types\/page"}],"author":[{"embeddable":true,"href":"https:\/\/gincatsystem.com\/es\/wp-json\/wp\/v2\/users\/1"}],"replies":[{"embeddable":true,"href":"https:\/\/gincatsystem.com\/es\/wp-json\/wp\/v2\/comments?post=17948"}],"version-history":[{"count":3,"href":"https:\/\/gincatsystem.com\/es\/wp-json\/wp\/v2\/pages\/17948\/revisions"}],"predecessor-version":[{"id":17953,"href":"https:\/\/gincatsystem.com\/es\/wp-json\/wp\/v2\/pages\/17948\/revisions\/17953"}],"wp:attachment":[{"href":"https:\/\/gincatsystem.com\/es\/wp-json\/wp\/v2\/media?parent=17948"}],"curies":[{"name":"wp","href":"https:\/\/api.w.org\/{rel}","templated":true}]}}