{"id":17938,"date":"2022-08-02T08:22:47","date_gmt":"2022-08-02T08:22:47","guid":{"rendered":"https:\/\/gincatsystem.com\/avis-legal-2\/"},"modified":"2022-09-29T06:15:23","modified_gmt":"2022-09-29T06:15:23","slug":"avis-legal-2","status":"publish","type":"page","link":"https:\/\/gincatsystem.com\/es\/avis-legal-2\/","title":{"rendered":"Aviso Legal"},"content":{"rendered":"\r\n<h2 class=\"wp-block-heading\"><\/h2>\r\n\r\n\r\n\r\n<p>En cumplimiento de la Ley 34\/2002, de 11 de julio, de Servicios de la Sociedad de la Informaci\u00f3n y de Comercio electr\u00f3nico, se informa al Usuario que el titular de la p\u00e1gina web www.gincatsystem.com es de&nbsp;GINCAT SYSTEM, S.L.&nbsp;y sus datos de identificaci\u00f3n son:<br>Domicilio: C.Barcelona, 25<br>CP: 08272 Poblaci\u00f3n: St. Fruitos de Bages Provincia: Barcelona<br>CIF: B64140007<\/p>\r\n\r\n\r\n\r\n<h2 class=\"wp-block-heading\">1. Acceder a la p\u00e1gina web<\/h2>\r\n\r\n\r\n\r\n<p>El aviso legal regula el acceso y uso de los Usuarios a la p\u00e1gina web y tiene por objeto dar a conocer los productos de la entidad y permitir el acceso general de todos los usuarios de Internet.<br>El acceso y \/ o uso de la Web atribuye a quien lo realiza la condici\u00f3n de usuario y la aceptaci\u00f3n, sin reservas de ninguna clase, de todas y cada una de las presentes condiciones generales, as\u00ed como de aquellas otras particulares que, en su caso, rijan la utilizaci\u00f3n del Portal o de los servicios vinculados al mismo.<br>El usuario debe leer atentamente el Aviso Legal y las pol\u00edticas de privacidad y de Cookies cuando se proponga utilizar la p\u00e1gina web, ya que&nbsp;<strong>GINCAT SYSTEM<\/strong>&nbsp;se reserva la facultad de realizar, en cualquier momento y sin necesidad de ning\u00fan preaviso, cualquier modificaci\u00f3n o actualizaci\u00f3n de los contenidos y servicios, de las presentes disposiciones de acceso y uso y, en general, de cuantos elementos integren el dise\u00f1o y configuraci\u00f3n de la su web. Si no acepta las condiciones de acceso y uso, le rogamos se abstenga de utilizar la Web y su contenido.<\/p>\r\n\r\n\r\n\r\n<h2 class=\"wp-block-heading\">2. Utilitzaci\u00f3n de la p\u00e1gina web<\/h2>\r\n\r\n\r\n\r\n<p>El Usuario se compromete a hacer un uso diligente de la p\u00e1gina web, as\u00ed como de la informaci\u00f3n relativa a sus servicios y actividades, con total sujeci\u00f3n tanto a la normativa aplicable, as\u00ed como con la moral y buenas costumbres generalmente aceptadas y la orden p\u00fablico, las condiciones de acceso y uso y cualesquiera otras condiciones establecidas en la p\u00e1gina web.<br>Adem\u00e1s, se compromete a abstenerse de utilizar cualquiera de los contenidos con fines o efectos il\u00edcitos, prohibidos en el presente texto, lesivos de los derechos e intereses de terceros, o que de cualquier forma puedan da\u00f1ar, inutilizar, sobrecargar, deteriorar o impedir la utilizaci\u00f3n normal de los contenidos, otros Usuarios o de cualquier usuario de Internet (hardware y software).<\/p>\r\n\r\n\r\n\r\n<h2 class=\"wp-block-heading\">3. Funcionamiento de la p\u00e1gina web<\/h2>\r\n\r\n\r\n\r\n<p>En caso de incumplimiento de las condiciones del Aviso Legal, o las pol\u00edticas de privacidad y cookies,&nbsp;<strong>GINCAT SYSTEM<\/strong>&nbsp;se reserva el derecho a limitar, suspender y\/o excluir el acceso a su p\u00e1gina web, adoptando cualquier medida t\u00e9cnica necesaria al respecto.&nbsp;<strong>GINCAT SYSTEM<\/strong>&nbsp;har\u00e1 lo posible por mantener la p\u00e1gina web en buen funcionamiento, evitando errores, o bien repar\u00e1ndolos y manteniendo los contenidos actualizados. Ahora bien,&nbsp;<strong>GINCAT SYSTEM<\/strong>&nbsp;no garantiza la disponibilidad y continuidad en el acceso a la p\u00e1gina web ni la inexistencia de errores en el contenido.<\/p>\r\n\r\n\r\n\r\n<h2 class=\"wp-block-heading\">4. Responsabilidad<\/h2>\r\n\r\n\r\n\r\n<p>El Usuario es el \u00fanico responsable del uso que pueda hacerse de cualquier informaci\u00f3n o mecanismo de la p\u00e1gina web.<br><strong><strong>GINCAT SYSTEM<\/strong><\/strong>&nbsp;no se har\u00e1 responsable de ning\u00fan da\u00f1o en el hardware y\/o software del Usuario que se derive del acceso y uso de la p\u00e1gina web. Asimismo, tampoco se responsabilizar\u00e1 de estos da\u00f1os y\/o perjuicios que se puedan ocasionar por el acceso y\/o uso de la informaci\u00f3n de la p\u00e1gina web, y en concreto de los que puedan producirse en sistemas inform\u00e1ticos o los provocados por virus \/ o ataques inform\u00e1ticos, ca\u00eddas, interrupciones ausencia o defecto en las comunicaciones y\/o Internet.<br>El Usuario ser\u00e1 responsable de los da\u00f1os y\/o perjuicios que&nbsp;<strong><strong>GINCAT SYSTEM<\/strong><\/strong>&nbsp;pueda sufrir como consecuencia del incumplimiento de cualquiera de las obligaciones a las que queda sometido a trav\u00e9s del presente Aviso Legal, la normativa aplicable y Pol\u00edtica de Privacidad y de Cookies.<\/p>\r\n\r\n\r\n\r\n<h2 class=\"wp-block-heading\">5. Pol\u00edtica en materia de \u201cLinks\u201d (Web enlazante y enlazada)<\/h2>\r\n\r\n\r\n\r\n<p><strong>\u00b7Web enlazante<\/strong><br>Los terceros que tengan la intenci\u00f3n de incluir en una p\u00e1gina web un enlace de la presente p\u00e1gina tendr\u00e1n que cumplir con la legislaci\u00f3n vigente y no podr\u00e1n alojar contenidos que sean inapropiados, il\u00edcitos, pornogr\u00e1ficos, violentos, etc.<\/p>\r\n\r\n\r\n\r\n<p>En ning\u00fan caso&nbsp;<strong><strong><strong>GINCAT SYSTEM<\/strong><\/strong><\/strong>&nbsp;se hace responsable del contenido de la p\u00e1gina web, ni promueve, garantiza, supervisa ni recomienda los contenidos de la misma.<\/p>\r\n\r\n\r\n\r\n<p>Si la web enlazante incumple alguno de los aspectos anteriores, estar\u00e1 obligado a suprimir el enlace de forma inmediata.<\/p>\r\n\r\n\r\n\r\n<p><strong>\u00b7Web enlazada<\/strong><br>En esta p\u00e1gina web se pueden incluir v\u00ednculos de p\u00e1ginas web de terceros que permitan al Usuario acceder. Sin embargo,&nbsp;<strong><strong>GINCAT SYSTEM<\/strong><\/strong>&nbsp;no se hace responsable del contenido de estas p\u00e1ginas web enlazadas, sino que ser\u00e1 el Usuario el encargado de aceptar y comprobar los accesos cada vez que acceda. la aprobaci\u00f3n, comercializaci\u00f3n o relaci\u00f3n entre la p\u00e1gina y las personas o entidades titulares de los lugares donde se encuentren.<\/p>\r\n\r\n\r\n\r\n<h2 class=\"wp-block-heading\">6. Propiedad Intelectual e Industrial sobre los contenidos<\/h2>\r\n\r\n\r\n\r\n<p><strong><strong><strong>GINCAT SYSTEM<\/strong><\/strong><\/strong>o sus licenciados, son titulares de todos los derechos de propiedad intelectual sobre los contenidos de la p\u00e1gina web, entendiendo como tal todos los dise\u00f1os, bases de datos, programas de ordenadores subyacentes (c\u00f3digo fuente, incluido), as\u00ed como los distintos elementos que integran la p\u00e1gina web (textos, gr\u00e1ficos, fotograf\u00edas, v\u00eddeos, colores, etc.), estructura, orden, etc. En relaci\u00f3n a las marcas y nombres comerciales (\u201csignos distintivos\u201d) son titularidad de<strong><strong><strong>GINCAT SYSTEM<\/strong><\/strong><\/strong>&nbsp;o los licenciados.<br>El uso de la p\u00e1gina web por parte del Usuario no supone la cesi\u00f3n de ning\u00fan derecho de propiedad intelectual ni industrial. El Usuario tiene totalmente prohibido reproducir, copiar, distribuir, poner a disposici\u00f3n o de cualquier otra forma de comunicar p\u00fablicamente, transformar o modificar los Contenidos o Signos distintivos, salvo que se cuente con la autorizaci\u00f3n del titular de los correspondientes derechos o ello resulte legalmente permitido.<\/p>\r\n\r\n\r\n\r\n<h2 class=\"wp-block-heading\">7. Legislaci\u00f3n aplicable<\/h2>\r\n\r\n\r\n\r\n<p>El Aviso Legal se regir\u00e1 e interpretar\u00e1 de conformidad con la legislaci\u00f3n espa\u00f1ola.<br>Para la resoluci\u00f3n de cualquier conflicto que pudiera derivarse del acceso al sitio web, se someter\u00e1n a los juzgados o tribunales pertinentes de conformidad con la normativa de consumidores y usuarios.<\/p>\r\n\r\n\r\n\r\n<h2 class=\"wp-block-heading\">8. Contacto<\/h2>\r\n\r\n\r\n\r\n<p>Para cualquier pregunta o comentario sobre el presente aviso legal puede ponerse en contacto con nosotros a trav\u00e9s del correo electr\u00f3nico&nbsp;<a href=\"mailto:info@gincatsytem.com\" data-type=\"mailto\" data-id=\"mailto:info@gincatsytem.com\">info@gincatsystem.com<\/a><\/p>\r\n","protected":false},"excerpt":{"rendered":"<p>En cumplimiento de la Ley 34\/2002, de 11 de julio, de Servicios de la Sociedad de la Informaci\u00f3n y de Comercio electr\u00f3nico, se informa al Usuario que el titular de la p\u00e1gina web www.gincatsystem.com es de&nbsp;GINCAT SYSTEM, S.L.&nbsp;y sus datos de identificaci\u00f3n son:Domicilio: C.Barcelona, 25CP: 08272 Poblaci\u00f3n: St. Fruitos de Bages Provincia: BarcelonaCIF: B64140007 1. Acceder a la p\u00e1gina web El aviso legal regula el acceso y uso de los Usuarios a la p\u00e1gina web y tiene por objeto dar a conocer los productos de la entidad y permitir el acceso general de todos los usuarios de Internet.El acceso y \/ o uso de la Web atribuye a quien lo realiza la condici\u00f3n de usuario y la aceptaci\u00f3n, sin reservas de ninguna clase, de todas y cada una de las presentes condiciones generales, as\u00ed como de aquellas otras particulares que, en su caso, rijan la utilizaci\u00f3n del Portal o de los servicios vinculados al mismo.El usuario debe leer atentamente el Aviso Legal y las pol\u00edticas de privacidad y de Cookies cuando se proponga utilizar la p\u00e1gina web, ya que&nbsp;GINCAT SYSTEM&nbsp;se reserva la facultad de realizar, en cualquier momento y sin necesidad de ning\u00fan preaviso, cualquier modificaci\u00f3n o actualizaci\u00f3n de los [&hellip;]<\/p>\n","protected":false},"author":1,"featured_media":0,"parent":0,"menu_order":0,"comment_status":"closed","ping_status":"closed","template":"","meta":{"footnotes":""},"class_list":["post-17938","page","type-page","status-publish","hentry"],"yoast_head":"<!-- This site is optimized with the Yoast SEO plugin v19.10 - https:\/\/yoast.com\/wordpress\/plugins\/seo\/ -->\n<title>GINCAT SYSTEM \u00b7 Fabricaci\u00f3n matrices, repuestos Barcelona<\/title>\n<meta name=\"description\" content=\"Empresa con experiencia en el dise\u00f1o y fabricaci\u00f3n de matrices, repuestos y utillajes para el sector de la automoci\u00f3n, sector el\u00e9ctrico...\" \/>\n<meta name=\"robots\" content=\"index, follow, max-snippet:-1, max-image-preview:large, max-video-preview:-1\" \/>\n<link rel=\"canonical\" href=\"https:\/\/gincatsystem.com\/es\/avis-legal-2\/\" \/>\n<meta property=\"og:locale\" content=\"es_ES\" \/>\n<meta property=\"og:type\" content=\"article\" \/>\n<meta property=\"og:title\" content=\"GINCAT SYSTEM \u00b7 Fabricaci\u00f3n matrices, repuestos Barcelona\" \/>\n<meta property=\"og:description\" content=\"Empresa con experiencia en el dise\u00f1o y fabricaci\u00f3n de matrices, repuestos y utillajes para el sector de la automoci\u00f3n, sector el\u00e9ctrico...\" \/>\n<meta property=\"og:url\" content=\"https:\/\/gincatsystem.com\/es\/avis-legal-2\/\" \/>\n<meta property=\"og:site_name\" content=\"Gincat System \u00b7 Matriceria, estampaci\u00f3 i soldadura\" \/>\n<meta property=\"article:modified_time\" content=\"2022-09-29T06:15:23+00:00\" \/>\n<meta name=\"twitter:card\" content=\"summary_large_image\" \/>\n<meta name=\"twitter:label1\" content=\"Tiempo de lectura\" \/>\n\t<meta name=\"twitter:data1\" content=\"5 minutos\" \/>\n<script type=\"application\/ld+json\" class=\"yoast-schema-graph\">{\"@context\":\"https:\/\/schema.org\",\"@graph\":[{\"@type\":\"WebPage\",\"@id\":\"https:\/\/gincatsystem.com\/es\/avis-legal-2\/\",\"url\":\"https:\/\/gincatsystem.com\/es\/avis-legal-2\/\",\"name\":\"GINCAT SYSTEM \u00b7 Fabricaci\u00f3n matrices, repuestos Barcelona\",\"isPartOf\":{\"@id\":\"https:\/\/gincatsystem.com\/es\/#website\"},\"datePublished\":\"2022-08-02T08:22:47+00:00\",\"dateModified\":\"2022-09-29T06:15:23+00:00\",\"description\":\"Empresa con experiencia en el dise\u00f1o y fabricaci\u00f3n de matrices, repuestos y utillajes para el sector de la automoci\u00f3n, sector el\u00e9ctrico...\",\"breadcrumb\":{\"@id\":\"https:\/\/gincatsystem.com\/es\/avis-legal-2\/#breadcrumb\"},\"inLanguage\":\"es\",\"potentialAction\":[{\"@type\":\"ReadAction\",\"target\":[\"https:\/\/gincatsystem.com\/es\/avis-legal-2\/\"]}]},{\"@type\":\"BreadcrumbList\",\"@id\":\"https:\/\/gincatsystem.com\/es\/avis-legal-2\/#breadcrumb\",\"itemListElement\":[{\"@type\":\"ListItem\",\"position\":1,\"name\":\"Inici\",\"item\":\"https:\/\/gincatsystem.com\/es\/\"},{\"@type\":\"ListItem\",\"position\":2,\"name\":\"Aviso Legal\"}]},{\"@type\":\"WebSite\",\"@id\":\"https:\/\/gincatsystem.com\/es\/#website\",\"url\":\"https:\/\/gincatsystem.com\/es\/\",\"name\":\"Gincat System \u00b7 Matriceria, estampaci\u00f3 i soldadura\",\"description\":\"Disseny i fabricaci\u00f3 de matrius, recanvis i utillatges per a sectors com l&#039;automoci\u00f3 i el sector el\u00e8ctric.\",\"publisher\":{\"@id\":\"https:\/\/gincatsystem.com\/es\/#organization\"},\"potentialAction\":[{\"@type\":\"SearchAction\",\"target\":{\"@type\":\"EntryPoint\",\"urlTemplate\":\"https:\/\/gincatsystem.com\/es\/?s={search_term_string}\"},\"query-input\":\"required name=search_term_string\"}],\"inLanguage\":\"es\"},{\"@type\":\"Organization\",\"@id\":\"https:\/\/gincatsystem.com\/es\/#organization\",\"name\":\"Gincat System \u00b7 Matriceria, estampaci\u00f3 i soldadura\",\"url\":\"https:\/\/gincatsystem.com\/es\/\",\"logo\":{\"@type\":\"ImageObject\",\"inLanguage\":\"es\",\"@id\":\"https:\/\/gincatsystem.com\/es\/#\/schema\/logo\/image\/\",\"url\":\"https:\/\/gincatsystem.com\/wp-content\/uploads\/2022\/08\/LOGOTIP-FOOTER2.png\",\"contentUrl\":\"https:\/\/gincatsystem.com\/wp-content\/uploads\/2022\/08\/LOGOTIP-FOOTER2.png\",\"width\":307,\"height\":82,\"caption\":\"Gincat System \u00b7 Matriceria, estampaci\u00f3 i soldadura\"},\"image\":{\"@id\":\"https:\/\/gincatsystem.com\/es\/#\/schema\/logo\/image\/\"}}]}<\/script>\n<!-- \/ Yoast SEO plugin. -->","yoast_head_json":{"title":"GINCAT SYSTEM \u00b7 Fabricaci\u00f3n matrices, repuestos Barcelona","description":"Empresa con experiencia en el dise\u00f1o y fabricaci\u00f3n de matrices, repuestos y utillajes para el sector de la automoci\u00f3n, sector el\u00e9ctrico...","robots":{"index":"index","follow":"follow","max-snippet":"max-snippet:-1","max-image-preview":"max-image-preview:large","max-video-preview":"max-video-preview:-1"},"canonical":"https:\/\/gincatsystem.com\/es\/avis-legal-2\/","og_locale":"es_ES","og_type":"article","og_title":"GINCAT SYSTEM \u00b7 Fabricaci\u00f3n matrices, repuestos Barcelona","og_description":"Empresa con experiencia en el dise\u00f1o y fabricaci\u00f3n de matrices, repuestos y utillajes para el sector de la automoci\u00f3n, sector el\u00e9ctrico...","og_url":"https:\/\/gincatsystem.com\/es\/avis-legal-2\/","og_site_name":"Gincat System \u00b7 Matriceria, estampaci\u00f3 i soldadura","article_modified_time":"2022-09-29T06:15:23+00:00","twitter_card":"summary_large_image","twitter_misc":{"Tiempo de lectura":"5 minutos"},"schema":{"@context":"https:\/\/schema.org","@graph":[{"@type":"WebPage","@id":"https:\/\/gincatsystem.com\/es\/avis-legal-2\/","url":"https:\/\/gincatsystem.com\/es\/avis-legal-2\/","name":"GINCAT SYSTEM \u00b7 Fabricaci\u00f3n matrices, repuestos Barcelona","isPartOf":{"@id":"https:\/\/gincatsystem.com\/es\/#website"},"datePublished":"2022-08-02T08:22:47+00:00","dateModified":"2022-09-29T06:15:23+00:00","description":"Empresa con experiencia en el dise\u00f1o y fabricaci\u00f3n de matrices, repuestos y utillajes para el sector de la automoci\u00f3n, sector el\u00e9ctrico...","breadcrumb":{"@id":"https:\/\/gincatsystem.com\/es\/avis-legal-2\/#breadcrumb"},"inLanguage":"es","potentialAction":[{"@type":"ReadAction","target":["https:\/\/gincatsystem.com\/es\/avis-legal-2\/"]}]},{"@type":"BreadcrumbList","@id":"https:\/\/gincatsystem.com\/es\/avis-legal-2\/#breadcrumb","itemListElement":[{"@type":"ListItem","position":1,"name":"Inici","item":"https:\/\/gincatsystem.com\/es\/"},{"@type":"ListItem","position":2,"name":"Aviso Legal"}]},{"@type":"WebSite","@id":"https:\/\/gincatsystem.com\/es\/#website","url":"https:\/\/gincatsystem.com\/es\/","name":"Gincat System \u00b7 Matriceria, estampaci\u00f3 i soldadura","description":"Disseny i fabricaci\u00f3 de matrius, recanvis i utillatges per a sectors com l&#039;automoci\u00f3 i el sector el\u00e8ctric.","publisher":{"@id":"https:\/\/gincatsystem.com\/es\/#organization"},"potentialAction":[{"@type":"SearchAction","target":{"@type":"EntryPoint","urlTemplate":"https:\/\/gincatsystem.com\/es\/?s={search_term_string}"},"query-input":"required name=search_term_string"}],"inLanguage":"es"},{"@type":"Organization","@id":"https:\/\/gincatsystem.com\/es\/#organization","name":"Gincat System \u00b7 Matriceria, estampaci\u00f3 i soldadura","url":"https:\/\/gincatsystem.com\/es\/","logo":{"@type":"ImageObject","inLanguage":"es","@id":"https:\/\/gincatsystem.com\/es\/#\/schema\/logo\/image\/","url":"https:\/\/gincatsystem.com\/wp-content\/uploads\/2022\/08\/LOGOTIP-FOOTER2.png","contentUrl":"https:\/\/gincatsystem.com\/wp-content\/uploads\/2022\/08\/LOGOTIP-FOOTER2.png","width":307,"height":82,"caption":"Gincat System \u00b7 Matriceria, estampaci\u00f3 i soldadura"},"image":{"@id":"https:\/\/gincatsystem.com\/es\/#\/schema\/logo\/image\/"}}]}},"_links":{"self":[{"href":"https:\/\/gincatsystem.com\/es\/wp-json\/wp\/v2\/pages\/17938","targetHints":{"allow":["GET"]}}],"collection":[{"href":"https:\/\/gincatsystem.com\/es\/wp-json\/wp\/v2\/pages"}],"about":[{"href":"https:\/\/gincatsystem.com\/es\/wp-json\/wp\/v2\/types\/page"}],"author":[{"embeddable":true,"href":"https:\/\/gincatsystem.com\/es\/wp-json\/wp\/v2\/users\/1"}],"replies":[{"embeddable":true,"href":"https:\/\/gincatsystem.com\/es\/wp-json\/wp\/v2\/comments?post=17938"}],"version-history":[{"count":4,"href":"https:\/\/gincatsystem.com\/es\/wp-json\/wp\/v2\/pages\/17938\/revisions"}],"predecessor-version":[{"id":18012,"href":"https:\/\/gincatsystem.com\/es\/wp-json\/wp\/v2\/pages\/17938\/revisions\/18012"}],"wp:attachment":[{"href":"https:\/\/gincatsystem.com\/es\/wp-json\/wp\/v2\/media?parent=17938"}],"curies":[{"name":"wp","href":"https:\/\/api.w.org\/{rel}","templated":true}]}}