{"id":17923,"date":"2015-01-06T16:48:30","date_gmt":"2015-01-06T16:48:30","guid":{"rendered":"https:\/\/gincatsystem.com\/serveis\/"},"modified":"2022-09-29T06:43:37","modified_gmt":"2022-09-29T06:43:37","slug":"serveis","status":"publish","type":"page","link":"https:\/\/gincatsystem.com\/es\/serveis\/","title":{"rendered":"Servicios"},"content":{"rendered":"<p>[vc_row bg_image=\u00bb15875&#8243; parallax_bg=\u00bbtrue\u00bb bg_color=\u00bb#f9f9f9&#8243; top_padding=\u00bb290&#8243; bottom_padding=\u00bb200&#8243;][vc_column width=\u00bb1\/1&#8243;]<h1 class=\"headline font-inherit fontsize-xxxxxl fontweight-300 lh-13 align-left transform-inherit \" style=\"margin: 0 0 20px 0; color: #ffffff;\">En constante<br \/>\nesfuerzo por la calidad.<\/h1><div class=\"headline font-inherit fontsize-l fontweight-400 lh-inherit align-left transform-inherit \" style=\"margin: 0; color: #ffffff;\">GINCAT SYSTEM dispone de la maquinaria m\u00e1s avanzada; erosi\u00f3n por hilo CNC, erosi\u00f3n por penetraci\u00f3n, fresas, tornos, prensas, etc. lo que nos permite ofrecer una calidad de vanguardia a nuestros productos.<\/div>[\/vc_column][\/vc_row][vc_row top_padding=\u00bb100&#8243; bottom_padding=\u00bb100&#8243; bg_position=\u00bbleft top\u00bb][vc_column width=\u00bb1\/3&#8243;]<div class=\"single_image wpb_content_element align-left    \" data-animation=\"none\" data-delay=\"0\"><img loading=\"lazy\" decoding=\"async\" width=\"257\" height=\"214\" src=\"https:\/\/gincatsystem.com\/wp-content\/uploads\/2022\/07\/MATRICERIA-1.png\" class=\"attachment-full\" alt=\"GINCAT SYSTEM \u00b7 Fabricaci\u00f3 de matrius,recanvis utillatges Barcelona\" title=\"MATRICERIA\" \/><\/div>[vc_column_text]<\/p>\n<h6>Matriceria<\/h6>\n<p>Contamos con la capacidad t\u00e9cnica para construir matrices y utillajes para los distintos sectores de la industria, <span class=\"hiddenSpellError\">GINCAT<\/span>\u00a0<span class=\"hiddenSpellError\">SYSTEM<\/span> ofrece diferentes tecnolog\u00edas en matrices convencionales, progresivas y embutici\u00f3n, automatismos, estampaci\u00f3n y mecanizados.[\/vc_column_text][\/vc_column][vc_column width=\u00bb1\/3&#8243;]<div class=\"single_image wpb_content_element align-left    \" data-animation=\"none\" data-delay=\"0\"><img loading=\"lazy\" decoding=\"async\" width=\"257\" height=\"214\" src=\"https:\/\/gincatsystem.com\/wp-content\/uploads\/2022\/07\/ESTAMPACIO-1.png\" class=\"attachment-full\" alt=\"GINCAT SYSTEM \u00b7 Fabricaci\u00f3 de matrius,recanvis utillatges Barcelona\" title=\"ESTAMPACIO\" \/><\/div>[vc_column_text]<\/p>\n<h6>Estampaci\u00f3n<\/h6>\n<p>GINCAT SYSTEM cuenta con l\u00edneas de estampaci\u00f3n convencionales y progresivas para peque\u00f1as, medianas y grandes series.[\/vc_column_text][\/vc_column][vc_column width=\u00bb1\/3&#8243;]<div class=\"single_image wpb_content_element align-left    \" data-animation=\"none\" data-delay=\"0\"><img loading=\"lazy\" decoding=\"async\" width=\"257\" height=\"214\" src=\"https:\/\/gincatsystem.com\/wp-content\/uploads\/2022\/07\/SOLDADURA-1.png\" class=\"attachment-full\" alt=\"GINCAT SYSTEM \u00b7 Fabricaci\u00f3 de matrius,recanvis utillatges Barcelona\" title=\"SOLDADURA\" \/><\/div>[vc_column_text]<\/p>\n<h6>Soldadura<\/h6>\n<p>La secci\u00f3n de soldadura est\u00e1 lista para cumplir toda la normativa del sector. Disponemos de prensa de soldadura por puntos.[\/vc_column_text][\/vc_column][\/vc_row][vc_row bg_image=\u00bb15693&#8243; parallax_bg=\u00bbtrue\u00bb text_color=\u00bblight\u00bb text_align=\u00bbcenter\u00bb top_padding=\u00bb140&#8243; bottom_padding=\u00bb140&#8243;][vc_column width=\u00bb1\/1&#8243;]<h3 class=\"headline font-inherit fontsize-xxxxl fontweight-300 lh-inherit align-center transform-inherit \" style=\"margin: 0 0 20px 0;\">Dise\u00f1o y desarrollo.<\/h3><div class=\"headline font-inherit fontsize-m fontweight-400 lh-inherit align-center transform-inherit \" style=\"margin: 0 0 40px 0; color: rgba(255,255,255,0.7);\">Considerando las actuales exigencias del mercado en calidad del producto,<br \/>\nGINCAT SYSTEM dispone de la maquinaria m\u00e1s avanzada.<\/div><a href=\"https:\/\/gincatsystem.com\/es\/contacte\/\" target=\"_self\" class=\"button button-appear color-3 large \" style=\"border-radius: 2px;\"><span>Contacta con nosotros<i class='fa fa-envelope'><\/i><\/span><\/a>[\/vc_column][\/vc_row][vc_row top_padding=\u00bb100&#8243; bottom_padding=\u00bb100&#8243; bg_position=\u00bbleft top\u00bb][vc_column width=\u00bb1\/2&#8243;][vc_column_text]<\/p>\n<h6>12 Prensas<\/h6>\n<p>Dise\u00f1o, calidad y eficiencia en instalaciones destinadas a la fabricaci\u00f3n de piezas.<\/p>\n<ul class=\"highlight\">\n<li>1 SanGiacomo prensa de 400 Tm <span class=\"hiddenGrammarError\">doble<\/span>\u00a0montant<\/li>\n<li>3 prensas de 40 Tm doble montante (r\u00e1pidas).<\/li>\n<li>4 prensas de 40 Tm<\/li>\n<li>3 prensas de 125 Tm<\/li>\n<li>1 prensas de 60 Tm<\/li>\n<\/ul>\n<p>[\/vc_column_text][\/vc_column][vc_column width=\u00bb1\/2&#8243;][vc_column_text]<\/p>\n<h6>14 M\u00e1quinas para hacer matrices<\/h6>\n<p>Entre otros equipos y herramientas que se utilizan para hacer matrices y piezas de repuesto.<\/p>\n<ul class=\"highlight\">\n<li>4 EDM M\u00e1quinas<\/li>\n<li>4 Fresadoras<\/li>\n<li>1 Torno<\/li>\n<li>3 M\u00e1quinas de perforaci\u00f3n<\/li>\n<li>2 M\u00e1quinas de rectificar<\/li>\n<li>1 M\u00e1quina de enroscar<\/li>\n<\/ul>\n<p>[\/vc_column_text][\/vc_column][\/vc_row][vc_row bg_color=\u00bb#fafafa\u00bb text_align=\u00bbcenter\u00bb top_padding=\u00bb60&#8243; bottom_padding=\u00bb50&#8243; bg_position=\u00bbleft top\u00bb][vc_column]<h5 class=\"headline font-special fontsize-xxl fontweight-300 lh-inherit align-center transform-inherit \" style=\"margin: 0 0 20px 0;\"><u>Clientes<\/u><\/h5>[\/vc_column][vc_column width=\u00bb1\/6&#8243;][vc_column_text]<img loading=\"lazy\" decoding=\"async\" class=\"alignnone size-full wp-image-15661\" src=\"https:\/\/gincatsystem.com\/wp-content\/uploads\/2022\/07\/TW.png\" alt=\"\" width=\"150\" height=\"74\" \/>[\/vc_column_text][\/vc_column][vc_column width=\u00bb1\/6&#8243;][vc_column_text]<img loading=\"lazy\" decoding=\"async\" class=\"alignnone size-full wp-image-15662\" src=\"https:\/\/gincatsystem.com\/wp-content\/uploads\/2022\/07\/SCHNEIDER-ELECTRIC.png\" alt=\"\" width=\"150\" height=\"74\" \/>[\/vc_column_text][\/vc_column][vc_column width=\u00bb1\/6&#8243;][vc_column_text]<img loading=\"lazy\" decoding=\"async\" class=\"alignnone size-full wp-image-15663\" src=\"https:\/\/gincatsystem.com\/wp-content\/uploads\/2022\/07\/ABB.png\" alt=\"\" width=\"150\" height=\"74\" \/>[\/vc_column_text][\/vc_column][vc_column width=\u00bb1\/6&#8243;][vc_column_text]<img loading=\"lazy\" decoding=\"async\" class=\"alignnone size-full wp-image-15664\" src=\"https:\/\/gincatsystem.com\/wp-content\/uploads\/2022\/07\/ROCA.png\" alt=\"\" width=\"150\" height=\"74\" \/>[\/vc_column_text][\/vc_column][vc_column width=\u00bb1\/6&#8243;][vc_column_text]<img loading=\"lazy\" decoding=\"async\" class=\"alignnone size-full wp-image-15665\" src=\"https:\/\/gincatsystem.com\/wp-content\/uploads\/2022\/07\/SIMON.png\" alt=\"\" width=\"150\" height=\"74\" \/>[\/vc_column_text][\/vc_column][vc_column width=\u00bb1\/6&#8243;][vc_column_text]<img loading=\"lazy\" decoding=\"async\" class=\"alignnone size-full wp-image-15666\" src=\"https:\/\/gincatsystem.com\/wp-content\/uploads\/2022\/07\/TEKNIA.png\" alt=\"\" width=\"150\" height=\"74\" \/>[\/vc_column_text][\/vc_column][\/vc_row]<\/p>\n","protected":false},"excerpt":{"rendered":"<p>[vc_row bg_image=\u00bb15875&#8243; parallax_bg=\u00bbtrue\u00bb bg_color=\u00bb#f9f9f9&#8243; top_padding=\u00bb290&#8243; bottom_padding=\u00bb200&#8243;][vc_column width=\u00bb1\/1&#8243;][\/vc_column][\/vc_row][vc_row top_padding=\u00bb100&#8243; bottom_padding=\u00bb100&#8243; bg_position=\u00bbleft top\u00bb][vc_column width=\u00bb1\/3&#8243;][vc_column_text] Matriceria Contamos con la capacidad t\u00e9cnica para construir matrices y utillajes para los distintos sectores de la industria, GINCAT\u00a0SYSTEM ofrece diferentes tecnolog\u00edas en matrices convencionales, progresivas y embutici\u00f3n, automatismos, estampaci\u00f3n y mecanizados.[\/vc_column_text][\/vc_column][vc_column width=\u00bb1\/3&#8243;][vc_column_text] Estampaci\u00f3n GINCAT SYSTEM cuenta con l\u00edneas de estampaci\u00f3n convencionales y progresivas para peque\u00f1as, medianas y grandes series.[\/vc_column_text][\/vc_column][vc_column width=\u00bb1\/3&#8243;][vc_column_text] Soldadura La secci\u00f3n de soldadura est\u00e1 lista para cumplir toda la normativa del sector. Disponemos de prensa de soldadura por puntos.[\/vc_column_text][\/vc_column][\/vc_row][vc_row bg_image=\u00bb15693&#8243; parallax_bg=\u00bbtrue\u00bb text_color=\u00bblight\u00bb text_align=\u00bbcenter\u00bb top_padding=\u00bb140&#8243; bottom_padding=\u00bb140&#8243;][vc_column width=\u00bb1\/1&#8243;][\/vc_column][\/vc_row][vc_row top_padding=\u00bb100&#8243; bottom_padding=\u00bb100&#8243; bg_position=\u00bbleft top\u00bb][vc_column width=\u00bb1\/2&#8243;][vc_column_text] 12 Prensas Dise\u00f1o, calidad y eficiencia en instalaciones destinadas a la fabricaci\u00f3n de piezas. 1 SanGiacomo prensa de 400 Tm doble\u00a0montant 3 prensas de 40 Tm doble montante (r\u00e1pidas). 4 prensas de 40 Tm 3 prensas de 125 Tm 1 prensas de 60 Tm [\/vc_column_text][\/vc_column][vc_column width=\u00bb1\/2&#8243;][vc_column_text] 14 M\u00e1quinas para hacer matrices Entre otros equipos y herramientas que se utilizan para hacer matrices y piezas de repuesto. 4 EDM M\u00e1quinas 4 Fresadoras 1 Torno 3 M\u00e1quinas de perforaci\u00f3n 2 M\u00e1quinas de rectificar 1 M\u00e1quina de enroscar [\/vc_column_text][\/vc_column][\/vc_row][vc_row bg_color=\u00bb#fafafa\u00bb text_align=\u00bbcenter\u00bb top_padding=\u00bb60&#8243; bottom_padding=\u00bb50&#8243; bg_position=\u00bbleft top\u00bb][vc_column][\/vc_column][vc_column width=\u00bb1\/6&#8243;][vc_column_text][\/vc_column_text][\/vc_column][vc_column width=\u00bb1\/6&#8243;][vc_column_text][\/vc_column_text][\/vc_column][vc_column width=\u00bb1\/6&#8243;][vc_column_text][\/vc_column_text][\/vc_column][vc_column width=\u00bb1\/6&#8243;][vc_column_text][\/vc_column_text][\/vc_column][vc_column width=\u00bb1\/6&#8243;][vc_column_text][\/vc_column_text][\/vc_column][vc_column width=\u00bb1\/6&#8243;][vc_column_text][\/vc_column_text][\/vc_column][\/vc_row]<\/p>\n","protected":false},"author":1,"featured_media":0,"parent":0,"menu_order":0,"comment_status":"open","ping_status":"open","template":"","meta":{"footnotes":""},"class_list":["post-17923","page","type-page","status-publish","hentry"],"yoast_head":"<!-- This site is optimized with the Yoast SEO plugin v19.10 - https:\/\/yoast.com\/wordpress\/plugins\/seo\/ -->\n<title>GINCAT SYSTEM \u00b7 Erosi\u00f3n por hilo CNC, fresas, tornos, prensas...<\/title>\n<meta name=\"description\" content=\"GINCAT SYSTEM dispone de la maquinaria m\u00e1s avanzada; erosi\u00f3n por hilo CNC, erosi\u00f3n por penetraci\u00f3n, fresas, tornos, prensas, etc.\" \/>\n<meta name=\"robots\" content=\"index, follow, max-snippet:-1, max-image-preview:large, max-video-preview:-1\" \/>\n<link rel=\"canonical\" href=\"https:\/\/gincatsystem.com\/es\/serveis\/\" \/>\n<meta property=\"og:locale\" content=\"es_ES\" \/>\n<meta property=\"og:type\" content=\"article\" \/>\n<meta property=\"og:title\" content=\"GINCAT SYSTEM \u00b7 Erosi\u00f3n por hilo CNC, fresas, tornos, prensas...\" \/>\n<meta property=\"og:description\" content=\"GINCAT SYSTEM dispone de la maquinaria m\u00e1s avanzada; erosi\u00f3n por hilo CNC, erosi\u00f3n por penetraci\u00f3n, fresas, tornos, prensas, etc.\" \/>\n<meta property=\"og:url\" content=\"https:\/\/gincatsystem.com\/es\/serveis\/\" \/>\n<meta property=\"og:site_name\" content=\"Gincat System \u00b7 Matriceria, estampaci\u00f3 i soldadura\" \/>\n<meta property=\"article:modified_time\" content=\"2022-09-29T06:43:37+00:00\" \/>\n<meta property=\"og:image\" content=\"https:\/\/gincatsystem.com\/wp-content\/uploads\/2022\/07\/TW.png\" \/>\n<meta name=\"twitter:card\" content=\"summary_large_image\" \/>\n<meta name=\"twitter:label1\" content=\"Tiempo de lectura\" \/>\n\t<meta name=\"twitter:data1\" content=\"3 minutos\" \/>\n<script type=\"application\/ld+json\" class=\"yoast-schema-graph\">{\"@context\":\"https:\/\/schema.org\",\"@graph\":[{\"@type\":\"WebPage\",\"@id\":\"https:\/\/gincatsystem.com\/es\/serveis\/\",\"url\":\"https:\/\/gincatsystem.com\/es\/serveis\/\",\"name\":\"GINCAT SYSTEM \u00b7 Erosi\u00f3n por hilo CNC, fresas, tornos, prensas...\",\"isPartOf\":{\"@id\":\"https:\/\/gincatsystem.com\/es\/#website\"},\"datePublished\":\"2015-01-06T16:48:30+00:00\",\"dateModified\":\"2022-09-29T06:43:37+00:00\",\"description\":\"GINCAT SYSTEM dispone de la maquinaria m\u00e1s avanzada; erosi\u00f3n por hilo CNC, erosi\u00f3n por penetraci\u00f3n, fresas, tornos, prensas, etc.\",\"breadcrumb\":{\"@id\":\"https:\/\/gincatsystem.com\/es\/serveis\/#breadcrumb\"},\"inLanguage\":\"es\",\"potentialAction\":[{\"@type\":\"ReadAction\",\"target\":[\"https:\/\/gincatsystem.com\/es\/serveis\/\"]}]},{\"@type\":\"BreadcrumbList\",\"@id\":\"https:\/\/gincatsystem.com\/es\/serveis\/#breadcrumb\",\"itemListElement\":[{\"@type\":\"ListItem\",\"position\":1,\"name\":\"Inici\",\"item\":\"https:\/\/gincatsystem.com\/es\/\"},{\"@type\":\"ListItem\",\"position\":2,\"name\":\"Servicios\"}]},{\"@type\":\"WebSite\",\"@id\":\"https:\/\/gincatsystem.com\/es\/#website\",\"url\":\"https:\/\/gincatsystem.com\/es\/\",\"name\":\"Gincat System \u00b7 Matriceria, estampaci\u00f3 i soldadura\",\"description\":\"Disseny i fabricaci\u00f3 de matrius, recanvis i utillatges per a sectors com l&#039;automoci\u00f3 i el sector el\u00e8ctric.\",\"publisher\":{\"@id\":\"https:\/\/gincatsystem.com\/es\/#organization\"},\"potentialAction\":[{\"@type\":\"SearchAction\",\"target\":{\"@type\":\"EntryPoint\",\"urlTemplate\":\"https:\/\/gincatsystem.com\/es\/?s={search_term_string}\"},\"query-input\":\"required name=search_term_string\"}],\"inLanguage\":\"es\"},{\"@type\":\"Organization\",\"@id\":\"https:\/\/gincatsystem.com\/es\/#organization\",\"name\":\"Gincat System \u00b7 Matriceria, estampaci\u00f3 i soldadura\",\"url\":\"https:\/\/gincatsystem.com\/es\/\",\"logo\":{\"@type\":\"ImageObject\",\"inLanguage\":\"es\",\"@id\":\"https:\/\/gincatsystem.com\/es\/#\/schema\/logo\/image\/\",\"url\":\"https:\/\/gincatsystem.com\/wp-content\/uploads\/2022\/08\/LOGOTIP-FOOTER2.png\",\"contentUrl\":\"https:\/\/gincatsystem.com\/wp-content\/uploads\/2022\/08\/LOGOTIP-FOOTER2.png\",\"width\":307,\"height\":82,\"caption\":\"Gincat System \u00b7 Matriceria, estampaci\u00f3 i soldadura\"},\"image\":{\"@id\":\"https:\/\/gincatsystem.com\/es\/#\/schema\/logo\/image\/\"}}]}<\/script>\n<!-- \/ Yoast SEO plugin. -->","yoast_head_json":{"title":"GINCAT SYSTEM \u00b7 Erosi\u00f3n por hilo CNC, fresas, tornos, prensas...","description":"GINCAT SYSTEM dispone de la maquinaria m\u00e1s avanzada; erosi\u00f3n por hilo CNC, erosi\u00f3n por penetraci\u00f3n, fresas, tornos, prensas, etc.","robots":{"index":"index","follow":"follow","max-snippet":"max-snippet:-1","max-image-preview":"max-image-preview:large","max-video-preview":"max-video-preview:-1"},"canonical":"https:\/\/gincatsystem.com\/es\/serveis\/","og_locale":"es_ES","og_type":"article","og_title":"GINCAT SYSTEM \u00b7 Erosi\u00f3n por hilo CNC, fresas, tornos, prensas...","og_description":"GINCAT SYSTEM dispone de la maquinaria m\u00e1s avanzada; erosi\u00f3n por hilo CNC, erosi\u00f3n por penetraci\u00f3n, fresas, tornos, prensas, etc.","og_url":"https:\/\/gincatsystem.com\/es\/serveis\/","og_site_name":"Gincat System \u00b7 Matriceria, estampaci\u00f3 i soldadura","article_modified_time":"2022-09-29T06:43:37+00:00","og_image":[{"url":"https:\/\/gincatsystem.com\/wp-content\/uploads\/2022\/07\/TW.png"}],"twitter_card":"summary_large_image","twitter_misc":{"Tiempo de lectura":"3 minutos"},"schema":{"@context":"https:\/\/schema.org","@graph":[{"@type":"WebPage","@id":"https:\/\/gincatsystem.com\/es\/serveis\/","url":"https:\/\/gincatsystem.com\/es\/serveis\/","name":"GINCAT SYSTEM \u00b7 Erosi\u00f3n por hilo CNC, fresas, tornos, prensas...","isPartOf":{"@id":"https:\/\/gincatsystem.com\/es\/#website"},"datePublished":"2015-01-06T16:48:30+00:00","dateModified":"2022-09-29T06:43:37+00:00","description":"GINCAT SYSTEM dispone de la maquinaria m\u00e1s avanzada; erosi\u00f3n por hilo CNC, erosi\u00f3n por penetraci\u00f3n, fresas, tornos, prensas, etc.","breadcrumb":{"@id":"https:\/\/gincatsystem.com\/es\/serveis\/#breadcrumb"},"inLanguage":"es","potentialAction":[{"@type":"ReadAction","target":["https:\/\/gincatsystem.com\/es\/serveis\/"]}]},{"@type":"BreadcrumbList","@id":"https:\/\/gincatsystem.com\/es\/serveis\/#breadcrumb","itemListElement":[{"@type":"ListItem","position":1,"name":"Inici","item":"https:\/\/gincatsystem.com\/es\/"},{"@type":"ListItem","position":2,"name":"Servicios"}]},{"@type":"WebSite","@id":"https:\/\/gincatsystem.com\/es\/#website","url":"https:\/\/gincatsystem.com\/es\/","name":"Gincat System \u00b7 Matriceria, estampaci\u00f3 i soldadura","description":"Disseny i fabricaci\u00f3 de matrius, recanvis i utillatges per a sectors com l&#039;automoci\u00f3 i el sector el\u00e8ctric.","publisher":{"@id":"https:\/\/gincatsystem.com\/es\/#organization"},"potentialAction":[{"@type":"SearchAction","target":{"@type":"EntryPoint","urlTemplate":"https:\/\/gincatsystem.com\/es\/?s={search_term_string}"},"query-input":"required name=search_term_string"}],"inLanguage":"es"},{"@type":"Organization","@id":"https:\/\/gincatsystem.com\/es\/#organization","name":"Gincat System \u00b7 Matriceria, estampaci\u00f3 i soldadura","url":"https:\/\/gincatsystem.com\/es\/","logo":{"@type":"ImageObject","inLanguage":"es","@id":"https:\/\/gincatsystem.com\/es\/#\/schema\/logo\/image\/","url":"https:\/\/gincatsystem.com\/wp-content\/uploads\/2022\/08\/LOGOTIP-FOOTER2.png","contentUrl":"https:\/\/gincatsystem.com\/wp-content\/uploads\/2022\/08\/LOGOTIP-FOOTER2.png","width":307,"height":82,"caption":"Gincat System \u00b7 Matriceria, estampaci\u00f3 i soldadura"},"image":{"@id":"https:\/\/gincatsystem.com\/es\/#\/schema\/logo\/image\/"}}]}},"_links":{"self":[{"href":"https:\/\/gincatsystem.com\/es\/wp-json\/wp\/v2\/pages\/17923","targetHints":{"allow":["GET"]}}],"collection":[{"href":"https:\/\/gincatsystem.com\/es\/wp-json\/wp\/v2\/pages"}],"about":[{"href":"https:\/\/gincatsystem.com\/es\/wp-json\/wp\/v2\/types\/page"}],"author":[{"embeddable":true,"href":"https:\/\/gincatsystem.com\/es\/wp-json\/wp\/v2\/users\/1"}],"replies":[{"embeddable":true,"href":"https:\/\/gincatsystem.com\/es\/wp-json\/wp\/v2\/comments?post=17923"}],"version-history":[{"count":8,"href":"https:\/\/gincatsystem.com\/es\/wp-json\/wp\/v2\/pages\/17923\/revisions"}],"predecessor-version":[{"id":18021,"href":"https:\/\/gincatsystem.com\/es\/wp-json\/wp\/v2\/pages\/17923\/revisions\/18021"}],"wp:attachment":[{"href":"https:\/\/gincatsystem.com\/es\/wp-json\/wp\/v2\/media?parent=17923"}],"curies":[{"name":"wp","href":"https:\/\/api.w.org\/{rel}","templated":true}]}}