{"id":17898,"date":"2022-07-11T15:28:18","date_gmt":"2022-07-11T15:28:18","guid":{"rendered":"https:\/\/gincatsystem.com\/nosaltres\/"},"modified":"2022-09-27T14:15:24","modified_gmt":"2022-09-27T14:15:24","slug":"nosaltres","status":"publish","type":"page","link":"https:\/\/gincatsystem.com\/es\/nosaltres\/","title":{"rendered":"Nosotros"},"content":{"rendered":"<p>[vc_row bg_image=\u00bb15773&#8243; parallax_bg=\u00bbtrue\u00bb bg_color=\u00bb#f9f9f9&#8243; top_padding=\u00bb290&#8243; bottom_padding=\u00bb200&#8243;][vc_column width=\u00bb1\/1&#8243;]<h1 class=\"headline font-special fontsize-xxxl fontweight-inherit lh-inherit align-center transform-uppercase \" style=\"margin: 90px 0 90px 0; color: #ffffff;\">Somos <strong>GINCAT SYSTEM<\/strong><\/h1>[\/vc_column][\/vc_row][vc_row top_padding=\u00bb100&#8243; bottom_padding=\u00bb100&#8243; bg_position=\u00bbleft top\u00bb][vc_column width=\u00bb1\/2&#8243;][vc_column_text]<\/p>\n<h6>GINCAT SYSTEM<\/h6>\n<p>Somos una empresa con <strong>m\u00e1s de 25 a\u00f1os de experiencia<\/strong> en el sector. En nuestro taller, con una superficie total de 1800m2, disponemos de la tecnolog\u00eda m\u00e1s avanzada, lo que nos permite ofrecer a nuestros clientes la mejor calidad en nuestros productos.[\/vc_column_text][\/vc_column][vc_column width=\u00bb1\/2&#8243;][vc_column_text]<\/p>\n<h6><strong>THE POWER OF EXPERIENCE<\/strong><\/h6>\n<p>Disponemos de proveedores preparados para realizar todo tipo de tratamientos t\u00e9rmicos, recubrimientos y acabados de pieza. Contamos con una amplia experiencia en el dise\u00f1o y fabricaci\u00f3n de matrices, repuestos y utillajes para sectores como la automoci\u00f3n.[\/vc_column_text][\/vc_column][\/vc_row][vc_row bg_image=\u00bb15679&#8243; text_color=\u00bblight\u00bb text_align=\u00bbcenter\u00bb top_padding=\u00bb160&#8243; bottom_padding=\u00bb160&#8243; bg_position=\u00bbleft top\u00bb][vc_column width=\u00bb1\/1&#8243;]<h2 class=\"headline font-special fontsize-xl fontweight-700 lh-16 align-center transform-uppercase \" style=\"margin: 0 0 40px 0;\">Asumimos los proyectos de nuestros<br \/>\nclientes como retos, buscando siempre<br \/>\nla mejor eficiencia y calidad.<\/h2>[vc_column_text]<a href=\"tel:+34938761298\" target=\"_self\" class=\"button color-6 large \" style=\"border-radius: 2px;\">Ll\u00e1manos<\/a> <a href=\"https:\/\/gincatsystem.com\/es\/contacte\/\" target=\"_self\" class=\"button color-7 large \" style=\"border-radius: 2px;\">Contacto<\/a>[\/vc_column_text][\/vc_column][\/vc_row][vc_row][vc_column width=\u00bb1\/1&#8243;]<div class=\"spacer\" style=\"height: 90px;\"><\/div><div class=\"headline font-inherit fontsize-m fontweight-inherit lh-19 align-center transform-inherit \" style=\"margin: 0; color: #666666;\">Descubre nuestras instalaciones<\/div><div class=\"spacer\" style=\"height: 40px;\"><\/div><div class=\"video-embed  wpb_content_element\"><\/div><div class=\"spacer\" style=\"height: 30px;\"><\/div>[\/vc_column][\/vc_row][vc_row bg_color=\u00bb#222222&#8243; text_color=\u00bblight\u00bb top_padding=\u00bb100&#8243; bottom_padding=\u00bb100&#8243; bg_position=\u00bbleft top\u00bb][vc_column width=\u00bb1\/3&#8243;]<div class=\"iconbox  wpb_content_element iconbox-style-2 icon-color-greyscale color-dark clearfix\"><div class=\"iconbox-icon\"><img src='https:\/\/gincatsystem.com\/wp-content\/uploads\/2022\/07\/EMPRESA.png' class='iconimg' alt='Empresa' \/><\/div><div class=\"iconbox-content\"><h3>Empresa<\/h3><div class=\"page\" title=\"Page 2\">\n<div class=\"section\">\n<div class=\"layoutArea\">\n<div class=\"column\">\n<p>Nuestra compa\u00f1\u00eda fue fundada en el a\u00f1o <strong>2006<\/strong>. Gracias a la <strong>localizaci\u00f3n estrat\u00e9gica de nuestra f\u00e1brica<\/strong>, exportamos nuestros productos a todo el mundo.<\/p>\n<\/div>\n<\/div>\n<\/div>\n<\/div><\/div><\/div><div class=\"spacer\" style=\"height: 10px;\"><\/div><div class=\"iconbox  wpb_content_element iconbox-style-2 icon-color-greyscale color-dark clearfix\"><div class=\"iconbox-icon\"><img src='https:\/\/gincatsystem.com\/wp-content\/uploads\/2022\/07\/MAQUINARIA.png' class='iconimg' alt='Maquinaria' \/><\/div><div class=\"iconbox-content\"><h3>Maquinaria<\/h3><p>Disponemos de la maquinaria m\u00e1s avanzada, <strong>12 prensas y 14 m\u00e1quinas para fabricar matrices<\/strong>.<\/p><\/div><\/div>[\/vc_column][vc_column width=\u00bb1\/3&#8243;]<div class=\"iconbox  wpb_content_element iconbox-style-2 icon-color-greyscale color-dark clearfix\"><div class=\"iconbox-icon\"><img src='https:\/\/gincatsystem.com\/wp-content\/uploads\/2022\/07\/PROVEIDORS-1.png' class='iconimg' alt='Proveedores' \/><\/div><div class=\"iconbox-content\"><h3>Proveedores<\/h3><div class=\"page\" title=\"Page 2\">\n<div class=\"section\">\n<div class=\"layoutArea\">\n<div class=\"column\">\n<p>Disponemos de proveedores especializados en todo tipo de <strong>tratamientos t\u00e9rmicos, recubrimientos y acabados de pieza<\/strong>.<\/p>\n<\/div>\n<\/div>\n<\/div>\n<\/div><\/div><\/div><div class=\"spacer\" style=\"height: 10px;\"><\/div><div class=\"iconbox  wpb_content_element iconbox-style-2 icon-color-greyscale color-dark clearfix\"><div class=\"iconbox-icon\"><img src='https:\/\/gincatsystem.com\/wp-content\/uploads\/2022\/07\/PRODUCTES.png' class='iconimg' alt='Productos' \/><\/div><div class=\"iconbox-content\"><h3>Productos<\/h3><div class=\"page\" title=\"Page 2\">\n<div class=\"section\">\n<div class=\"layoutArea\">\n<div class=\"column\">\n<p>Nuestras principales producciones son de <strong>matricer\u00eda, estampaci\u00f3n y soldadura<\/strong>.<\/p>\n<\/div>\n<\/div>\n<\/div>\n<\/div><\/div><\/div>[\/vc_column][vc_column width=\u00bb1\/3&#8243;]<div class=\"iconbox  wpb_content_element iconbox-style-2 icon-color-greyscale color-dark clearfix\"><div class=\"iconbox-icon\"><img src='https:\/\/gincatsystem.com\/wp-content\/uploads\/2022\/07\/FABRICA.png' class='iconimg' alt='Fabrica' \/><\/div><div class=\"iconbox-content\"><h3>Fabrica<\/h3><div class=\"page\" title=\"Page 2\">\n<div class=\"section\">\n<div class=\"layoutArea\">\n<div class=\"column\">\n<p>Situada en Sant Fruit\u00f3s de Bages, disponemos de <strong>prensas de 40 a 400 Tm<\/strong> que le permite estampar piezas en progresivo en todo tipo de materiales, tanto f\u00e9rricos como no f\u00e9rricos.<\/p>\n<\/div>\n<\/div>\n<\/div>\n<\/div><\/div><\/div><div class=\"spacer\" style=\"height: 10px;\"><\/div><div class=\"iconbox  wpb_content_element iconbox-style-2 icon-color-greyscale color-dark clearfix\"><div class=\"iconbox-icon\"><img src='https:\/\/gincatsystem.com\/wp-content\/uploads\/2022\/07\/CERTIFICATS.png' class='iconimg' alt='Certificados' \/><\/div><div class=\"iconbox-content\"><h3>Certificados<\/h3><div class=\"page\" title=\"Page 2\">\n<div class=\"section\">\n<div class=\"layoutArea\">\n<div class=\"column\">\n<p>Disponemos de un sistema de gesti\u00f3n por procesos y departamentos que integra las disciplinas de control y gesti\u00f3n de la calidad, tambi\u00e9n medioambiental, y de seguridad y salud en el trabajo. Disponemos de las certificaciones <strong>ISO 9001:2015<\/strong> y <strong> ISO 14001:2015<\/strong>.<\/p>\n<\/div>\n<\/div>\n<\/div>\n<\/div><\/div><\/div>[\/vc_column][\/vc_row]<\/p>\n","protected":false},"excerpt":{"rendered":"<p>[vc_row bg_image=\u00bb15773&#8243; parallax_bg=\u00bbtrue\u00bb bg_color=\u00bb#f9f9f9&#8243; top_padding=\u00bb290&#8243; bottom_padding=\u00bb200&#8243;][vc_column width=\u00bb1\/1&#8243;][\/vc_column][\/vc_row][vc_row top_padding=\u00bb100&#8243; bottom_padding=\u00bb100&#8243; bg_position=\u00bbleft top\u00bb][vc_column width=\u00bb1\/2&#8243;][vc_column_text] GINCAT SYSTEM Somos una empresa con m\u00e1s de 25 a\u00f1os de experiencia en el sector. En nuestro taller, con una superficie total de 1800m2, disponemos de la tecnolog\u00eda m\u00e1s avanzada, lo que nos permite ofrecer a nuestros clientes la mejor calidad en nuestros productos.[\/vc_column_text][\/vc_column][vc_column width=\u00bb1\/2&#8243;][vc_column_text] THE POWER OF EXPERIENCE Disponemos de proveedores preparados para realizar todo tipo de tratamientos t\u00e9rmicos, recubrimientos y acabados de pieza. Contamos con una amplia experiencia en el dise\u00f1o y fabricaci\u00f3n de matrices, repuestos y utillajes para sectores como la automoci\u00f3n.[\/vc_column_text][\/vc_column][\/vc_row][vc_row bg_image=\u00bb15679&#8243; text_color=\u00bblight\u00bb text_align=\u00bbcenter\u00bb top_padding=\u00bb160&#8243; bottom_padding=\u00bb160&#8243; bg_position=\u00bbleft top\u00bb][vc_column width=\u00bb1\/1&#8243;][vc_column_text] [\/vc_column_text][\/vc_column][\/vc_row][vc_row][vc_column width=\u00bb1\/1&#8243;][\/vc_column][\/vc_row][vc_row bg_color=\u00bb#222222&#8243; text_color=\u00bblight\u00bb top_padding=\u00bb100&#8243; bottom_padding=\u00bb100&#8243; bg_position=\u00bbleft top\u00bb][vc_column width=\u00bb1\/3&#8243;][\/vc_column][vc_column width=\u00bb1\/3&#8243;][\/vc_column][vc_column width=\u00bb1\/3&#8243;][\/vc_column][\/vc_row]<\/p>\n","protected":false},"author":1,"featured_media":0,"parent":0,"menu_order":0,"comment_status":"closed","ping_status":"closed","template":"","meta":{"footnotes":""},"class_list":["post-17898","page","type-page","status-publish","hentry"],"yoast_head":"<!-- This site is optimized with the Yoast SEO plugin v19.10 - https:\/\/yoast.com\/wordpress\/plugins\/seo\/ -->\n<title>GINCAT SYSTEM \u00b7 Matriceria, estampaci\u00f3 i soldadura a Barcelona<\/title>\n<meta name=\"description\" content=\"Les nostres principals produccions s\u00f3n de matriceria, estampaci\u00f3 i soldadura a Barcelona. Disposem de 12 premses i 14 m\u00e0quines per matrius.\" \/>\n<meta name=\"robots\" content=\"index, follow, max-snippet:-1, max-image-preview:large, max-video-preview:-1\" \/>\n<link rel=\"canonical\" href=\"https:\/\/gincatsystem.com\/es\/nosaltres\/\" \/>\n<meta property=\"og:locale\" content=\"es_ES\" \/>\n<meta property=\"og:type\" content=\"article\" \/>\n<meta property=\"og:title\" content=\"GINCAT SYSTEM \u00b7 Matriceria, estampaci\u00f3 i soldadura a Barcelona\" \/>\n<meta property=\"og:description\" content=\"Les nostres principals produccions s\u00f3n de matriceria, estampaci\u00f3 i soldadura a Barcelona. Disposem de 12 premses i 14 m\u00e0quines per matrius.\" \/>\n<meta property=\"og:url\" content=\"https:\/\/gincatsystem.com\/es\/nosaltres\/\" \/>\n<meta property=\"og:site_name\" content=\"Gincat System \u00b7 Matriceria, estampaci\u00f3 i soldadura\" \/>\n<meta property=\"article:modified_time\" content=\"2022-09-27T14:15:24+00:00\" \/>\n<meta name=\"twitter:card\" content=\"summary_large_image\" \/>\n<meta name=\"twitter:label1\" content=\"Tiempo de lectura\" \/>\n\t<meta name=\"twitter:data1\" content=\"2 minutos\" \/>\n<script type=\"application\/ld+json\" class=\"yoast-schema-graph\">{\"@context\":\"https:\/\/schema.org\",\"@graph\":[{\"@type\":\"WebPage\",\"@id\":\"https:\/\/gincatsystem.com\/es\/nosaltres\/\",\"url\":\"https:\/\/gincatsystem.com\/es\/nosaltres\/\",\"name\":\"GINCAT SYSTEM \u00b7 Matriceria, estampaci\u00f3 i soldadura a Barcelona\",\"isPartOf\":{\"@id\":\"https:\/\/gincatsystem.com\/es\/#website\"},\"datePublished\":\"2022-07-11T15:28:18+00:00\",\"dateModified\":\"2022-09-27T14:15:24+00:00\",\"description\":\"Les nostres principals produccions s\u00f3n de matriceria, estampaci\u00f3 i soldadura a Barcelona. Disposem de 12 premses i 14 m\u00e0quines per matrius.\",\"breadcrumb\":{\"@id\":\"https:\/\/gincatsystem.com\/es\/nosaltres\/#breadcrumb\"},\"inLanguage\":\"es\",\"potentialAction\":[{\"@type\":\"ReadAction\",\"target\":[\"https:\/\/gincatsystem.com\/es\/nosaltres\/\"]}]},{\"@type\":\"BreadcrumbList\",\"@id\":\"https:\/\/gincatsystem.com\/es\/nosaltres\/#breadcrumb\",\"itemListElement\":[{\"@type\":\"ListItem\",\"position\":1,\"name\":\"Inici\",\"item\":\"https:\/\/gincatsystem.com\/es\/\"},{\"@type\":\"ListItem\",\"position\":2,\"name\":\"Nosotros\"}]},{\"@type\":\"WebSite\",\"@id\":\"https:\/\/gincatsystem.com\/es\/#website\",\"url\":\"https:\/\/gincatsystem.com\/es\/\",\"name\":\"Gincat System \u00b7 Matriceria, estampaci\u00f3 i soldadura\",\"description\":\"Disseny i fabricaci\u00f3 de matrius, recanvis i utillatges per a sectors com l&#039;automoci\u00f3 i el sector el\u00e8ctric.\",\"publisher\":{\"@id\":\"https:\/\/gincatsystem.com\/es\/#organization\"},\"potentialAction\":[{\"@type\":\"SearchAction\",\"target\":{\"@type\":\"EntryPoint\",\"urlTemplate\":\"https:\/\/gincatsystem.com\/es\/?s={search_term_string}\"},\"query-input\":\"required name=search_term_string\"}],\"inLanguage\":\"es\"},{\"@type\":\"Organization\",\"@id\":\"https:\/\/gincatsystem.com\/es\/#organization\",\"name\":\"Gincat System \u00b7 Matriceria, estampaci\u00f3 i soldadura\",\"url\":\"https:\/\/gincatsystem.com\/es\/\",\"logo\":{\"@type\":\"ImageObject\",\"inLanguage\":\"es\",\"@id\":\"https:\/\/gincatsystem.com\/es\/#\/schema\/logo\/image\/\",\"url\":\"https:\/\/gincatsystem.com\/wp-content\/uploads\/2022\/08\/LOGOTIP-FOOTER2.png\",\"contentUrl\":\"https:\/\/gincatsystem.com\/wp-content\/uploads\/2022\/08\/LOGOTIP-FOOTER2.png\",\"width\":307,\"height\":82,\"caption\":\"Gincat System \u00b7 Matriceria, estampaci\u00f3 i soldadura\"},\"image\":{\"@id\":\"https:\/\/gincatsystem.com\/es\/#\/schema\/logo\/image\/\"}}]}<\/script>\n<!-- \/ Yoast SEO plugin. -->","yoast_head_json":{"title":"GINCAT SYSTEM \u00b7 Matriceria, estampaci\u00f3 i soldadura a Barcelona","description":"Les nostres principals produccions s\u00f3n de matriceria, estampaci\u00f3 i soldadura a Barcelona. Disposem de 12 premses i 14 m\u00e0quines per matrius.","robots":{"index":"index","follow":"follow","max-snippet":"max-snippet:-1","max-image-preview":"max-image-preview:large","max-video-preview":"max-video-preview:-1"},"canonical":"https:\/\/gincatsystem.com\/es\/nosaltres\/","og_locale":"es_ES","og_type":"article","og_title":"GINCAT SYSTEM \u00b7 Matriceria, estampaci\u00f3 i soldadura a Barcelona","og_description":"Les nostres principals produccions s\u00f3n de matriceria, estampaci\u00f3 i soldadura a Barcelona. Disposem de 12 premses i 14 m\u00e0quines per matrius.","og_url":"https:\/\/gincatsystem.com\/es\/nosaltres\/","og_site_name":"Gincat System \u00b7 Matriceria, estampaci\u00f3 i soldadura","article_modified_time":"2022-09-27T14:15:24+00:00","twitter_card":"summary_large_image","twitter_misc":{"Tiempo de lectura":"2 minutos"},"schema":{"@context":"https:\/\/schema.org","@graph":[{"@type":"WebPage","@id":"https:\/\/gincatsystem.com\/es\/nosaltres\/","url":"https:\/\/gincatsystem.com\/es\/nosaltres\/","name":"GINCAT SYSTEM \u00b7 Matriceria, estampaci\u00f3 i soldadura a Barcelona","isPartOf":{"@id":"https:\/\/gincatsystem.com\/es\/#website"},"datePublished":"2022-07-11T15:28:18+00:00","dateModified":"2022-09-27T14:15:24+00:00","description":"Les nostres principals produccions s\u00f3n de matriceria, estampaci\u00f3 i soldadura a Barcelona. Disposem de 12 premses i 14 m\u00e0quines per matrius.","breadcrumb":{"@id":"https:\/\/gincatsystem.com\/es\/nosaltres\/#breadcrumb"},"inLanguage":"es","potentialAction":[{"@type":"ReadAction","target":["https:\/\/gincatsystem.com\/es\/nosaltres\/"]}]},{"@type":"BreadcrumbList","@id":"https:\/\/gincatsystem.com\/es\/nosaltres\/#breadcrumb","itemListElement":[{"@type":"ListItem","position":1,"name":"Inici","item":"https:\/\/gincatsystem.com\/es\/"},{"@type":"ListItem","position":2,"name":"Nosotros"}]},{"@type":"WebSite","@id":"https:\/\/gincatsystem.com\/es\/#website","url":"https:\/\/gincatsystem.com\/es\/","name":"Gincat System \u00b7 Matriceria, estampaci\u00f3 i soldadura","description":"Disseny i fabricaci\u00f3 de matrius, recanvis i utillatges per a sectors com l&#039;automoci\u00f3 i el sector el\u00e8ctric.","publisher":{"@id":"https:\/\/gincatsystem.com\/es\/#organization"},"potentialAction":[{"@type":"SearchAction","target":{"@type":"EntryPoint","urlTemplate":"https:\/\/gincatsystem.com\/es\/?s={search_term_string}"},"query-input":"required name=search_term_string"}],"inLanguage":"es"},{"@type":"Organization","@id":"https:\/\/gincatsystem.com\/es\/#organization","name":"Gincat System \u00b7 Matriceria, estampaci\u00f3 i soldadura","url":"https:\/\/gincatsystem.com\/es\/","logo":{"@type":"ImageObject","inLanguage":"es","@id":"https:\/\/gincatsystem.com\/es\/#\/schema\/logo\/image\/","url":"https:\/\/gincatsystem.com\/wp-content\/uploads\/2022\/08\/LOGOTIP-FOOTER2.png","contentUrl":"https:\/\/gincatsystem.com\/wp-content\/uploads\/2022\/08\/LOGOTIP-FOOTER2.png","width":307,"height":82,"caption":"Gincat System \u00b7 Matriceria, estampaci\u00f3 i soldadura"},"image":{"@id":"https:\/\/gincatsystem.com\/es\/#\/schema\/logo\/image\/"}}]}},"_links":{"self":[{"href":"https:\/\/gincatsystem.com\/es\/wp-json\/wp\/v2\/pages\/17898","targetHints":{"allow":["GET"]}}],"collection":[{"href":"https:\/\/gincatsystem.com\/es\/wp-json\/wp\/v2\/pages"}],"about":[{"href":"https:\/\/gincatsystem.com\/es\/wp-json\/wp\/v2\/types\/page"}],"author":[{"embeddable":true,"href":"https:\/\/gincatsystem.com\/es\/wp-json\/wp\/v2\/users\/1"}],"replies":[{"embeddable":true,"href":"https:\/\/gincatsystem.com\/es\/wp-json\/wp\/v2\/comments?post=17898"}],"version-history":[{"count":12,"href":"https:\/\/gincatsystem.com\/es\/wp-json\/wp\/v2\/pages\/17898\/revisions"}],"predecessor-version":[{"id":17935,"href":"https:\/\/gincatsystem.com\/es\/wp-json\/wp\/v2\/pages\/17898\/revisions\/17935"}],"wp:attachment":[{"href":"https:\/\/gincatsystem.com\/es\/wp-json\/wp\/v2\/media?parent=17898"}],"curies":[{"name":"wp","href":"https:\/\/api.w.org\/{rel}","templated":true}]}}