{"id":17887,"date":"2013-01-06T12:43:15","date_gmt":"2013-01-06T12:43:15","guid":{"rendered":"https:\/\/gincatsystem.com\/home-2\/"},"modified":"2022-09-27T07:04:28","modified_gmt":"2022-09-27T07:04:28","slug":"home-2","status":"publish","type":"page","link":"https:\/\/gincatsystem.com\/es\/","title":{"rendered":"Inicio"},"content":{"rendered":"<p>[vc_row type=\u00bbfull_width_section\u00bb bg_position=\u00bbleft top\u00bb][vc_column width=\u00bb1\/1&#8243;][rev_slider_vc alias=\u00bbslider-1-1-1&#8243;][\/vc_column][\/vc_row][vc_row top_padding=\u00bb100&#8243; bottom_padding=\u00bb100&#8243; bg_position=\u00bbleft top\u00bb][vc_column width=\u00bb1\/3&#8243;]<div class=\"iconbox  wpb_content_element iconbox-style-2 icon-color-greyscale color-dark clearfix\"><div class=\"iconbox-icon\"><img src='https:\/\/gincatsystem.com\/wp-content\/uploads\/2022\/07\/EXPERIENCIA-1.png' class='iconimg' alt='El poder de la experiencia' \/><\/div><div class=\"iconbox-content\"><h3>El poder de la experiencia<\/h3><p>GINCAT SYSTEM es una empresa con una superficie total de 1800m2 y m\u00e1s de 25 a\u00f1os de experiencia en el sector.<\/p><\/div><\/div><div class=\"spacer\" style=\"height: 10px;\"><\/div><div class=\"iconbox  wpb_content_element iconbox-style-2 icon-color-greyscale color-dark clearfix\"><div class=\"iconbox-icon\"><img src='https:\/\/gincatsystem.com\/wp-content\/uploads\/2022\/07\/RIGOR-1.png' class='iconimg' alt='Rigor' \/><\/div><div class=\"iconbox-content\"><h3>Rigor<\/h3><p>En la eficiencia de nuestras actuaciones y en la calidad de nuestras soluciones.<\/p><\/div><\/div>[\/vc_column][vc_column width=\u00bb1\/3&#8243;]<div class=\"iconbox  wpb_content_element iconbox-style-2 icon-color-greyscale color-dark clearfix\"><div class=\"iconbox-icon\"><img src='https:\/\/gincatsystem.com\/wp-content\/uploads\/2022\/07\/DISSENY-1.png' class='iconimg' alt='Dise\u00f1o y Desarrollo' \/><\/div><div class=\"iconbox-content\"><h3>Dise\u00f1o y Desarrollo<\/h3><p>Desarrollamos el proceso o sistema productivo m\u00e1s adecuado a las necesidades de cada cliente.<\/p><\/div><\/div><div class=\"spacer\" style=\"height: 10px;\"><\/div><div class=\"iconbox  wpb_content_element iconbox-style-2 icon-color-greyscale color-dark clearfix\"><div class=\"iconbox-icon\"><img src='https:\/\/gincatsystem.com\/wp-content\/uploads\/2022\/07\/DESAFIAMENTS-1.png' class='iconimg' alt='Desaf\u00edos' \/><\/div><div class=\"iconbox-content\"><h3>Desaf\u00edos<\/h3><p>Asumimos los proyectos de nuestros clientes como retos.<\/p><\/div><\/div>[\/vc_column][vc_column width=\u00bb1\/3&#8243;]<div class=\"iconbox  wpb_content_element iconbox-style-2 icon-color-greyscale color-dark clearfix\"><div class=\"iconbox-icon\"><img src='https:\/\/gincatsystem.com\/wp-content\/uploads\/2022\/07\/MATERIA-PRIMA-1.png' class='iconimg' alt='Maquinaria' \/><\/div><div class=\"iconbox-content\"><h3>Maquinaria<\/h3><p>Disponemos de la maquinaria m\u00e1s avanzada que permite ofrecer la calidad de vanguardia a nuestros productos.<\/p><\/div><\/div><div class=\"spacer\" style=\"height: 10px;\"><\/div><div class=\"iconbox  wpb_content_element iconbox-style-2 icon-color-greyscale color-dark clearfix\"><div class=\"iconbox-icon\"><img src='https:\/\/gincatsystem.com\/wp-content\/uploads\/2022\/07\/VALORS-1.png' class='iconimg' alt='Calidad' \/><\/div><div class=\"iconbox-content\"><h3>Calidad<\/h3><p>Empat\u00eda, proximidad y cooperaci\u00f3n honesta con nuestros clientes.<\/p><\/div><\/div>[\/vc_column][\/vc_row][vc_row type=\u00bbfull_width_section\u00bb bg_position=\u00bbleft top\u00bb][vc_column width=\u00bb1\/4&#8243;]<div class=\"single_image wpb_content_element align-left    \" data-animation=\"none\" data-delay=\"0\"><img loading=\"lazy\" decoding=\"async\" width=\"2560\" height=\"1707\" src=\"https:\/\/gincatsystem.com\/wp-content\/uploads\/2022\/07\/GINCAT-PECES.jpg\" class=\"attachment-full\" alt=\"GINCAT SYSTEM \u00b7 Fabricaci\u00f3 de matrius,recanvis utillatges Barcelona\" title=\"GINCAT-PECES\" srcset=\"https:\/\/gincatsystem.com\/wp-content\/uploads\/2022\/07\/GINCAT-PECES.jpg 2560w, https:\/\/gincatsystem.com\/wp-content\/uploads\/2022\/07\/GINCAT-PECES-300x200.jpg 300w, https:\/\/gincatsystem.com\/wp-content\/uploads\/2022\/07\/GINCAT-PECES-1024x683.jpg 1024w, https:\/\/gincatsystem.com\/wp-content\/uploads\/2022\/07\/GINCAT-PECES-768x512.jpg 768w, https:\/\/gincatsystem.com\/wp-content\/uploads\/2022\/07\/GINCAT-PECES-1536x1024.jpg 1536w, https:\/\/gincatsystem.com\/wp-content\/uploads\/2022\/07\/GINCAT-PECES-2048x1366.jpg 2048w, https:\/\/gincatsystem.com\/wp-content\/uploads\/2022\/07\/GINCAT-PECES-600x400.jpg 600w\" sizes=\"auto, (max-width: 2560px) 100vw, 2560px\" \/><\/div>[\/vc_column][vc_column width=\u00bb1\/4&#8243;]<div class=\"single_image wpb_content_element align-left    \" data-animation=\"none\" data-delay=\"0\"><img loading=\"lazy\" decoding=\"async\" width=\"2560\" height=\"1707\" src=\"https:\/\/gincatsystem.com\/wp-content\/uploads\/2022\/07\/GINCAT-EMPRESA-2.jpg\" class=\"attachment-full\" alt=\"GINCAT SYSTEM \u00b7 Fabricaci\u00f3 de matrius,recanvis utillatges Barcelona\" title=\"GINCAT-EMPRESA\" srcset=\"https:\/\/gincatsystem.com\/wp-content\/uploads\/2022\/07\/GINCAT-EMPRESA-2.jpg 2560w, https:\/\/gincatsystem.com\/wp-content\/uploads\/2022\/07\/GINCAT-EMPRESA-2-300x200.jpg 300w, https:\/\/gincatsystem.com\/wp-content\/uploads\/2022\/07\/GINCAT-EMPRESA-2-1024x683.jpg 1024w, https:\/\/gincatsystem.com\/wp-content\/uploads\/2022\/07\/GINCAT-EMPRESA-2-768x512.jpg 768w, https:\/\/gincatsystem.com\/wp-content\/uploads\/2022\/07\/GINCAT-EMPRESA-2-1536x1024.jpg 1536w, https:\/\/gincatsystem.com\/wp-content\/uploads\/2022\/07\/GINCAT-EMPRESA-2-2048x1366.jpg 2048w, https:\/\/gincatsystem.com\/wp-content\/uploads\/2022\/07\/GINCAT-EMPRESA-2-600x400.jpg 600w\" sizes=\"auto, (max-width: 2560px) 100vw, 2560px\" \/><\/div>[\/vc_column][vc_column width=\u00bb1\/4&#8243;]<div class=\"single_image wpb_content_element align-left    \" data-animation=\"none\" data-delay=\"0\"><img loading=\"lazy\" decoding=\"async\" width=\"2560\" height=\"1707\" src=\"https:\/\/gincatsystem.com\/wp-content\/uploads\/2022\/07\/GINCAT-MAQUINA.jpg\" class=\"attachment-full\" alt=\"GINCAT SYSTEM \u00b7 Fabricaci\u00f3 de matrius,recanvis utillatges Barcelona\" title=\"GINCAT-MAQUINA\" srcset=\"https:\/\/gincatsystem.com\/wp-content\/uploads\/2022\/07\/GINCAT-MAQUINA.jpg 2560w, https:\/\/gincatsystem.com\/wp-content\/uploads\/2022\/07\/GINCAT-MAQUINA-300x200.jpg 300w, https:\/\/gincatsystem.com\/wp-content\/uploads\/2022\/07\/GINCAT-MAQUINA-1024x683.jpg 1024w, https:\/\/gincatsystem.com\/wp-content\/uploads\/2022\/07\/GINCAT-MAQUINA-768x512.jpg 768w, https:\/\/gincatsystem.com\/wp-content\/uploads\/2022\/07\/GINCAT-MAQUINA-1536x1024.jpg 1536w, https:\/\/gincatsystem.com\/wp-content\/uploads\/2022\/07\/GINCAT-MAQUINA-2048x1366.jpg 2048w, https:\/\/gincatsystem.com\/wp-content\/uploads\/2022\/07\/GINCAT-MAQUINA-600x400.jpg 600w\" sizes=\"auto, (max-width: 2560px) 100vw, 2560px\" \/><\/div>[\/vc_column][vc_column width=\u00bb1\/4&#8243;]<div class=\"single_image wpb_content_element align-left    \" data-animation=\"none\" data-delay=\"0\"><img loading=\"lazy\" decoding=\"async\" width=\"2560\" height=\"1707\" src=\"https:\/\/gincatsystem.com\/wp-content\/uploads\/2022\/07\/GINCAT-MAQUINARIA-1.jpg\" class=\"attachment-full\" alt=\"GINCAT SYSTEM \u00b7 Fabricaci\u00f3 de matrius,recanvis utillatges Barcelona\" title=\"GINCAT-MAQUINARIA\" srcset=\"https:\/\/gincatsystem.com\/wp-content\/uploads\/2022\/07\/GINCAT-MAQUINARIA-1.jpg 2560w, https:\/\/gincatsystem.com\/wp-content\/uploads\/2022\/07\/GINCAT-MAQUINARIA-1-300x200.jpg 300w, https:\/\/gincatsystem.com\/wp-content\/uploads\/2022\/07\/GINCAT-MAQUINARIA-1-1024x683.jpg 1024w, https:\/\/gincatsystem.com\/wp-content\/uploads\/2022\/07\/GINCAT-MAQUINARIA-1-768x512.jpg 768w, https:\/\/gincatsystem.com\/wp-content\/uploads\/2022\/07\/GINCAT-MAQUINARIA-1-1536x1024.jpg 1536w, https:\/\/gincatsystem.com\/wp-content\/uploads\/2022\/07\/GINCAT-MAQUINARIA-1-2048x1366.jpg 2048w, https:\/\/gincatsystem.com\/wp-content\/uploads\/2022\/07\/GINCAT-MAQUINARIA-1-600x400.jpg 600w\" sizes=\"auto, (max-width: 2560px) 100vw, 2560px\" \/><\/div>[\/vc_column][\/vc_row][vc_row bg_color=\u00bb#222222&#8243; text_color=\u00bblight\u00bb top_padding=\u00bb50&#8243; bottom_padding=\u00bb50&#8243; bg_position=\u00bbcenter center\u00bb][vc_column width=\u00bb1\/4&#8243;]<div class=\"counter clearfix wpb_content_element\"><div class=\"counter-number\" style=\"color: #ffffff !important;\">25<\/div><span class=\"counter-title\">A\u00f1os de Experiencia<\/span><\/div>[\/vc_column][vc_column width=\u00bb1\/4&#8243;]<div class=\"counter clearfix wpb_content_element\"><div class=\"counter-number\" style=\"color: #ffffff !important;\">1800m2<\/div><span class=\"counter-title\">M2 SUPERFICIE<\/span><\/div>[\/vc_column][vc_column width=\u00bb1\/4&#8243;]<div class=\"counter clearfix wpb_content_element\"><div class=\"counter-number\" style=\"color: #ffffff !important;\">12<\/div><span class=\"counter-title\">PRENSAS<\/span><\/div>[\/vc_column][vc_column width=\u00bb1\/4&#8243;]<div class=\"counter clearfix wpb_content_element\"><div class=\"counter-number\" style=\"color: #ffffff !important;\">14<\/div><span class=\"counter-title\">M\u00e1quinas para hacer matrices<\/span><\/div>[\/vc_column][\/vc_row][vc_row top_padding=\u00bb100&#8243; bg_position=\u00bbleft top\u00bb][vc_column width=\u00bb1\/1&#8243;]<h3 class=\"headline font-special fontsize-l fontweight-700 lh-inherit align-center transform-uppercase \" style=\"margin: 0 0 20px 0;\">GINCAT SYSTEM<\/h3><div class=\"headline font-inherit fontsize-m fontweight-400 lh-inherit align-center transform-inherit \" style=\"margin: 0; color: #999999;\">Empresa con una extensa experiencia en el dise\u00f1o y fabricaci\u00f3n de matrices,<br \/>\nrepuestos y utillajes para el sector de la automoci\u00f3n, sector el\u00e9ctrico y otros.<\/div><div class=\"divider divider1\" style='margin:60px 0 60px 0 !important;'><\/div>[\/vc_column][\/vc_row][vc_row top_padding=\u00bb100&#8243; bottom_padding=\u00bb100&#8243; bg_position=\u00bbleft top\u00bb][vc_column width=\u00bb1\/3&#8243;]<div class=\"iconbox  wpb_content_element iconbox-style-2 icon-color-greyscale color-dark clearfix\"><div class=\"iconbox-icon\"><img src='https:\/\/gincatsystem.com\/wp-content\/uploads\/2022\/07\/MATRICERIA-PETIT.png' class='iconimg' alt='Matricer\u00eda' \/><\/div><div class=\"iconbox-content\"><h3>Matricer\u00eda<\/h3><p>Contamos con la capacidad t\u00e9cnica para construir matrices y utillajes para los<br \/>\ndiferentes sectores de la industria.<\/p>\n<a href=\"https:\/\/gincatsystem.com\/es\/serveis\/\" target=\"_self\" class=\"button color-9 small \" style=\"border-radius: 2px;\"><i class='fa fa-caret-right'><\/i>Ver m\u00e1s<\/a><\/p><\/div><\/div>[\/vc_column][vc_column width=\u00bb1\/3&#8243;]<div class=\"iconbox  wpb_content_element iconbox-style-2 icon-color-greyscale color-dark clearfix\"><div class=\"iconbox-icon\"><img src='https:\/\/gincatsystem.com\/wp-content\/uploads\/2022\/07\/ESTAMPACIO-PETIT.png' class='iconimg' alt='Estampaci\u00f3n' \/><\/div><div class=\"iconbox-content\"><h3>Estampaci\u00f3n<\/h3><p>GINCAT SYSTEM cuenta\u00a0con l\u00edneas de estampaci\u00f3n convencionales y progresivas para peque\u00f1as, medianas y grandes series.<\/p>\n<a href=\"https:\/\/gincatsystem.com\/es\/serveis\/\" target=\"_self\" class=\"button color-9 small \" style=\"border-radius: 2px;\"><i class='fa fa-caret-right'><\/i>Ver m\u00e1s<\/a><\/p><\/div><\/div>[\/vc_column][vc_column width=\u00bb1\/3&#8243;]<div class=\"iconbox  wpb_content_element iconbox-style-2 icon-color-greyscale color-dark clearfix\"><div class=\"iconbox-icon\"><img src='https:\/\/gincatsystem.com\/wp-content\/uploads\/2022\/07\/SOLDADURA-PETIT.png' class='iconimg' alt='Soldadura' \/><\/div><div class=\"iconbox-content\"><h3>Soldadura<\/h3><p>La secci\u00f3n de soldadura est\u00e1 preparada para cumplir con toda la normativa del sector de la automoci\u00f3n.<\/p>\n<a href=\"https:\/\/gincatsystem.com\/es\/serveis\/\" target=\"_self\" class=\"button color-9 small \" style=\"border-radius: 2px;\"><i class='fa fa-caret-right'><\/i>Ver m\u00e1s<\/a><\/p><\/div><\/div>[\/vc_column][\/vc_row][vc_row bg_color=\u00bb#fafafa\u00bb text_align=\u00bbcenter\u00bb top_padding=\u00bb60&#8243; bottom_padding=\u00bb50&#8243; bg_position=\u00bbleft top\u00bb][vc_column]<h5 class=\"headline font-special fontsize-xxl fontweight-300 lh-inherit align-center transform-uppercase \" style=\"margin: 0 0 20px 0;\"><u>Clientes<\/u><\/h5>[\/vc_column][vc_column width=\u00bb1\/6&#8243;][vc_column_text]<img loading=\"lazy\" decoding=\"async\" class=\"alignnone size-full wp-image-15661\" src=\"https:\/\/gincatsystem.com\/wp-content\/uploads\/2022\/07\/TW.png\" alt=\"\" width=\"150\" height=\"74\" \/>[\/vc_column_text][\/vc_column][vc_column width=\u00bb1\/6&#8243;][vc_column_text]<img loading=\"lazy\" decoding=\"async\" class=\"alignnone size-full wp-image-15662\" src=\"https:\/\/gincatsystem.com\/wp-content\/uploads\/2022\/07\/SCHNEIDER-ELECTRIC.png\" alt=\"\" width=\"150\" height=\"74\" \/>[\/vc_column_text][\/vc_column][vc_column width=\u00bb1\/6&#8243;][vc_column_text]<img loading=\"lazy\" decoding=\"async\" class=\"alignnone size-full wp-image-15663\" src=\"https:\/\/gincatsystem.com\/wp-content\/uploads\/2022\/07\/ABB.png\" alt=\"\" width=\"150\" height=\"74\" \/>[\/vc_column_text][\/vc_column][vc_column width=\u00bb1\/6&#8243;][vc_column_text]<img loading=\"lazy\" decoding=\"async\" class=\"alignnone size-full wp-image-15664\" src=\"https:\/\/gincatsystem.com\/wp-content\/uploads\/2022\/07\/ROCA.png\" alt=\"\" width=\"150\" height=\"74\" \/>[\/vc_column_text][\/vc_column][vc_column width=\u00bb1\/6&#8243;][vc_column_text]<img loading=\"lazy\" decoding=\"async\" class=\"alignnone size-full wp-image-15665\" src=\"https:\/\/gincatsystem.com\/wp-content\/uploads\/2022\/07\/SIMON.png\" alt=\"\" width=\"150\" height=\"74\" \/>[\/vc_column_text][\/vc_column][vc_column width=\u00bb1\/6&#8243;][vc_column_text]<img loading=\"lazy\" decoding=\"async\" class=\"alignnone size-full wp-image-15666\" src=\"https:\/\/gincatsystem.com\/wp-content\/uploads\/2022\/07\/TEKNIA.png\" alt=\"\" width=\"150\" height=\"74\" \/>[\/vc_column_text][\/vc_column][\/vc_row]<\/p>\n","protected":false},"excerpt":{"rendered":"<p>[vc_row type=\u00bbfull_width_section\u00bb bg_position=\u00bbleft top\u00bb][vc_column width=\u00bb1\/1&#8243;][rev_slider_vc alias=\u00bbslider-1-1-1&#8243;][\/vc_column][\/vc_row][vc_row top_padding=\u00bb100&#8243; bottom_padding=\u00bb100&#8243; bg_position=\u00bbleft top\u00bb][vc_column width=\u00bb1\/3&#8243;][\/vc_column][vc_column width=\u00bb1\/3&#8243;][\/vc_column][vc_column width=\u00bb1\/3&#8243;][\/vc_column][\/vc_row][vc_row type=\u00bbfull_width_section\u00bb bg_position=\u00bbleft top\u00bb][vc_column width=\u00bb1\/4&#8243;][\/vc_column][vc_column width=\u00bb1\/4&#8243;][\/vc_column][vc_column width=\u00bb1\/4&#8243;][\/vc_column][vc_column width=\u00bb1\/4&#8243;][\/vc_column][\/vc_row][vc_row bg_color=\u00bb#222222&#8243; text_color=\u00bblight\u00bb top_padding=\u00bb50&#8243; bottom_padding=\u00bb50&#8243; bg_position=\u00bbcenter center\u00bb][vc_column width=\u00bb1\/4&#8243;][\/vc_column][vc_column width=\u00bb1\/4&#8243;][\/vc_column][vc_column width=\u00bb1\/4&#8243;][\/vc_column][vc_column width=\u00bb1\/4&#8243;][\/vc_column][\/vc_row][vc_row top_padding=\u00bb100&#8243; bg_position=\u00bbleft top\u00bb][vc_column width=\u00bb1\/1&#8243;][\/vc_column][\/vc_row][vc_row top_padding=\u00bb100&#8243; bottom_padding=\u00bb100&#8243; bg_position=\u00bbleft top\u00bb][vc_column width=\u00bb1\/3&#8243;][\/vc_column][vc_column width=\u00bb1\/3&#8243;][\/vc_column][vc_column width=\u00bb1\/3&#8243;][\/vc_column][\/vc_row][vc_row bg_color=\u00bb#fafafa\u00bb text_align=\u00bbcenter\u00bb top_padding=\u00bb60&#8243; bottom_padding=\u00bb50&#8243; bg_position=\u00bbleft top\u00bb][vc_column][\/vc_column][vc_column width=\u00bb1\/6&#8243;][vc_column_text][\/vc_column_text][\/vc_column][vc_column width=\u00bb1\/6&#8243;][vc_column_text][\/vc_column_text][\/vc_column][vc_column width=\u00bb1\/6&#8243;][vc_column_text][\/vc_column_text][\/vc_column][vc_column width=\u00bb1\/6&#8243;][vc_column_text][\/vc_column_text][\/vc_column][vc_column width=\u00bb1\/6&#8243;][vc_column_text][\/vc_column_text][\/vc_column][vc_column width=\u00bb1\/6&#8243;][vc_column_text][\/vc_column_text][\/vc_column][\/vc_row]<\/p>\n","protected":false},"author":1,"featured_media":0,"parent":0,"menu_order":0,"comment_status":"closed","ping_status":"closed","template":"","meta":{"footnotes":""},"class_list":["post-17887","page","type-page","status-publish","hentry"],"yoast_head":"<!-- This site is optimized with the Yoast SEO plugin v19.10 - https:\/\/yoast.com\/wordpress\/plugins\/seo\/ -->\n<title>GINCAT SYSTEM \u00b7 Fabricaci\u00f3n matrices y utillajes en Barcelona<\/title>\n<meta name=\"description\" content=\"Empresa con experiencia en el dise\u00f1o y fabricaci\u00f3n de matrices, repuestos y utillajes para el sector de la automoci\u00f3n, sector el\u00e9ctrico etc.\" \/>\n<meta name=\"robots\" content=\"index, follow, max-snippet:-1, max-image-preview:large, max-video-preview:-1\" \/>\n<link rel=\"canonical\" href=\"https:\/\/gincatsystem.com\/es\/\" \/>\n<meta property=\"og:locale\" content=\"es_ES\" \/>\n<meta property=\"og:type\" content=\"article\" \/>\n<meta property=\"og:title\" content=\"GINCAT SYSTEM\" \/>\n<meta property=\"og:description\" content=\"Fabricaci\u00f3 de matrius,recanvis i utillatges per al sector de l\u2019automoci\u00f3, sector el\u00e8ctric i altres\" \/>\n<meta property=\"og:url\" content=\"https:\/\/gincatsystem.com\/es\/\" \/>\n<meta property=\"og:site_name\" content=\"Gincat System \u00b7 Matriceria, estampaci\u00f3 i soldadura\" \/>\n<meta property=\"article:modified_time\" content=\"2022-09-27T07:04:28+00:00\" \/>\n<meta property=\"og:image\" content=\"https:\/\/gincatsystem.com\/wp-content\/uploads\/2022\/08\/LOGO-GINCAT.png\" \/>\n\t<meta property=\"og:image:width\" content=\"288\" \/>\n\t<meta property=\"og:image:height\" content=\"68\" \/>\n\t<meta property=\"og:image:type\" content=\"image\/png\" \/>\n<meta name=\"twitter:card\" content=\"summary_large_image\" \/>\n<meta name=\"twitter:label1\" content=\"Tiempo de lectura\" \/>\n\t<meta name=\"twitter:data1\" content=\"3 minutos\" \/>\n<script type=\"application\/ld+json\" class=\"yoast-schema-graph\">{\"@context\":\"https:\/\/schema.org\",\"@graph\":[{\"@type\":\"WebPage\",\"@id\":\"https:\/\/gincatsystem.com\/es\/\",\"url\":\"https:\/\/gincatsystem.com\/es\/\",\"name\":\"GINCAT SYSTEM \u00b7 Fabricaci\u00f3n matrices y utillajes en Barcelona\",\"isPartOf\":{\"@id\":\"https:\/\/gincatsystem.com\/es\/#website\"},\"datePublished\":\"2013-01-06T12:43:15+00:00\",\"dateModified\":\"2022-09-27T07:04:28+00:00\",\"description\":\"Empresa con experiencia en el dise\u00f1o y fabricaci\u00f3n de matrices, repuestos y utillajes para el sector de la automoci\u00f3n, sector el\u00e9ctrico etc.\",\"breadcrumb\":{\"@id\":\"https:\/\/gincatsystem.com\/es\/#breadcrumb\"},\"inLanguage\":\"es\",\"potentialAction\":[{\"@type\":\"ReadAction\",\"target\":[\"https:\/\/gincatsystem.com\/es\/\"]}]},{\"@type\":\"BreadcrumbList\",\"@id\":\"https:\/\/gincatsystem.com\/es\/#breadcrumb\",\"itemListElement\":[{\"@type\":\"ListItem\",\"position\":1,\"name\":\"Inici\",\"item\":\"https:\/\/gincatsystem.com\/es\/\"},{\"@type\":\"ListItem\",\"position\":2,\"name\":\"Inicio\"}]},{\"@type\":\"WebSite\",\"@id\":\"https:\/\/gincatsystem.com\/es\/#website\",\"url\":\"https:\/\/gincatsystem.com\/es\/\",\"name\":\"Gincat System \u00b7 Matriceria, estampaci\u00f3 i soldadura\",\"description\":\"Disseny i fabricaci\u00f3 de matrius, recanvis i utillatges per a sectors com l&#039;automoci\u00f3 i el sector el\u00e8ctric.\",\"publisher\":{\"@id\":\"https:\/\/gincatsystem.com\/es\/#organization\"},\"potentialAction\":[{\"@type\":\"SearchAction\",\"target\":{\"@type\":\"EntryPoint\",\"urlTemplate\":\"https:\/\/gincatsystem.com\/es\/?s={search_term_string}\"},\"query-input\":\"required name=search_term_string\"}],\"inLanguage\":\"es\"},{\"@type\":\"Organization\",\"@id\":\"https:\/\/gincatsystem.com\/es\/#organization\",\"name\":\"Gincat System \u00b7 Matriceria, estampaci\u00f3 i soldadura\",\"url\":\"https:\/\/gincatsystem.com\/es\/\",\"logo\":{\"@type\":\"ImageObject\",\"inLanguage\":\"es\",\"@id\":\"https:\/\/gincatsystem.com\/es\/#\/schema\/logo\/image\/\",\"url\":\"https:\/\/gincatsystem.com\/wp-content\/uploads\/2022\/08\/LOGOTIP-FOOTER2.png\",\"contentUrl\":\"https:\/\/gincatsystem.com\/wp-content\/uploads\/2022\/08\/LOGOTIP-FOOTER2.png\",\"width\":307,\"height\":82,\"caption\":\"Gincat System \u00b7 Matriceria, estampaci\u00f3 i soldadura\"},\"image\":{\"@id\":\"https:\/\/gincatsystem.com\/es\/#\/schema\/logo\/image\/\"}}]}<\/script>\n<!-- \/ Yoast SEO plugin. -->","yoast_head_json":{"title":"GINCAT SYSTEM \u00b7 Fabricaci\u00f3n matrices y utillajes en Barcelona","description":"Empresa con experiencia en el dise\u00f1o y fabricaci\u00f3n de matrices, repuestos y utillajes para el sector de la automoci\u00f3n, sector el\u00e9ctrico etc.","robots":{"index":"index","follow":"follow","max-snippet":"max-snippet:-1","max-image-preview":"max-image-preview:large","max-video-preview":"max-video-preview:-1"},"canonical":"https:\/\/gincatsystem.com\/es\/","og_locale":"es_ES","og_type":"article","og_title":"GINCAT SYSTEM","og_description":"Fabricaci\u00f3 de matrius,recanvis i utillatges per al sector de l\u2019automoci\u00f3, sector el\u00e8ctric i altres","og_url":"https:\/\/gincatsystem.com\/es\/","og_site_name":"Gincat System \u00b7 Matriceria, estampaci\u00f3 i soldadura","article_modified_time":"2022-09-27T07:04:28+00:00","og_image":[{"width":288,"height":68,"url":"https:\/\/gincatsystem.com\/wp-content\/uploads\/2022\/08\/LOGO-GINCAT.png","type":"image\/png"}],"twitter_card":"summary_large_image","twitter_misc":{"Tiempo de lectura":"3 minutos"},"schema":{"@context":"https:\/\/schema.org","@graph":[{"@type":"WebPage","@id":"https:\/\/gincatsystem.com\/es\/","url":"https:\/\/gincatsystem.com\/es\/","name":"GINCAT SYSTEM \u00b7 Fabricaci\u00f3n matrices y utillajes en Barcelona","isPartOf":{"@id":"https:\/\/gincatsystem.com\/es\/#website"},"datePublished":"2013-01-06T12:43:15+00:00","dateModified":"2022-09-27T07:04:28+00:00","description":"Empresa con experiencia en el dise\u00f1o y fabricaci\u00f3n de matrices, repuestos y utillajes para el sector de la automoci\u00f3n, sector el\u00e9ctrico etc.","breadcrumb":{"@id":"https:\/\/gincatsystem.com\/es\/#breadcrumb"},"inLanguage":"es","potentialAction":[{"@type":"ReadAction","target":["https:\/\/gincatsystem.com\/es\/"]}]},{"@type":"BreadcrumbList","@id":"https:\/\/gincatsystem.com\/es\/#breadcrumb","itemListElement":[{"@type":"ListItem","position":1,"name":"Inici","item":"https:\/\/gincatsystem.com\/es\/"},{"@type":"ListItem","position":2,"name":"Inicio"}]},{"@type":"WebSite","@id":"https:\/\/gincatsystem.com\/es\/#website","url":"https:\/\/gincatsystem.com\/es\/","name":"Gincat System \u00b7 Matriceria, estampaci\u00f3 i soldadura","description":"Disseny i fabricaci\u00f3 de matrius, recanvis i utillatges per a sectors com l&#039;automoci\u00f3 i el sector el\u00e8ctric.","publisher":{"@id":"https:\/\/gincatsystem.com\/es\/#organization"},"potentialAction":[{"@type":"SearchAction","target":{"@type":"EntryPoint","urlTemplate":"https:\/\/gincatsystem.com\/es\/?s={search_term_string}"},"query-input":"required name=search_term_string"}],"inLanguage":"es"},{"@type":"Organization","@id":"https:\/\/gincatsystem.com\/es\/#organization","name":"Gincat System \u00b7 Matriceria, estampaci\u00f3 i soldadura","url":"https:\/\/gincatsystem.com\/es\/","logo":{"@type":"ImageObject","inLanguage":"es","@id":"https:\/\/gincatsystem.com\/es\/#\/schema\/logo\/image\/","url":"https:\/\/gincatsystem.com\/wp-content\/uploads\/2022\/08\/LOGOTIP-FOOTER2.png","contentUrl":"https:\/\/gincatsystem.com\/wp-content\/uploads\/2022\/08\/LOGOTIP-FOOTER2.png","width":307,"height":82,"caption":"Gincat System \u00b7 Matriceria, estampaci\u00f3 i soldadura"},"image":{"@id":"https:\/\/gincatsystem.com\/es\/#\/schema\/logo\/image\/"}}]}},"_links":{"self":[{"href":"https:\/\/gincatsystem.com\/es\/wp-json\/wp\/v2\/pages\/17887","targetHints":{"allow":["GET"]}}],"collection":[{"href":"https:\/\/gincatsystem.com\/es\/wp-json\/wp\/v2\/pages"}],"about":[{"href":"https:\/\/gincatsystem.com\/es\/wp-json\/wp\/v2\/types\/page"}],"author":[{"embeddable":true,"href":"https:\/\/gincatsystem.com\/es\/wp-json\/wp\/v2\/users\/1"}],"replies":[{"embeddable":true,"href":"https:\/\/gincatsystem.com\/es\/wp-json\/wp\/v2\/comments?post=17887"}],"version-history":[{"count":10,"href":"https:\/\/gincatsystem.com\/es\/wp-json\/wp\/v2\/pages\/17887\/revisions"}],"predecessor-version":[{"id":17897,"href":"https:\/\/gincatsystem.com\/es\/wp-json\/wp\/v2\/pages\/17887\/revisions\/17897"}],"wp:attachment":[{"href":"https:\/\/gincatsystem.com\/es\/wp-json\/wp\/v2\/media?parent=17887"}],"curies":[{"name":"wp","href":"https:\/\/api.w.org\/{rel}","templated":true}]}}