{"id":17981,"date":"2022-08-02T08:36:38","date_gmt":"2022-08-02T08:36:38","guid":{"rendered":"https:\/\/gincatsystem.com\/politica-cookies\/"},"modified":"2022-09-28T14:08:03","modified_gmt":"2022-09-28T14:08:03","slug":"politica-cookies","status":"publish","type":"page","link":"https:\/\/gincatsystem.com\/en\/politica-cookies\/","title":{"rendered":"Cookies policy"},"content":{"rendered":"\r\n<h2 class=\"wp-block-heading\">1. What are cookies and why do we use them on the Web?<\/h2>\r\n\r\n\r\n\r\n<p>A cookie is a file that is downloaded to the user&#8217;s device when accessing certain websites to store and retrieve information about the navigation that is carried out from your computer.<br>Cookies allow this website, among other things, to store and retrieve information about the user&#8217;s decisions and habits. On this website, the cookies that exist are necessary for its operation.<br>It is important to note that the use of cookies does not provide personal data of the user.<\/p>\r\n\r\n\r\n\r\n<h2 class=\"wp-block-heading\">2. What types of cookies exist?<\/h2>\r\n\r\n\r\n\r\n<p>Cookies, depending on the time they remain activated, can be divided into session or permanent cookies:<\/p>\r\n\r\n\r\n\r\n<h4 class=\"wp-block-heading\">\u2022 Session and persistent cookies:<\/h4>\r\n\r\n\r\n\r\n<p>Session Cookies are designed to collect and store data while the user accesses a web page. They are usually used to store information that is only of interest to keep for the provision of the service requested by the user on a single occasion. In the case of persistent cookies, the data continues to be stored on the device for a certain period of time, thus facilitating the control of the chosen preferences without repeating certain parameters each time the website is visited.<\/p>\r\n\r\n\r\n\r\n<p>Additionally, depending on the entity that manages them, cookies can be classified as own or third-party:<\/p>\r\n\r\n\r\n\r\n<h4 class=\"wp-block-heading\">\u2022 Own or third-party cookies:<\/h4>\r\n\r\n\r\n\r\n<p>Own cookies are those that are sent to the user&#8217;s terminal equipment from a computer or domain managed by the editor itself and from which the service requested by the user is provided. Instead, third-party cookies are those that are sent to the user&#8217;s terminal from a computer or domain that is not managed by the publisher, but by another entity that processes the data obtained through cookies.<\/p>\r\n\r\n\r\n\r\n<p>In terms of purpose, cookies can be:<\/p>\r\n\r\n\r\n\r\n<h4 class=\"wp-block-heading\">\u2022 Technical cookies \/ personalization \/ analysis \/ advertising:<\/h4>\r\n\r\n\r\n\r\n<p>Technical cookies would be those that allow control of traffic and data communication; those of personalization, those that allow users to access according to some of their own characteristics that are collected (browser, language, etc.). Those of analysis are those that allow the person responsible for them, the monitoring and size of the behavior of the users of the websites to which they are linked, collect data on the behavior of the users and allow the elaboration of a user profile. Finally, advertising companies collect data on the management of advertising spaces<\/p>\r\n\r\n\r\n\r\n<h2 class=\"wp-block-heading\">3. What types of cookies does the website use?<\/h2>\r\n\r\n\r\n\r\n<figure class=\"wp-block-table is-style-regular\"><table><thead><tr><td><strong>Name<\/strong><\/td><td><strong>Domain<\/strong><\/td><td><strong>Finalidad<\/strong><\/td><td><strong>Expiration<\/strong><\/td><\/tr><\/thead><tbody><tr><td>DIYAppServer<\/td><td>cdn.website-start.de<\/td><td>Cookies related to the hosting server 1&amp;1, statistical information on the visits received by the web.<\/td><td>sesi\u00f3n<\/td><\/tr><tr><td>DIY_SB<\/td><td>www.gincatsystem.com<\/td><td>It is installed when the website is accessed in the browser. It is a cookie that identifies the session, which is sent for any other type of session.&nbsp;<\/td><td>session<\/td><\/tr><\/tbody><\/table><\/figure>\r\n\r\n\r\n\r\n<h2 class=\"wp-block-heading\">4. How to disable browser cookies?<\/h2>\r\n\r\n\r\n\r\n<p>The user can configure their browser to not accept the use of cookies, in which case the personalization of the experience would not apply. If this configuration is selected, certain parts of the website may not be accessible, as it may cause less efficient navigation.<br>Most browsers currently allow the user to configure whether and which cookies they wish to accept. These parameters are usually found in the &#8220;parameters&#8221; or &#8220;preferences&#8221; menu of your browser.<br>Internet Explorer from here:&nbsp;<a href=\"http:\/\/windows.microsoft.com\/es-es\/internet-explorer\/delete-manage-cookies#ie=ie-10\" target=\"_blank\" rel=\"noreferrer noopener\">http:\/\/windows.microsoft.com\/es-es\/internet-explorer\/delete-manage-cookies#ie=ie-10<\/a><br>Google Chrome from here:&nbsp;<a href=\"http:\/\/support.google.com\/chrome\/bin\/answer.py?hl=es&amp;answer=95647\" target=\"_blank\" rel=\"noreferrer noopener\">http:\/\/support.google.com\/chrome\/bin\/answer.py?hl=es&amp;answer=95647<\/a><br>Safari from here:&nbsp;<a href=\"https:\/\/support.apple.com\/kb\/ph17191?locale=es_ES\" target=\"_blank\" rel=\"noreferrer noopener\">https:\/\/support.apple.com\/kb\/ph17191?locale=es_ES<\/a><br>Opera from here:&nbsp;<a href=\"http:\/\/help.opera.com\/Windows\/11.50\/es-ES\/cookies.html\" target=\"_blank\" rel=\"noreferrer noopener\">http:\/\/help.opera.com\/Windows\/11.50\/es-ES\/cookies.html<\/a><\/p>\r\n\r\n\r\n\r\n<h2 class=\"wp-block-heading\">&nbsp;<\/h2>\r\n","protected":false},"excerpt":{"rendered":"<p>1. What are cookies and why do we use them on the Web? A cookie is a file that is downloaded to the user&#8217;s device when accessing certain websites to store and retrieve information about the navigation that is carried out from your computer.Cookies allow this website, among other things, to store and retrieve information about the user&#8217;s decisions and habits. On this website, the cookies that exist are necessary for its operation.It is important to note that the use of cookies does not provide personal data of the user. 2. What types of cookies exist? Cookies, depending on the time they remain activated, can be divided into session or permanent cookies: \u2022 Session and persistent cookies: Session Cookies are designed to collect and store data while the user accesses a web page. They are usually used to store information that is only of interest to keep for the provision of the service requested by the user on a single occasion. In the case of persistent cookies, the data continues to be stored on the device for a certain period of time, thus facilitating the control of the chosen preferences without repeating certain parameters each time the website is visited. [&hellip;]<\/p>\n","protected":false},"author":1,"featured_media":0,"parent":0,"menu_order":0,"comment_status":"closed","ping_status":"closed","template":"","meta":{"footnotes":""},"class_list":["post-17981","page","type-page","status-publish","hentry"],"yoast_head":"<!-- This site is optimized with the Yoast SEO plugin v19.10 - https:\/\/yoast.com\/wordpress\/plugins\/seo\/ -->\n<title>GINCAT SYSTEM Manufacture of matrices Barcelona<\/title>\n<meta name=\"description\" content=\"Company with experience in the design and manufacture of matrixes, replacements and tools for the automotive, electrical and other sectors.\" \/>\n<meta name=\"robots\" content=\"index, follow, max-snippet:-1, max-image-preview:large, max-video-preview:-1\" \/>\n<link rel=\"canonical\" href=\"https:\/\/gincatsystem.com\/en\/politica-cookies\/\" \/>\n<meta property=\"og:locale\" content=\"en_US\" \/>\n<meta property=\"og:type\" content=\"article\" \/>\n<meta property=\"og:title\" content=\"GINCAT SYSTEM Manufacture of matrices Barcelona\" \/>\n<meta property=\"og:description\" content=\"Company with experience in the design and manufacture of matrixes, replacements and tools for the automotive, electrical and other sectors.\" \/>\n<meta property=\"og:url\" content=\"https:\/\/gincatsystem.com\/en\/politica-cookies\/\" \/>\n<meta property=\"og:site_name\" content=\"Gincat System \u00b7 Matriceria, estampaci\u00f3 i soldadura\" \/>\n<meta property=\"article:modified_time\" content=\"2022-09-28T14:08:03+00:00\" \/>\n<meta name=\"twitter:card\" content=\"summary_large_image\" \/>\n<meta name=\"twitter:label1\" content=\"Est. reading time\" \/>\n\t<meta name=\"twitter:data1\" content=\"4 minutes\" \/>\n<script type=\"application\/ld+json\" class=\"yoast-schema-graph\">{\"@context\":\"https:\/\/schema.org\",\"@graph\":[{\"@type\":\"WebPage\",\"@id\":\"https:\/\/gincatsystem.com\/en\/politica-cookies\/\",\"url\":\"https:\/\/gincatsystem.com\/en\/politica-cookies\/\",\"name\":\"GINCAT SYSTEM Manufacture of matrices Barcelona\",\"isPartOf\":{\"@id\":\"https:\/\/gincatsystem.com\/en\/#website\"},\"datePublished\":\"2022-08-02T08:36:38+00:00\",\"dateModified\":\"2022-09-28T14:08:03+00:00\",\"description\":\"Company with experience in the design and manufacture of matrixes, replacements and tools for the automotive, electrical and other sectors.\",\"breadcrumb\":{\"@id\":\"https:\/\/gincatsystem.com\/en\/politica-cookies\/#breadcrumb\"},\"inLanguage\":\"en-US\",\"potentialAction\":[{\"@type\":\"ReadAction\",\"target\":[\"https:\/\/gincatsystem.com\/en\/politica-cookies\/\"]}]},{\"@type\":\"BreadcrumbList\",\"@id\":\"https:\/\/gincatsystem.com\/en\/politica-cookies\/#breadcrumb\",\"itemListElement\":[{\"@type\":\"ListItem\",\"position\":1,\"name\":\"Inici\",\"item\":\"https:\/\/gincatsystem.com\/en\/\"},{\"@type\":\"ListItem\",\"position\":2,\"name\":\"Cookies policy\"}]},{\"@type\":\"WebSite\",\"@id\":\"https:\/\/gincatsystem.com\/en\/#website\",\"url\":\"https:\/\/gincatsystem.com\/en\/\",\"name\":\"Gincat System \u00b7 Matriceria, estampaci\u00f3 i soldadura\",\"description\":\"Disseny i fabricaci\u00f3 de matrius, recanvis i utillatges per a sectors com l&#039;automoci\u00f3 i el sector el\u00e8ctric.\",\"publisher\":{\"@id\":\"https:\/\/gincatsystem.com\/en\/#organization\"},\"potentialAction\":[{\"@type\":\"SearchAction\",\"target\":{\"@type\":\"EntryPoint\",\"urlTemplate\":\"https:\/\/gincatsystem.com\/en\/?s={search_term_string}\"},\"query-input\":\"required name=search_term_string\"}],\"inLanguage\":\"en-US\"},{\"@type\":\"Organization\",\"@id\":\"https:\/\/gincatsystem.com\/en\/#organization\",\"name\":\"Gincat System \u00b7 Matriceria, estampaci\u00f3 i soldadura\",\"url\":\"https:\/\/gincatsystem.com\/en\/\",\"logo\":{\"@type\":\"ImageObject\",\"inLanguage\":\"en-US\",\"@id\":\"https:\/\/gincatsystem.com\/en\/#\/schema\/logo\/image\/\",\"url\":\"https:\/\/gincatsystem.com\/wp-content\/uploads\/2022\/08\/LOGOTIP-FOOTER2.png\",\"contentUrl\":\"https:\/\/gincatsystem.com\/wp-content\/uploads\/2022\/08\/LOGOTIP-FOOTER2.png\",\"width\":307,\"height\":82,\"caption\":\"Gincat System \u00b7 Matriceria, estampaci\u00f3 i soldadura\"},\"image\":{\"@id\":\"https:\/\/gincatsystem.com\/en\/#\/schema\/logo\/image\/\"}}]}<\/script>\n<!-- \/ Yoast SEO plugin. -->","yoast_head_json":{"title":"GINCAT SYSTEM Manufacture of matrices Barcelona","description":"Company with experience in the design and manufacture of matrixes, replacements and tools for the automotive, electrical and other sectors.","robots":{"index":"index","follow":"follow","max-snippet":"max-snippet:-1","max-image-preview":"max-image-preview:large","max-video-preview":"max-video-preview:-1"},"canonical":"https:\/\/gincatsystem.com\/en\/politica-cookies\/","og_locale":"en_US","og_type":"article","og_title":"GINCAT SYSTEM Manufacture of matrices Barcelona","og_description":"Company with experience in the design and manufacture of matrixes, replacements and tools for the automotive, electrical and other sectors.","og_url":"https:\/\/gincatsystem.com\/en\/politica-cookies\/","og_site_name":"Gincat System \u00b7 Matriceria, estampaci\u00f3 i soldadura","article_modified_time":"2022-09-28T14:08:03+00:00","twitter_card":"summary_large_image","twitter_misc":{"Est. reading time":"4 minutes"},"schema":{"@context":"https:\/\/schema.org","@graph":[{"@type":"WebPage","@id":"https:\/\/gincatsystem.com\/en\/politica-cookies\/","url":"https:\/\/gincatsystem.com\/en\/politica-cookies\/","name":"GINCAT SYSTEM Manufacture of matrices Barcelona","isPartOf":{"@id":"https:\/\/gincatsystem.com\/en\/#website"},"datePublished":"2022-08-02T08:36:38+00:00","dateModified":"2022-09-28T14:08:03+00:00","description":"Company with experience in the design and manufacture of matrixes, replacements and tools for the automotive, electrical and other sectors.","breadcrumb":{"@id":"https:\/\/gincatsystem.com\/en\/politica-cookies\/#breadcrumb"},"inLanguage":"en-US","potentialAction":[{"@type":"ReadAction","target":["https:\/\/gincatsystem.com\/en\/politica-cookies\/"]}]},{"@type":"BreadcrumbList","@id":"https:\/\/gincatsystem.com\/en\/politica-cookies\/#breadcrumb","itemListElement":[{"@type":"ListItem","position":1,"name":"Inici","item":"https:\/\/gincatsystem.com\/en\/"},{"@type":"ListItem","position":2,"name":"Cookies policy"}]},{"@type":"WebSite","@id":"https:\/\/gincatsystem.com\/en\/#website","url":"https:\/\/gincatsystem.com\/en\/","name":"Gincat System \u00b7 Matriceria, estampaci\u00f3 i soldadura","description":"Disseny i fabricaci\u00f3 de matrius, recanvis i utillatges per a sectors com l&#039;automoci\u00f3 i el sector el\u00e8ctric.","publisher":{"@id":"https:\/\/gincatsystem.com\/en\/#organization"},"potentialAction":[{"@type":"SearchAction","target":{"@type":"EntryPoint","urlTemplate":"https:\/\/gincatsystem.com\/en\/?s={search_term_string}"},"query-input":"required name=search_term_string"}],"inLanguage":"en-US"},{"@type":"Organization","@id":"https:\/\/gincatsystem.com\/en\/#organization","name":"Gincat System \u00b7 Matriceria, estampaci\u00f3 i soldadura","url":"https:\/\/gincatsystem.com\/en\/","logo":{"@type":"ImageObject","inLanguage":"en-US","@id":"https:\/\/gincatsystem.com\/en\/#\/schema\/logo\/image\/","url":"https:\/\/gincatsystem.com\/wp-content\/uploads\/2022\/08\/LOGOTIP-FOOTER2.png","contentUrl":"https:\/\/gincatsystem.com\/wp-content\/uploads\/2022\/08\/LOGOTIP-FOOTER2.png","width":307,"height":82,"caption":"Gincat System \u00b7 Matriceria, estampaci\u00f3 i soldadura"},"image":{"@id":"https:\/\/gincatsystem.com\/en\/#\/schema\/logo\/image\/"}}]}},"_links":{"self":[{"href":"https:\/\/gincatsystem.com\/en\/wp-json\/wp\/v2\/pages\/17981","targetHints":{"allow":["GET"]}}],"collection":[{"href":"https:\/\/gincatsystem.com\/en\/wp-json\/wp\/v2\/pages"}],"about":[{"href":"https:\/\/gincatsystem.com\/en\/wp-json\/wp\/v2\/types\/page"}],"author":[{"embeddable":true,"href":"https:\/\/gincatsystem.com\/en\/wp-json\/wp\/v2\/users\/1"}],"replies":[{"embeddable":true,"href":"https:\/\/gincatsystem.com\/en\/wp-json\/wp\/v2\/comments?post=17981"}],"version-history":[{"count":2,"href":"https:\/\/gincatsystem.com\/en\/wp-json\/wp\/v2\/pages\/17981\/revisions"}],"predecessor-version":[{"id":17984,"href":"https:\/\/gincatsystem.com\/en\/wp-json\/wp\/v2\/pages\/17981\/revisions\/17984"}],"wp:attachment":[{"href":"https:\/\/gincatsystem.com\/en\/wp-json\/wp\/v2\/media?parent=17981"}],"curies":[{"name":"wp","href":"https:\/\/api.w.org\/{rel}","templated":true}]}}