{"id":17978,"date":"2022-08-02T08:22:47","date_gmt":"2022-08-02T08:22:47","guid":{"rendered":"https:\/\/gincatsystem.com\/avis-legal-2\/"},"modified":"2022-09-28T13:55:34","modified_gmt":"2022-09-28T13:55:34","slug":"avis-legal-2","status":"publish","type":"page","link":"https:\/\/gincatsystem.com\/en\/avis-legal-2\/","title":{"rendered":"Legal warning"},"content":{"rendered":"\n<h2 class=\"wp-block-heading\"><\/h2>\n\n\n\n<p>In compliance with Law 34\/2002, of July 11, on Services of the Information Society and Electronic Commerce, the User is informed that the owner of the website www.gincatsystem.com is from&nbsp;GINCAT SYSTEM, S.L.&nbsp;and their identification data are:<br>Domicile: C.Barcelona, 25<br>CP: 08272 Population: St. Fruitos de Bages Province: Barcelona<br>CIF: B64140007<\/p>\n\n\n\n<h2 class=\"wp-block-heading\">1. Access the website<\/h2>\n\n\n\n<p>The legal notice regulates the access and use of the Users to the website and its purpose is to publicize the entity&#8217;s products and allow general access for all Internet users.<br>Access and\/or use of the Web attributes to whoever performs it the condition of user and acceptance, without reservations of any kind, of each and every one of these general conditions, as well as those other particular ones that, where appropriate, govern the use of the Portal or of the services linked to it.<br>The user must carefully read the Legal Notice and the privacy and Cookies policies when he intends to use the website, since&nbsp;<strong>GINCAT SYSTEM<\/strong>&nbsp;reserves the right to make, at any time and without the need for prior notice, any modification or update of the contents and services, of these access and use provisions and, in general, of all the elements that make up the design and configuration of the your website. If you do not accept the conditions of access and use, please refrain from using the Web and its content.<\/p>\n\n\n\n<h2 class=\"wp-block-heading\">2. Use of the website<\/h2>\n\n\n\n<p>The User undertakes to make diligent use of the website, as well as the information related to its services and activities, in full compliance with the applicable regulations, as well as with morality and generally accepted good customs and public order, the conditions of access and use and any other conditions established on the website.<br>In addition, you agree to refrain from using any of the content for illicit purposes or effects, prohibited in this text, harmful to the rights and interests of third parties, or that in any way may damage, disable, overload, deteriorate or impede the normal use of the contents, other Users or any Internet user (hardware and software).<\/p>\n\n\n\n<h2 class=\"wp-block-heading\">3. Operation of the website<\/h2>\n\n\n\n<p>In case of non-compliance with the conditions of the Legal Notice, or the privacy and cookies policies,&nbsp;<strong>GINCAT SYSTEM<\/strong>&nbsp;reserves the right to limit, suspend and\/or exclude access to its website, adopting any necessary technical measure in this regard.&nbsp;<strong>GINCAT SYSTEM<\/strong>&nbsp;will do everything possible to keep the website in good working order, avoiding errors, or repairing them and keeping the contents updated. However,&nbsp;<strong>GINCAT SYSTEM<\/strong>&nbsp;does not guarantee the availability and continuity of access to the website or the absence of errors in the content.<\/p>\n\n\n\n<h2 class=\"wp-block-heading\">4. Responsibility<\/h2>\n\n\n\n<p>The User is solely responsible for the use that may be made of any information or mechanism on the website.<br><strong><strong>GINCAT SYSTEM<\/strong><\/strong>&nbsp;will not be held responsible for any damage to the User&#8217;s hardware and\/or software arising from the access and use of the website. Likewise, it will not be responsible for these damages and\/or losses that may be caused by access and\/or use of the information on the website, and specifically those that may occur in computer systems or those caused by viruses \/ or attacks. computer problems, falls, interruptions, absence or defect in communications and\/or the Internet.<br>The User will be responsible for the damages and\/or losses that&nbsp;<strong><strong>GINCAT SYSTEM<\/strong><\/strong>&nbsp;may suffer as a result of the breach of any of the obligations to which it is subject through this Legal Notice, the applicable regulations and the Privacy and Cookies Policy.<\/p>\n\n\n\n<h2 class=\"wp-block-heading\">5. Policy regarding &#8220;Links&#8221; (linked and linked Web)<\/h2>\n\n\n\n<p><strong>\u00b7Linked website<\/strong><br>Third parties who intend to include a link to this page on a web page must comply with current legislation and may not host content that is inappropriate, illegal, pornographic, violent, etc.<\/p>\n\n\n\n<p>In no case&nbsp;<strong><strong><strong>GINCAT SYSTEM<\/strong><\/strong><\/strong>&nbsp;is responsible for the content of the web page, nor does it promote, guarantee, supervise or recommend its contents.<\/p>\n\n\n\n<p>If the linking website fails to comply with any of the above aspects, it will be obliged to remove the link immediately.<\/p>\n\n\n\n<p><strong>\u00b7Linked website<\/strong><br>This web page may include links to third-party web pages that allow the User to access. Nevertheless,&nbsp;<strong><strong>GINCAT SYSTEM<\/strong><\/strong>&nbsp;is not responsible for the content of these linked web pages, but the User will be in charge of accepting and checking the access each time he accesses.<br>Such links or mentions have a purpose that does not imply the support, approval, commercialization or relationship between the page and the persons or entities that own the places where they are located.<\/p>\n\n\n\n<h2 class=\"wp-block-heading\">6. Intellectual and Industrial Property on the contents<\/h2>\n\n\n\n<p><strong><strong><strong>GINCAT SYSTEM<\/strong><\/strong><\/strong>or its licensors, are holders of all intellectual property rights over the contents of the web page, understanding as such all the designs, databases, underlying computer programs (source code, included), as well as the different elements that make up the web page (texts, graphics, photographs, videos, colors, etc.), structure, order, etc. In relation to trademarks and trade names (&#8220;distinctive signs&#8221;), they are the property of<strong><strong><strong>GINCAT SYSTEM<\/strong><\/strong><\/strong>&nbsp;or graduates.<br>The use of the web page by the User does not imply the transfer of intellectual or industrial property rights. The User is totally prohibited from reproducing, copying, distributing, making available or in any other way of publicly communicating, transforming or modifying the Continguts or the Distinctive Signs, which is subject to the authorization of the owner of the corresponding rights or other results. legally permitted.<\/p>\n\n\n\n<h2 class=\"wp-block-heading\">7. Applicable legislation<\/h2>\n\n\n\n<p>The Legal Notice will be governed and interpreted in accordance with Spanish legislation.<br>For the resolution of any conflict that may arise from access to the website, they will be submitted to the relevant courts or tribunals in accordance with the regulations of consumers and users.<\/p>\n\n\n\n<h2 class=\"wp-block-heading\">8. Contacto<\/h2>\n\n\n\n<p>For any questions or comments about this legal notice, you can contact us by email.&nbsp;<a href=\"mailto:info@gincatsytem.com\" data-type=\"mailto\" data-id=\"mailto:info@gincatsytem.com\">info@gincatsystem.com<\/a><\/p>\n","protected":false},"excerpt":{"rendered":"<p>In compliance with Law 34\/2002, of July 11, on Services of the Information Society and Electronic Commerce, the User is informed that the owner of the website www.gincatsystem.com is from&nbsp;GINCAT SYSTEM, S.L.&nbsp;and their identification data are:Domicile: C.Barcelona, 25CP: 08272 Population: St. Fruitos de Bages Province: BarcelonaCIF: B64140007 1. Access the website The legal notice regulates the access and use of the Users to the website and its purpose is to publicize the entity&#8217;s products and allow general access for all Internet users.Access and\/or use of the Web attributes to whoever performs it the condition of user and acceptance, without reservations of any kind, of each and every one of these general conditions, as well as those other particular ones that, where appropriate, govern the use of the Portal or of the services linked to it.The user must carefully read the Legal Notice and the privacy and Cookies policies when he intends to use the website, since&nbsp;GINCAT SYSTEM&nbsp;reserves the right to make, at any time and without the need for prior notice, any modification or update of the contents and services, of these access and use provisions and, in general, of all the elements that make up the design and configuration [&hellip;]<\/p>\n","protected":false},"author":1,"featured_media":0,"parent":0,"menu_order":0,"comment_status":"closed","ping_status":"closed","template":"","meta":{"footnotes":""},"class_list":["post-17978","page","type-page","status-publish","hentry"],"yoast_head":"<!-- This site is optimized with the Yoast SEO plugin v19.10 - https:\/\/yoast.com\/wordpress\/plugins\/seo\/ -->\n<title>GINCAT SYSTEM Manufacture of dies, spare parts Barcelona<\/title>\n<meta name=\"description\" content=\"Company with experience in the design and manufacture of dies, spare parts and tools for the automotive sector, electrical sector...\" \/>\n<meta name=\"robots\" content=\"index, follow, max-snippet:-1, max-image-preview:large, max-video-preview:-1\" \/>\n<link rel=\"canonical\" href=\"https:\/\/gincatsystem.com\/en\/avis-legal-2\/\" \/>\n<meta property=\"og:locale\" content=\"en_US\" \/>\n<meta property=\"og:type\" content=\"article\" \/>\n<meta property=\"og:title\" content=\"GINCAT SYSTEM Manufacture of dies, spare parts Barcelona\" \/>\n<meta property=\"og:description\" content=\"Company with experience in the design and manufacture of dies, spare parts and tools for the automotive sector, electrical sector...\" \/>\n<meta property=\"og:url\" content=\"https:\/\/gincatsystem.com\/en\/avis-legal-2\/\" \/>\n<meta property=\"og:site_name\" content=\"Gincat System \u00b7 Matriceria, estampaci\u00f3 i soldadura\" \/>\n<meta property=\"article:modified_time\" content=\"2022-09-28T13:55:34+00:00\" \/>\n<meta name=\"twitter:card\" content=\"summary_large_image\" \/>\n<meta name=\"twitter:label1\" content=\"Est. reading time\" \/>\n\t<meta name=\"twitter:data1\" content=\"6 minutes\" \/>\n<script type=\"application\/ld+json\" class=\"yoast-schema-graph\">{\"@context\":\"https:\/\/schema.org\",\"@graph\":[{\"@type\":\"WebPage\",\"@id\":\"https:\/\/gincatsystem.com\/en\/avis-legal-2\/\",\"url\":\"https:\/\/gincatsystem.com\/en\/avis-legal-2\/\",\"name\":\"GINCAT SYSTEM Manufacture of dies, spare parts Barcelona\",\"isPartOf\":{\"@id\":\"https:\/\/gincatsystem.com\/en\/#website\"},\"datePublished\":\"2022-08-02T08:22:47+00:00\",\"dateModified\":\"2022-09-28T13:55:34+00:00\",\"description\":\"Company with experience in the design and manufacture of dies, spare parts and tools for the automotive sector, electrical sector...\",\"breadcrumb\":{\"@id\":\"https:\/\/gincatsystem.com\/en\/avis-legal-2\/#breadcrumb\"},\"inLanguage\":\"en-US\",\"potentialAction\":[{\"@type\":\"ReadAction\",\"target\":[\"https:\/\/gincatsystem.com\/en\/avis-legal-2\/\"]}]},{\"@type\":\"BreadcrumbList\",\"@id\":\"https:\/\/gincatsystem.com\/en\/avis-legal-2\/#breadcrumb\",\"itemListElement\":[{\"@type\":\"ListItem\",\"position\":1,\"name\":\"Inici\",\"item\":\"https:\/\/gincatsystem.com\/en\/\"},{\"@type\":\"ListItem\",\"position\":2,\"name\":\"Legal warning\"}]},{\"@type\":\"WebSite\",\"@id\":\"https:\/\/gincatsystem.com\/en\/#website\",\"url\":\"https:\/\/gincatsystem.com\/en\/\",\"name\":\"Gincat System \u00b7 Matriceria, estampaci\u00f3 i soldadura\",\"description\":\"Disseny i fabricaci\u00f3 de matrius, recanvis i utillatges per a sectors com l&#039;automoci\u00f3 i el sector el\u00e8ctric.\",\"publisher\":{\"@id\":\"https:\/\/gincatsystem.com\/en\/#organization\"},\"potentialAction\":[{\"@type\":\"SearchAction\",\"target\":{\"@type\":\"EntryPoint\",\"urlTemplate\":\"https:\/\/gincatsystem.com\/en\/?s={search_term_string}\"},\"query-input\":\"required name=search_term_string\"}],\"inLanguage\":\"en-US\"},{\"@type\":\"Organization\",\"@id\":\"https:\/\/gincatsystem.com\/en\/#organization\",\"name\":\"Gincat System \u00b7 Matriceria, estampaci\u00f3 i soldadura\",\"url\":\"https:\/\/gincatsystem.com\/en\/\",\"logo\":{\"@type\":\"ImageObject\",\"inLanguage\":\"en-US\",\"@id\":\"https:\/\/gincatsystem.com\/en\/#\/schema\/logo\/image\/\",\"url\":\"https:\/\/gincatsystem.com\/wp-content\/uploads\/2022\/08\/LOGOTIP-FOOTER2.png\",\"contentUrl\":\"https:\/\/gincatsystem.com\/wp-content\/uploads\/2022\/08\/LOGOTIP-FOOTER2.png\",\"width\":307,\"height\":82,\"caption\":\"Gincat System \u00b7 Matriceria, estampaci\u00f3 i soldadura\"},\"image\":{\"@id\":\"https:\/\/gincatsystem.com\/en\/#\/schema\/logo\/image\/\"}}]}<\/script>\n<!-- \/ Yoast SEO plugin. -->","yoast_head_json":{"title":"GINCAT SYSTEM Manufacture of dies, spare parts Barcelona","description":"Company with experience in the design and manufacture of dies, spare parts and tools for the automotive sector, electrical sector...","robots":{"index":"index","follow":"follow","max-snippet":"max-snippet:-1","max-image-preview":"max-image-preview:large","max-video-preview":"max-video-preview:-1"},"canonical":"https:\/\/gincatsystem.com\/en\/avis-legal-2\/","og_locale":"en_US","og_type":"article","og_title":"GINCAT SYSTEM Manufacture of dies, spare parts Barcelona","og_description":"Company with experience in the design and manufacture of dies, spare parts and tools for the automotive sector, electrical sector...","og_url":"https:\/\/gincatsystem.com\/en\/avis-legal-2\/","og_site_name":"Gincat System \u00b7 Matriceria, estampaci\u00f3 i soldadura","article_modified_time":"2022-09-28T13:55:34+00:00","twitter_card":"summary_large_image","twitter_misc":{"Est. reading time":"6 minutes"},"schema":{"@context":"https:\/\/schema.org","@graph":[{"@type":"WebPage","@id":"https:\/\/gincatsystem.com\/en\/avis-legal-2\/","url":"https:\/\/gincatsystem.com\/en\/avis-legal-2\/","name":"GINCAT SYSTEM Manufacture of dies, spare parts Barcelona","isPartOf":{"@id":"https:\/\/gincatsystem.com\/en\/#website"},"datePublished":"2022-08-02T08:22:47+00:00","dateModified":"2022-09-28T13:55:34+00:00","description":"Company with experience in the design and manufacture of dies, spare parts and tools for the automotive sector, electrical sector...","breadcrumb":{"@id":"https:\/\/gincatsystem.com\/en\/avis-legal-2\/#breadcrumb"},"inLanguage":"en-US","potentialAction":[{"@type":"ReadAction","target":["https:\/\/gincatsystem.com\/en\/avis-legal-2\/"]}]},{"@type":"BreadcrumbList","@id":"https:\/\/gincatsystem.com\/en\/avis-legal-2\/#breadcrumb","itemListElement":[{"@type":"ListItem","position":1,"name":"Inici","item":"https:\/\/gincatsystem.com\/en\/"},{"@type":"ListItem","position":2,"name":"Legal warning"}]},{"@type":"WebSite","@id":"https:\/\/gincatsystem.com\/en\/#website","url":"https:\/\/gincatsystem.com\/en\/","name":"Gincat System \u00b7 Matriceria, estampaci\u00f3 i soldadura","description":"Disseny i fabricaci\u00f3 de matrius, recanvis i utillatges per a sectors com l&#039;automoci\u00f3 i el sector el\u00e8ctric.","publisher":{"@id":"https:\/\/gincatsystem.com\/en\/#organization"},"potentialAction":[{"@type":"SearchAction","target":{"@type":"EntryPoint","urlTemplate":"https:\/\/gincatsystem.com\/en\/?s={search_term_string}"},"query-input":"required name=search_term_string"}],"inLanguage":"en-US"},{"@type":"Organization","@id":"https:\/\/gincatsystem.com\/en\/#organization","name":"Gincat System \u00b7 Matriceria, estampaci\u00f3 i soldadura","url":"https:\/\/gincatsystem.com\/en\/","logo":{"@type":"ImageObject","inLanguage":"en-US","@id":"https:\/\/gincatsystem.com\/en\/#\/schema\/logo\/image\/","url":"https:\/\/gincatsystem.com\/wp-content\/uploads\/2022\/08\/LOGOTIP-FOOTER2.png","contentUrl":"https:\/\/gincatsystem.com\/wp-content\/uploads\/2022\/08\/LOGOTIP-FOOTER2.png","width":307,"height":82,"caption":"Gincat System \u00b7 Matriceria, estampaci\u00f3 i soldadura"},"image":{"@id":"https:\/\/gincatsystem.com\/en\/#\/schema\/logo\/image\/"}}]}},"_links":{"self":[{"href":"https:\/\/gincatsystem.com\/en\/wp-json\/wp\/v2\/pages\/17978","targetHints":{"allow":["GET"]}}],"collection":[{"href":"https:\/\/gincatsystem.com\/en\/wp-json\/wp\/v2\/pages"}],"about":[{"href":"https:\/\/gincatsystem.com\/en\/wp-json\/wp\/v2\/types\/page"}],"author":[{"embeddable":true,"href":"https:\/\/gincatsystem.com\/en\/wp-json\/wp\/v2\/users\/1"}],"replies":[{"embeddable":true,"href":"https:\/\/gincatsystem.com\/en\/wp-json\/wp\/v2\/comments?post=17978"}],"version-history":[{"count":1,"href":"https:\/\/gincatsystem.com\/en\/wp-json\/wp\/v2\/pages\/17978\/revisions"}],"predecessor-version":[{"id":17980,"href":"https:\/\/gincatsystem.com\/en\/wp-json\/wp\/v2\/pages\/17978\/revisions\/17980"}],"wp:attachment":[{"href":"https:\/\/gincatsystem.com\/en\/wp-json\/wp\/v2\/media?parent=17978"}],"curies":[{"name":"wp","href":"https:\/\/api.w.org\/{rel}","templated":true}]}}