{"id":17967,"date":"2015-01-06T16:48:30","date_gmt":"2015-01-06T16:48:30","guid":{"rendered":"https:\/\/gincatsystem.com\/serveis\/"},"modified":"2022-09-28T11:19:47","modified_gmt":"2022-09-28T11:19:47","slug":"serveis","status":"publish","type":"page","link":"https:\/\/gincatsystem.com\/en\/serveis\/","title":{"rendered":"Services"},"content":{"rendered":"<p>[vc_row bg_image=&#8221;15875&#8243; parallax_bg=&#8221;true&#8221; bg_color=&#8221;#f9f9f9&#8243; top_padding=&#8221;290&#8243; bottom_padding=&#8221;200&#8243;][vc_column width=&#8221;1\/1&#8243;]<h1 class=\"headline font-inherit fontsize-xxxxxl fontweight-300 lh-13 align-left transform-inherit \" style=\"margin: 0 0 20px 0; color: #ffffff;\">In constant<br \/>\nquality effort.<\/h1><div class=\"headline font-inherit fontsize-l fontweight-400 lh-inherit align-left transform-inherit \" style=\"margin: 0; color: #ffffff;\">GINCAT SYSTEM has the most advanced machinery; CNC wire erosion, penetration erosion, milling cutters, lathes, presses, etc. which allows us to offer cutting-edge quality to our products.<\/div>[\/vc_column][\/vc_row][vc_row top_padding=&#8221;100&#8243; bottom_padding=&#8221;100&#8243; bg_position=&#8221;left top&#8221;][vc_column width=&#8221;1\/3&#8243;]<div class=\"single_image wpb_content_element align-left    \" data-animation=\"none\" data-delay=\"0\"><img loading=\"lazy\" decoding=\"async\" width=\"257\" height=\"214\" src=\"https:\/\/gincatsystem.com\/wp-content\/uploads\/2022\/07\/MATRICERIA-1.png\" class=\"attachment-full\" alt=\"\" title=\"\" \/><\/div>[vc_column_text]<\/p>\n<h6>Die Making<\/h6>\n<p>We have the technical capacity to build dies and tools for the different sectors of the industry, <span class=\"hiddenSpellError\">GINCAT<\/span>\u00a0<span class=\"hiddenSpellError\">SYSTEM<\/span> offers different technologies in conventional, progressive and drawing dies, automation, stamping and machining.[\/vc_column_text][\/vc_column][vc_column width=&#8221;1\/3&#8243;]<div class=\"single_image wpb_content_element align-left    \" data-animation=\"none\" data-delay=\"0\"><img loading=\"lazy\" decoding=\"async\" width=\"257\" height=\"214\" src=\"https:\/\/gincatsystem.com\/wp-content\/uploads\/2022\/07\/ESTAMPACIO-1.png\" class=\"attachment-full\" alt=\"\" title=\"\" \/><\/div>[vc_column_text]<\/p>\n<h6>Stamping<\/h6>\n<p>GINCAT SYSTEM comprises both conventional and progressive printing lines for small, medium and large series.[\/vc_column_text][\/vc_column][vc_column width=&#8221;1\/3&#8243;]<div class=\"single_image wpb_content_element align-left    \" data-animation=\"none\" data-delay=\"0\"><img loading=\"lazy\" decoding=\"async\" width=\"257\" height=\"214\" src=\"https:\/\/gincatsystem.com\/wp-content\/uploads\/2022\/07\/SOLDADURA-1.png\" class=\"attachment-full\" alt=\"GINCAT SYSTEM \u00b7 Fabricaci\u00f3 de matrius,recanvis utillatges Barcelona\" title=\"SOLDADURA\" \/><\/div>[vc_column_text]<\/p>\n<h6>Welding<\/h6>\n<p>The welding section is prepared to comply with all the regulations of the sector. We have a spot welding press.[\/vc_column_text][\/vc_column][\/vc_row][vc_row bg_image=&#8221;15693&#8243; parallax_bg=&#8221;true&#8221; text_color=&#8221;light&#8221; text_align=&#8221;center&#8221; top_padding=&#8221;140&#8243; bottom_padding=&#8221;140&#8243;][vc_column width=&#8221;1\/1&#8243;]<h3 class=\"headline font-inherit fontsize-xxxxl fontweight-300 lh-inherit align-center transform-inherit \" style=\"margin: 0 0 20px 0;\">Design and development.<\/h3><div class=\"headline font-inherit fontsize-m fontweight-400 lh-inherit align-center transform-inherit \" style=\"margin: 0 0 40px 0; color: rgba(255,255,255,0.7);\">Considering the current demands of the market in product quality,<br \/>\nGINCAT SYSTEM has the most advanced machinery.<\/div><a href=\"https:\/\/gincatsystem.com\/en\/contacte\/\" target=\"_self\" class=\"button button-appear color-3 large \" style=\"border-radius: 2px;\"><span>Contact with us<i class='fa fa-envelope'><\/i><\/span><\/a>[\/vc_column][\/vc_row][vc_row top_padding=&#8221;100&#8243; bottom_padding=&#8221;100&#8243; bg_position=&#8221;left top&#8221;][vc_column width=&#8221;1\/2&#8243;][vc_column_text]<\/p>\n<h6>12 Presses<\/h6>\n<p>Design, quality and efficiency in facilities for the manufacture of fish.<\/p>\n<ul class=\"highlight\">\n<li>1 SanGiacomo press of 400 Tm <span class=\"hiddenGrammarError\">double<\/span>\u00a0amount<\/li>\n<li>3 presses of 40 Tm double upright (fast).<\/li>\n<li>4 presses of 40 tons<\/li>\n<li>3 presses of 125 Tm<\/li>\n<li>1 press of 60 Tm<\/li>\n<\/ul>\n<p>[\/vc_column_text][\/vc_column][vc_column width=&#8221;1\/2&#8243;][vc_column_text]<\/p>\n<h6>14 Machines for making matrices<\/h6>\n<p>Among other equipment and tools used to make dies and spare parts.<\/p>\n<ul class=\"highlight\">\n<li>4 EDM Machines<\/li>\n<li>4 milling machines<\/li>\n<li>1 lathe machine<\/li>\n<li>3 Drilling machines<\/li>\n<li>2 Grinding machines<\/li>\n<li>1 Threading machine<\/li>\n<\/ul>\n<p>[\/vc_column_text][\/vc_column][\/vc_row][vc_row bg_color=&#8221;#fafafa&#8221; text_align=&#8221;center&#8221; top_padding=&#8221;60&#8243; bottom_padding=&#8221;50&#8243; bg_position=&#8221;left top&#8221;][vc_column]<h5 class=\"headline font-special fontsize-xxl fontweight-300 lh-inherit align-center transform-inherit \" style=\"margin: 0 0 20px 0;\"><u>Clients<\/u><\/h5>[\/vc_column][vc_column width=&#8221;1\/6&#8243;][vc_column_text]<img loading=\"lazy\" decoding=\"async\" class=\"alignnone size-full wp-image-15661\" src=\"https:\/\/gincatsystem.com\/wp-content\/uploads\/2022\/07\/TW.png\" alt=\"\" width=\"150\" height=\"74\" \/>[\/vc_column_text][\/vc_column][vc_column width=&#8221;1\/6&#8243;][vc_column_text]<img loading=\"lazy\" decoding=\"async\" class=\"alignnone size-full wp-image-15662\" src=\"https:\/\/gincatsystem.com\/wp-content\/uploads\/2022\/07\/SCHNEIDER-ELECTRIC.png\" alt=\"\" width=\"150\" height=\"74\" \/>[\/vc_column_text][\/vc_column][vc_column width=&#8221;1\/6&#8243;][vc_column_text]<img loading=\"lazy\" decoding=\"async\" class=\"alignnone size-full wp-image-15663\" src=\"https:\/\/gincatsystem.com\/wp-content\/uploads\/2022\/07\/ABB.png\" alt=\"\" width=\"150\" height=\"74\" \/>[\/vc_column_text][\/vc_column][vc_column width=&#8221;1\/6&#8243;][vc_column_text]<img loading=\"lazy\" decoding=\"async\" class=\"alignnone size-full wp-image-15664\" src=\"https:\/\/gincatsystem.com\/wp-content\/uploads\/2022\/07\/ROCA.png\" alt=\"\" width=\"150\" height=\"74\" \/>[\/vc_column_text][\/vc_column][vc_column width=&#8221;1\/6&#8243;][vc_column_text]<img loading=\"lazy\" decoding=\"async\" class=\"alignnone size-full wp-image-15665\" src=\"https:\/\/gincatsystem.com\/wp-content\/uploads\/2022\/07\/SIMON.png\" alt=\"\" width=\"150\" height=\"74\" \/>[\/vc_column_text][\/vc_column][vc_column width=&#8221;1\/6&#8243;][vc_column_text]<img loading=\"lazy\" decoding=\"async\" class=\"alignnone size-full wp-image-15666\" src=\"https:\/\/gincatsystem.com\/wp-content\/uploads\/2022\/07\/TEKNIA.png\" alt=\"\" width=\"150\" height=\"74\" \/>[\/vc_column_text][\/vc_column][\/vc_row]<\/p>\n","protected":false},"excerpt":{"rendered":"<p>[vc_row bg_image=&#8221;15875&#8243; parallax_bg=&#8221;true&#8221; bg_color=&#8221;#f9f9f9&#8243; top_padding=&#8221;290&#8243; bottom_padding=&#8221;200&#8243;][vc_column width=&#8221;1\/1&#8243;][\/vc_column][\/vc_row][vc_row top_padding=&#8221;100&#8243; bottom_padding=&#8221;100&#8243; bg_position=&#8221;left top&#8221;][vc_column width=&#8221;1\/3&#8243;][vc_column_text] Die Making We have the technical capacity to build dies and tools for the different sectors of the industry, GINCAT\u00a0SYSTEM offers different technologies in conventional, progressive and drawing dies, automation, stamping and machining.[\/vc_column_text][\/vc_column][vc_column width=&#8221;1\/3&#8243;][vc_column_text] Stamping GINCAT SYSTEM comprises both conventional and progressive printing lines for small, medium and large series.[\/vc_column_text][\/vc_column][vc_column width=&#8221;1\/3&#8243;][vc_column_text] Welding The welding section is prepared to comply with all the regulations of the sector. We have a spot welding press.[\/vc_column_text][\/vc_column][\/vc_row][vc_row bg_image=&#8221;15693&#8243; parallax_bg=&#8221;true&#8221; text_color=&#8221;light&#8221; text_align=&#8221;center&#8221; top_padding=&#8221;140&#8243; bottom_padding=&#8221;140&#8243;][vc_column width=&#8221;1\/1&#8243;][\/vc_column][\/vc_row][vc_row top_padding=&#8221;100&#8243; bottom_padding=&#8221;100&#8243; bg_position=&#8221;left top&#8221;][vc_column width=&#8221;1\/2&#8243;][vc_column_text] 12 Presses Design, quality and efficiency in facilities for the manufacture of fish. 1 SanGiacomo press of 400 Tm double\u00a0amount 3 presses of 40 Tm double upright (fast). 4 presses of 40 tons 3 presses of 125 Tm 1 press of 60 Tm [\/vc_column_text][\/vc_column][vc_column width=&#8221;1\/2&#8243;][vc_column_text] 14 Machines for making matrices Among other equipment and tools used to make dies and spare parts. 4 EDM Machines 4 milling machines 1 lathe machine 3 Drilling machines 2 Grinding machines 1 Threading machine [\/vc_column_text][\/vc_column][\/vc_row][vc_row bg_color=&#8221;#fafafa&#8221; text_align=&#8221;center&#8221; top_padding=&#8221;60&#8243; bottom_padding=&#8221;50&#8243; bg_position=&#8221;left top&#8221;][vc_column][\/vc_column][vc_column width=&#8221;1\/6&#8243;][vc_column_text][\/vc_column_text][\/vc_column][vc_column width=&#8221;1\/6&#8243;][vc_column_text][\/vc_column_text][\/vc_column][vc_column width=&#8221;1\/6&#8243;][vc_column_text][\/vc_column_text][\/vc_column][vc_column width=&#8221;1\/6&#8243;][vc_column_text][\/vc_column_text][\/vc_column][vc_column width=&#8221;1\/6&#8243;][vc_column_text][\/vc_column_text][\/vc_column][vc_column width=&#8221;1\/6&#8243;][vc_column_text][\/vc_column_text][\/vc_column][\/vc_row]<\/p>\n","protected":false},"author":1,"featured_media":0,"parent":0,"menu_order":0,"comment_status":"open","ping_status":"open","template":"","meta":{"footnotes":""},"class_list":["post-17967","page","type-page","status-publish","hentry"],"yoast_head":"<!-- This site is optimized with the Yoast SEO plugin v19.10 - https:\/\/yoast.com\/wordpress\/plugins\/seo\/ -->\n<title>GINCAT SYSTEM \u00b7 CNC wire erosion, mills, lathes, presses...<\/title>\n<meta name=\"description\" content=\"GINCAT SYSTEM has the most advanced machinery; CNC wire erosion, penetration erosion, mills, lathes, presses, etc.\" \/>\n<meta name=\"robots\" content=\"index, follow, max-snippet:-1, max-image-preview:large, max-video-preview:-1\" \/>\n<link rel=\"canonical\" href=\"https:\/\/gincatsystem.com\/en\/serveis\/\" \/>\n<meta property=\"og:locale\" content=\"en_US\" \/>\n<meta property=\"og:type\" content=\"article\" \/>\n<meta property=\"og:title\" content=\"GINCAT SYSTEM \u00b7 CNC wire erosion, mills, lathes, presses...\" \/>\n<meta property=\"og:description\" content=\"GINCAT SYSTEM has the most advanced machinery; CNC wire erosion, penetration erosion, mills, lathes, presses, etc.\" \/>\n<meta property=\"og:url\" content=\"https:\/\/gincatsystem.com\/en\/serveis\/\" \/>\n<meta property=\"og:site_name\" content=\"Gincat System \u00b7 Matriceria, estampaci\u00f3 i soldadura\" \/>\n<meta property=\"article:modified_time\" content=\"2022-09-28T11:19:47+00:00\" \/>\n<meta property=\"og:image\" content=\"https:\/\/gincatsystem.com\/wp-content\/uploads\/2022\/07\/TW.png\" \/>\n<meta name=\"twitter:card\" content=\"summary_large_image\" \/>\n<meta name=\"twitter:label1\" content=\"Est. reading time\" \/>\n\t<meta name=\"twitter:data1\" content=\"3 minutes\" \/>\n<script type=\"application\/ld+json\" class=\"yoast-schema-graph\">{\"@context\":\"https:\/\/schema.org\",\"@graph\":[{\"@type\":\"WebPage\",\"@id\":\"https:\/\/gincatsystem.com\/en\/serveis\/\",\"url\":\"https:\/\/gincatsystem.com\/en\/serveis\/\",\"name\":\"GINCAT SYSTEM \u00b7 CNC wire erosion, mills, lathes, presses...\",\"isPartOf\":{\"@id\":\"https:\/\/gincatsystem.com\/en\/#website\"},\"datePublished\":\"2015-01-06T16:48:30+00:00\",\"dateModified\":\"2022-09-28T11:19:47+00:00\",\"description\":\"GINCAT SYSTEM has the most advanced machinery; CNC wire erosion, penetration erosion, mills, lathes, presses, etc.\",\"breadcrumb\":{\"@id\":\"https:\/\/gincatsystem.com\/en\/serveis\/#breadcrumb\"},\"inLanguage\":\"en-US\",\"potentialAction\":[{\"@type\":\"ReadAction\",\"target\":[\"https:\/\/gincatsystem.com\/en\/serveis\/\"]}]},{\"@type\":\"BreadcrumbList\",\"@id\":\"https:\/\/gincatsystem.com\/en\/serveis\/#breadcrumb\",\"itemListElement\":[{\"@type\":\"ListItem\",\"position\":1,\"name\":\"Inici\",\"item\":\"https:\/\/gincatsystem.com\/en\/\"},{\"@type\":\"ListItem\",\"position\":2,\"name\":\"Services\"}]},{\"@type\":\"WebSite\",\"@id\":\"https:\/\/gincatsystem.com\/en\/#website\",\"url\":\"https:\/\/gincatsystem.com\/en\/\",\"name\":\"Gincat System \u00b7 Matriceria, estampaci\u00f3 i soldadura\",\"description\":\"Disseny i fabricaci\u00f3 de matrius, recanvis i utillatges per a sectors com l&#039;automoci\u00f3 i el sector el\u00e8ctric.\",\"publisher\":{\"@id\":\"https:\/\/gincatsystem.com\/en\/#organization\"},\"potentialAction\":[{\"@type\":\"SearchAction\",\"target\":{\"@type\":\"EntryPoint\",\"urlTemplate\":\"https:\/\/gincatsystem.com\/en\/?s={search_term_string}\"},\"query-input\":\"required name=search_term_string\"}],\"inLanguage\":\"en-US\"},{\"@type\":\"Organization\",\"@id\":\"https:\/\/gincatsystem.com\/en\/#organization\",\"name\":\"Gincat System \u00b7 Matriceria, estampaci\u00f3 i soldadura\",\"url\":\"https:\/\/gincatsystem.com\/en\/\",\"logo\":{\"@type\":\"ImageObject\",\"inLanguage\":\"en-US\",\"@id\":\"https:\/\/gincatsystem.com\/en\/#\/schema\/logo\/image\/\",\"url\":\"https:\/\/gincatsystem.com\/wp-content\/uploads\/2022\/08\/LOGOTIP-FOOTER2.png\",\"contentUrl\":\"https:\/\/gincatsystem.com\/wp-content\/uploads\/2022\/08\/LOGOTIP-FOOTER2.png\",\"width\":307,\"height\":82,\"caption\":\"Gincat System \u00b7 Matriceria, estampaci\u00f3 i soldadura\"},\"image\":{\"@id\":\"https:\/\/gincatsystem.com\/en\/#\/schema\/logo\/image\/\"}}]}<\/script>\n<!-- \/ Yoast SEO plugin. -->","yoast_head_json":{"title":"GINCAT SYSTEM \u00b7 CNC wire erosion, mills, lathes, presses...","description":"GINCAT SYSTEM has the most advanced machinery; CNC wire erosion, penetration erosion, mills, lathes, presses, etc.","robots":{"index":"index","follow":"follow","max-snippet":"max-snippet:-1","max-image-preview":"max-image-preview:large","max-video-preview":"max-video-preview:-1"},"canonical":"https:\/\/gincatsystem.com\/en\/serveis\/","og_locale":"en_US","og_type":"article","og_title":"GINCAT SYSTEM \u00b7 CNC wire erosion, mills, lathes, presses...","og_description":"GINCAT SYSTEM has the most advanced machinery; CNC wire erosion, penetration erosion, mills, lathes, presses, etc.","og_url":"https:\/\/gincatsystem.com\/en\/serveis\/","og_site_name":"Gincat System \u00b7 Matriceria, estampaci\u00f3 i soldadura","article_modified_time":"2022-09-28T11:19:47+00:00","og_image":[{"url":"https:\/\/gincatsystem.com\/wp-content\/uploads\/2022\/07\/TW.png"}],"twitter_card":"summary_large_image","twitter_misc":{"Est. reading time":"3 minutes"},"schema":{"@context":"https:\/\/schema.org","@graph":[{"@type":"WebPage","@id":"https:\/\/gincatsystem.com\/en\/serveis\/","url":"https:\/\/gincatsystem.com\/en\/serveis\/","name":"GINCAT SYSTEM \u00b7 CNC wire erosion, mills, lathes, presses...","isPartOf":{"@id":"https:\/\/gincatsystem.com\/en\/#website"},"datePublished":"2015-01-06T16:48:30+00:00","dateModified":"2022-09-28T11:19:47+00:00","description":"GINCAT SYSTEM has the most advanced machinery; CNC wire erosion, penetration erosion, mills, lathes, presses, etc.","breadcrumb":{"@id":"https:\/\/gincatsystem.com\/en\/serveis\/#breadcrumb"},"inLanguage":"en-US","potentialAction":[{"@type":"ReadAction","target":["https:\/\/gincatsystem.com\/en\/serveis\/"]}]},{"@type":"BreadcrumbList","@id":"https:\/\/gincatsystem.com\/en\/serveis\/#breadcrumb","itemListElement":[{"@type":"ListItem","position":1,"name":"Inici","item":"https:\/\/gincatsystem.com\/en\/"},{"@type":"ListItem","position":2,"name":"Services"}]},{"@type":"WebSite","@id":"https:\/\/gincatsystem.com\/en\/#website","url":"https:\/\/gincatsystem.com\/en\/","name":"Gincat System \u00b7 Matriceria, estampaci\u00f3 i soldadura","description":"Disseny i fabricaci\u00f3 de matrius, recanvis i utillatges per a sectors com l&#039;automoci\u00f3 i el sector el\u00e8ctric.","publisher":{"@id":"https:\/\/gincatsystem.com\/en\/#organization"},"potentialAction":[{"@type":"SearchAction","target":{"@type":"EntryPoint","urlTemplate":"https:\/\/gincatsystem.com\/en\/?s={search_term_string}"},"query-input":"required name=search_term_string"}],"inLanguage":"en-US"},{"@type":"Organization","@id":"https:\/\/gincatsystem.com\/en\/#organization","name":"Gincat System \u00b7 Matriceria, estampaci\u00f3 i soldadura","url":"https:\/\/gincatsystem.com\/en\/","logo":{"@type":"ImageObject","inLanguage":"en-US","@id":"https:\/\/gincatsystem.com\/en\/#\/schema\/logo\/image\/","url":"https:\/\/gincatsystem.com\/wp-content\/uploads\/2022\/08\/LOGOTIP-FOOTER2.png","contentUrl":"https:\/\/gincatsystem.com\/wp-content\/uploads\/2022\/08\/LOGOTIP-FOOTER2.png","width":307,"height":82,"caption":"Gincat System \u00b7 Matriceria, estampaci\u00f3 i soldadura"},"image":{"@id":"https:\/\/gincatsystem.com\/en\/#\/schema\/logo\/image\/"}}]}},"_links":{"self":[{"href":"https:\/\/gincatsystem.com\/en\/wp-json\/wp\/v2\/pages\/17967","targetHints":{"allow":["GET"]}}],"collection":[{"href":"https:\/\/gincatsystem.com\/en\/wp-json\/wp\/v2\/pages"}],"about":[{"href":"https:\/\/gincatsystem.com\/en\/wp-json\/wp\/v2\/types\/page"}],"author":[{"embeddable":true,"href":"https:\/\/gincatsystem.com\/en\/wp-json\/wp\/v2\/users\/1"}],"replies":[{"embeddable":true,"href":"https:\/\/gincatsystem.com\/en\/wp-json\/wp\/v2\/comments?post=17967"}],"version-history":[{"count":2,"href":"https:\/\/gincatsystem.com\/en\/wp-json\/wp\/v2\/pages\/17967\/revisions"}],"predecessor-version":[{"id":17969,"href":"https:\/\/gincatsystem.com\/en\/wp-json\/wp\/v2\/pages\/17967\/revisions\/17969"}],"wp:attachment":[{"href":"https:\/\/gincatsystem.com\/en\/wp-json\/wp\/v2\/media?parent=17967"}],"curies":[{"name":"wp","href":"https:\/\/api.w.org\/{rel}","templated":true}]}}