{"id":18016,"date":"2015-01-06T16:48:30","date_gmt":"2015-01-06T16:48:30","guid":{"rendered":"https:\/\/gincatsystem.com\/serveis\/"},"modified":"2022-09-29T06:28:43","modified_gmt":"2022-09-29T06:28:43","slug":"serveis","status":"publish","type":"page","link":"https:\/\/gincatsystem.com\/de\/serveis\/","title":{"rendered":"Dienstleistungen"},"content":{"rendered":"<p>[vc_row bg_image=&#8220;15875&#8243; parallax_bg=&#8220;true&#8220; bg_color=&#8220;#f9f9f9&#8243; top_padding=&#8220;290&#8243; bottom_padding=&#8220;200&#8243;][vc_column width=&#8220;1\/1&#8243;]<h1 class=\"headline font-inherit fontsize-xxxxxl fontweight-300 lh-13 align-left transform-inherit \" style=\"margin: 0 0 20px 0; color: #ffffff;\">In st\u00e4ndig<br \/>\nBem\u00fchen um Qualit\u00e4t.<\/h1><div class=\"headline font-inherit fontsize-l fontweight-400 lh-inherit align-left transform-inherit \" style=\"margin: 0; color: #ffffff;\">GINCAT SYSTEM verf\u00fcgt \u00fcber die modernsten Maschinen; CNC Drahterodieren, Durchbohren, Fr\u00e4sen, Drehmaschinen, Pressen etc. Dadurch k\u00f6nnen wir unseren Produkten Spitzenqualit\u00e4t bieten.<\/div>[\/vc_column][\/vc_row][vc_row top_padding=&#8220;100&#8243; bottom_padding=&#8220;100&#8243; bg_position=&#8220;left top&#8220;][vc_column width=&#8220;1\/3&#8243;]<div class=\"single_image wpb_content_element align-left    \" data-animation=\"none\" data-delay=\"0\"><img loading=\"lazy\" decoding=\"async\" width=\"257\" height=\"214\" src=\"https:\/\/gincatsystem.com\/wp-content\/uploads\/2022\/07\/MATRICERIA-1.png\" class=\"attachment-full\" alt=\"GINCAT SYSTEM \u00b7 Fabricaci\u00f3 de matrius,recanvis utillatges Barcelona\" title=\"MATRICERIA\" \/><\/div>[vc_column_text]<\/p>\n<h6>Schimmel<\/h6>\n<p>Wir haben die technische Kapazit\u00e4t, Matrizen und Werkzeuge f\u00fcr die verschiedenen Branchen der Industrie zu bauen, <span class=\"hiddenSpellError\">GINCAT<\/span> <span class=\"hiddenSpellError\">SYSTEM<\/span> bietet verschiedene Technologien in konventionellen Matrizen an , Folgeverbund- und Tiefziehen, Automatisierung, Stanzen und Zerspanen.[\/vc_column_text][\/vc_column][vc_column width=&#8220;1\/3&#8243;]<div class=\"single_image wpb_content_element align-left    \" data-animation=\"none\" data-delay=\"0\"><img loading=\"lazy\" decoding=\"async\" width=\"257\" height=\"214\" src=\"https:\/\/gincatsystem.com\/wp-content\/uploads\/2022\/07\/ESTAMPACIO-1.png\" class=\"attachment-full\" alt=\"GINCAT SYSTEM \u00b7 Fabricaci\u00f3 de matrius,recanvis utillatges Barcelona\" title=\"ESTAMPACIO\" \/><\/div>[vc_column_text]<\/p>\n<h6>Stempeln<\/h6>\n<p>GINCAT SYSTEM umfasst sowohl konventionelle als auch progressive Drucklinien f\u00fcr kleine, mittlere und gro\u00dfe Serien.[\/vc_column_text][\/vc_column][vc_column width=&#8220;1\/3&#8243;]<div class=\"single_image wpb_content_element align-left    \" data-animation=\"none\" data-delay=\"0\"><img loading=\"lazy\" decoding=\"async\" width=\"257\" height=\"214\" src=\"https:\/\/gincatsystem.com\/wp-content\/uploads\/2022\/07\/SOLDADURA-1.png\" class=\"attachment-full\" alt=\"GINCAT SYSTEM \u00b7 Fabricaci\u00f3 de matrius,recanvis utillatges Barcelona\" title=\"SOLDADURA\" \/><\/div>[vc_column_text]<\/p>\n<h6>Schwei\u00dfen<\/h6>\n<p>Die Schwei\u00dfabteilung ist darauf vorbereitet, alle Vorschriften der Branche zu erf\u00fcllen. Wir haben eine Punktschwei\u00dfpresse.[\/vc_column_text][\/vc_column][\/vc_row][vc_row bg_image=&#8220;15693&#8243; parallax_bg=&#8220;true&#8220; text_color=&#8220;light&#8220; text_align=&#8220;center&#8220; top_padding=&#8220;140&#8243; bottom_padding=&#8220;140&#8243;][vc_column width=&#8220;1\/1&#8243;]<h3 class=\"headline font-inherit fontsize-xxxxl fontweight-300 lh-inherit align-center transform-inherit \" style=\"margin: 0 0 20px 0;\">Design und Entwicklung.<\/h3><div class=\"headline font-inherit fontsize-m fontweight-400 lh-inherit align-center transform-inherit \" style=\"margin: 0 0 40px 0; color: rgba(255,255,255,0.7);\">Unter Ber\u00fccksichtigung der aktuellen Anforderungen des Marktes in Bezug auf die Produktqualit\u00e4t, GINCAT SYSTEM verf\u00fcgt \u00fcber den modernsten Maschinenpark.<\/div><a href=\"https:\/\/gincatsystem.com\/de\/contacte\/\" target=\"_self\" class=\"button button-appear color-3 large \" style=\"border-radius: 2px;\"><span>Kontaktiere uns<i class='fa fa-envelope'><\/i><\/span><\/a>[\/vc_column][\/vc_row][vc_row top_padding=&#8220;100&#8243; bottom_padding=&#8220;100&#8243; bg_position=&#8220;left top&#8220;][vc_column width=&#8220;1\/2&#8243;][vc_column_text]<\/p>\n<h6>12 Pressen<\/h6>\n<p>Design, Qualit\u00e4t und Effizienz in Anlagen zur Herstellung von Pressen.<\/p>\n<ul class=\"highlight\">\n<li>1 SanGiacomo-Presse von 400 Tm<\/li>\n<li>3 Pressen von 40 Tm Doppelst\u00e4nder (schnell).<\/li>\n<li>4 Pressen von 40 Tm<\/li>\n<li>3 Pressen von 125 Tm<\/li>\n<li>1 Pressen von 60 Tm<\/li>\n<\/ul>\n<p>[\/vc_column_text][\/vc_column][vc_column width=&#8220;1\/2&#8243;][vc_column_text]<\/p>\n<h6>14 Matrizenherstellungsmaschinen<\/h6>\n<p>Unter anderem Ger\u00e4te und Werkzeuge, die zur Herstellung von Matrizen und Ersatzteilen verwendet werden.<\/p>\n<ul class=\"highlight\">\n<li>4 Erodiermaschinen<\/li>\n<li>4 Fr\u00e4smaschinen<\/li>\n<li>1 Drehmaschine<\/li>\n<li>3 Bohrmaschinen<\/li>\n<li>2 Schleifmaschinen<\/li>\n<li>1 Einf\u00e4delmaschine<\/li>\n<\/ul>\n<p>[\/vc_column_text][\/vc_column][\/vc_row][vc_row bg_color=&#8220;#fafafa&#8220; text_align=&#8220;center&#8220; top_padding=&#8220;60&#8243; bottom_padding=&#8220;50&#8243; bg_position=&#8220;left top&#8220;][vc_column]<h5 class=\"headline font-special fontsize-xxl fontweight-300 lh-inherit align-center transform-inherit \" style=\"margin: 0 0 20px 0;\"><u>Kunden<\/u><\/h5>[\/vc_column][vc_column width=&#8220;1\/6&#8243;][vc_column_text]<img loading=\"lazy\" decoding=\"async\" class=\"alignnone size-full wp-image-15661\" src=\"https:\/\/gincatsystem.com\/wp-content\/uploads\/2022\/07\/TW.png\" alt=\"\" width=\"150\" height=\"74\" \/>[\/vc_column_text][\/vc_column][vc_column width=&#8220;1\/6&#8243;][vc_column_text]<img loading=\"lazy\" decoding=\"async\" class=\"alignnone size-full wp-image-15662\" src=\"https:\/\/gincatsystem.com\/wp-content\/uploads\/2022\/07\/SCHNEIDER-ELECTRIC.png\" alt=\"\" width=\"150\" height=\"74\" \/>[\/vc_column_text][\/vc_column][vc_column width=&#8220;1\/6&#8243;][vc_column_text]<img loading=\"lazy\" decoding=\"async\" class=\"alignnone size-full wp-image-15663\" src=\"https:\/\/gincatsystem.com\/wp-content\/uploads\/2022\/07\/ABB.png\" alt=\"\" width=\"150\" height=\"74\" \/>[\/vc_column_text][\/vc_column][vc_column width=&#8220;1\/6&#8243;][vc_column_text]<img loading=\"lazy\" decoding=\"async\" class=\"alignnone size-full wp-image-15664\" src=\"https:\/\/gincatsystem.com\/wp-content\/uploads\/2022\/07\/ROCA.png\" alt=\"\" width=\"150\" height=\"74\" \/>[\/vc_column_text][\/vc_column][vc_column width=&#8220;1\/6&#8243;][vc_column_text]<img loading=\"lazy\" decoding=\"async\" class=\"alignnone size-full wp-image-15665\" src=\"https:\/\/gincatsystem.com\/wp-content\/uploads\/2022\/07\/SIMON.png\" alt=\"\" width=\"150\" height=\"74\" \/>[\/vc_column_text][\/vc_column][vc_column width=&#8220;1\/6&#8243;][vc_column_text]<img loading=\"lazy\" decoding=\"async\" class=\"alignnone size-full wp-image-15666\" src=\"https:\/\/gincatsystem.com\/wp-content\/uploads\/2022\/07\/TEKNIA.png\" alt=\"\" width=\"150\" height=\"74\" \/>[\/vc_column_text][\/vc_column][\/vc_row]<\/p>\n","protected":false},"excerpt":{"rendered":"<p>[vc_row bg_image=&#8220;15875&#8243; parallax_bg=&#8220;true&#8220; bg_color=&#8220;#f9f9f9&#8243; top_padding=&#8220;290&#8243; bottom_padding=&#8220;200&#8243;][vc_column width=&#8220;1\/1&#8243;][\/vc_column][\/vc_row][vc_row top_padding=&#8220;100&#8243; bottom_padding=&#8220;100&#8243; bg_position=&#8220;left top&#8220;][vc_column width=&#8220;1\/3&#8243;][vc_column_text] Schimmel Wir haben die technische Kapazit\u00e4t, Matrizen und Werkzeuge f\u00fcr die verschiedenen Branchen der Industrie zu bauen, GINCAT SYSTEM bietet verschiedene Technologien in konventionellen Matrizen an , Folgeverbund- und Tiefziehen, Automatisierung, Stanzen und Zerspanen.[\/vc_column_text][\/vc_column][vc_column width=&#8220;1\/3&#8243;][vc_column_text] Stempeln GINCAT SYSTEM umfasst sowohl konventionelle als auch progressive Drucklinien f\u00fcr kleine, mittlere und gro\u00dfe Serien.[\/vc_column_text][\/vc_column][vc_column width=&#8220;1\/3&#8243;][vc_column_text] Schwei\u00dfen Die Schwei\u00dfabteilung ist darauf vorbereitet, alle Vorschriften der Branche zu erf\u00fcllen. Wir haben eine Punktschwei\u00dfpresse.[\/vc_column_text][\/vc_column][\/vc_row][vc_row bg_image=&#8220;15693&#8243; parallax_bg=&#8220;true&#8220; text_color=&#8220;light&#8220; text_align=&#8220;center&#8220; top_padding=&#8220;140&#8243; bottom_padding=&#8220;140&#8243;][vc_column width=&#8220;1\/1&#8243;][\/vc_column][\/vc_row][vc_row top_padding=&#8220;100&#8243; bottom_padding=&#8220;100&#8243; bg_position=&#8220;left top&#8220;][vc_column width=&#8220;1\/2&#8243;][vc_column_text] 12 Pressen Design, Qualit\u00e4t und Effizienz in Anlagen zur Herstellung von Pressen. 1 SanGiacomo-Presse von 400 Tm 3 Pressen von 40 Tm Doppelst\u00e4nder (schnell). 4 Pressen von 40 Tm 3 Pressen von 125 Tm 1 Pressen von 60 Tm [\/vc_column_text][\/vc_column][vc_column width=&#8220;1\/2&#8243;][vc_column_text] 14 Matrizenherstellungsmaschinen Unter anderem Ger\u00e4te und Werkzeuge, die zur Herstellung von Matrizen und Ersatzteilen verwendet werden. 4 Erodiermaschinen 4 Fr\u00e4smaschinen 1 Drehmaschine 3 Bohrmaschinen 2 Schleifmaschinen 1 Einf\u00e4delmaschine [\/vc_column_text][\/vc_column][\/vc_row][vc_row bg_color=&#8220;#fafafa&#8220; text_align=&#8220;center&#8220; top_padding=&#8220;60&#8243; bottom_padding=&#8220;50&#8243; bg_position=&#8220;left top&#8220;][vc_column][\/vc_column][vc_column width=&#8220;1\/6&#8243;][vc_column_text][\/vc_column_text][\/vc_column][vc_column width=&#8220;1\/6&#8243;][vc_column_text][\/vc_column_text][\/vc_column][vc_column width=&#8220;1\/6&#8243;][vc_column_text][\/vc_column_text][\/vc_column][vc_column width=&#8220;1\/6&#8243;][vc_column_text][\/vc_column_text][\/vc_column][vc_column width=&#8220;1\/6&#8243;][vc_column_text][\/vc_column_text][\/vc_column][vc_column width=&#8220;1\/6&#8243;][vc_column_text][\/vc_column_text][\/vc_column][\/vc_row]<\/p>\n","protected":false},"author":1,"featured_media":0,"parent":0,"menu_order":0,"comment_status":"open","ping_status":"open","template":"","meta":{"footnotes":""},"class_list":["post-18016","page","type-page","status-publish","hentry"],"yoast_head":"<!-- This site is optimized with the Yoast SEO plugin v19.10 - https:\/\/yoast.com\/wordpress\/plugins\/seo\/ -->\n<title>GINCAT SYSTEM CNC Drahterodieren, Fr\u00e4smaschinen<\/title>\n<meta name=\"description\" content=\"GINCAT SYSTEM verf\u00fcgt \u00fcber die modernsten Maschinen; CNC Drahterodieren, Durchbohren, Fr\u00e4sen, Drehmaschinen, Pressen etc.\" \/>\n<meta name=\"robots\" content=\"index, follow, max-snippet:-1, max-image-preview:large, max-video-preview:-1\" \/>\n<link rel=\"canonical\" href=\"https:\/\/gincatsystem.com\/de\/serveis\/\" \/>\n<meta property=\"og:locale\" content=\"de_DE\" \/>\n<meta property=\"og:type\" content=\"article\" \/>\n<meta property=\"og:title\" content=\"GINCAT SYSTEM CNC Drahterodieren, Fr\u00e4smaschinen\" \/>\n<meta property=\"og:description\" content=\"GINCAT SYSTEM verf\u00fcgt \u00fcber die modernsten Maschinen; CNC Drahterodieren, Durchbohren, Fr\u00e4sen, Drehmaschinen, Pressen etc.\" \/>\n<meta property=\"og:url\" content=\"https:\/\/gincatsystem.com\/de\/serveis\/\" \/>\n<meta property=\"og:site_name\" content=\"Gincat System \u00b7 Matriceria, estampaci\u00f3 i soldadura\" \/>\n<meta property=\"article:modified_time\" content=\"2022-09-29T06:28:43+00:00\" \/>\n<meta property=\"og:image\" content=\"https:\/\/gincatsystem.com\/wp-content\/uploads\/2022\/07\/TW.png\" \/>\n<meta name=\"twitter:card\" content=\"summary_large_image\" \/>\n<meta name=\"twitter:label1\" content=\"Gesch\u00e4tzte Lesezeit\" \/>\n\t<meta name=\"twitter:data1\" content=\"3\u00a0Minuten\" \/>\n<script type=\"application\/ld+json\" class=\"yoast-schema-graph\">{\"@context\":\"https:\/\/schema.org\",\"@graph\":[{\"@type\":\"WebPage\",\"@id\":\"https:\/\/gincatsystem.com\/de\/serveis\/\",\"url\":\"https:\/\/gincatsystem.com\/de\/serveis\/\",\"name\":\"GINCAT SYSTEM CNC Drahterodieren, Fr\u00e4smaschinen\",\"isPartOf\":{\"@id\":\"https:\/\/gincatsystem.com\/de\/#website\"},\"datePublished\":\"2015-01-06T16:48:30+00:00\",\"dateModified\":\"2022-09-29T06:28:43+00:00\",\"description\":\"GINCAT SYSTEM verf\u00fcgt \u00fcber die modernsten Maschinen; CNC Drahterodieren, Durchbohren, Fr\u00e4sen, Drehmaschinen, Pressen etc.\",\"breadcrumb\":{\"@id\":\"https:\/\/gincatsystem.com\/de\/serveis\/#breadcrumb\"},\"inLanguage\":\"de\",\"potentialAction\":[{\"@type\":\"ReadAction\",\"target\":[\"https:\/\/gincatsystem.com\/de\/serveis\/\"]}]},{\"@type\":\"BreadcrumbList\",\"@id\":\"https:\/\/gincatsystem.com\/de\/serveis\/#breadcrumb\",\"itemListElement\":[{\"@type\":\"ListItem\",\"position\":1,\"name\":\"Inici\",\"item\":\"https:\/\/gincatsystem.com\/de\/\"},{\"@type\":\"ListItem\",\"position\":2,\"name\":\"Dienstleistungen\"}]},{\"@type\":\"WebSite\",\"@id\":\"https:\/\/gincatsystem.com\/de\/#website\",\"url\":\"https:\/\/gincatsystem.com\/de\/\",\"name\":\"Gincat System \u00b7 Matriceria, estampaci\u00f3 i soldadura\",\"description\":\"Disseny i fabricaci\u00f3 de matrius, recanvis i utillatges per a sectors com l&#039;automoci\u00f3 i el sector el\u00e8ctric.\",\"publisher\":{\"@id\":\"https:\/\/gincatsystem.com\/de\/#organization\"},\"potentialAction\":[{\"@type\":\"SearchAction\",\"target\":{\"@type\":\"EntryPoint\",\"urlTemplate\":\"https:\/\/gincatsystem.com\/de\/?s={search_term_string}\"},\"query-input\":\"required name=search_term_string\"}],\"inLanguage\":\"de\"},{\"@type\":\"Organization\",\"@id\":\"https:\/\/gincatsystem.com\/de\/#organization\",\"name\":\"Gincat System \u00b7 Matriceria, estampaci\u00f3 i soldadura\",\"url\":\"https:\/\/gincatsystem.com\/de\/\",\"logo\":{\"@type\":\"ImageObject\",\"inLanguage\":\"de\",\"@id\":\"https:\/\/gincatsystem.com\/de\/#\/schema\/logo\/image\/\",\"url\":\"https:\/\/gincatsystem.com\/wp-content\/uploads\/2022\/08\/LOGOTIP-FOOTER2.png\",\"contentUrl\":\"https:\/\/gincatsystem.com\/wp-content\/uploads\/2022\/08\/LOGOTIP-FOOTER2.png\",\"width\":307,\"height\":82,\"caption\":\"Gincat System \u00b7 Matriceria, estampaci\u00f3 i soldadura\"},\"image\":{\"@id\":\"https:\/\/gincatsystem.com\/de\/#\/schema\/logo\/image\/\"}}]}<\/script>\n<!-- \/ Yoast SEO plugin. -->","yoast_head_json":{"title":"GINCAT SYSTEM CNC Drahterodieren, Fr\u00e4smaschinen","description":"GINCAT SYSTEM verf\u00fcgt \u00fcber die modernsten Maschinen; CNC Drahterodieren, Durchbohren, Fr\u00e4sen, Drehmaschinen, Pressen etc.","robots":{"index":"index","follow":"follow","max-snippet":"max-snippet:-1","max-image-preview":"max-image-preview:large","max-video-preview":"max-video-preview:-1"},"canonical":"https:\/\/gincatsystem.com\/de\/serveis\/","og_locale":"de_DE","og_type":"article","og_title":"GINCAT SYSTEM CNC Drahterodieren, Fr\u00e4smaschinen","og_description":"GINCAT SYSTEM verf\u00fcgt \u00fcber die modernsten Maschinen; CNC Drahterodieren, Durchbohren, Fr\u00e4sen, Drehmaschinen, Pressen etc.","og_url":"https:\/\/gincatsystem.com\/de\/serveis\/","og_site_name":"Gincat System \u00b7 Matriceria, estampaci\u00f3 i soldadura","article_modified_time":"2022-09-29T06:28:43+00:00","og_image":[{"url":"https:\/\/gincatsystem.com\/wp-content\/uploads\/2022\/07\/TW.png"}],"twitter_card":"summary_large_image","twitter_misc":{"Gesch\u00e4tzte Lesezeit":"3\u00a0Minuten"},"schema":{"@context":"https:\/\/schema.org","@graph":[{"@type":"WebPage","@id":"https:\/\/gincatsystem.com\/de\/serveis\/","url":"https:\/\/gincatsystem.com\/de\/serveis\/","name":"GINCAT SYSTEM CNC Drahterodieren, Fr\u00e4smaschinen","isPartOf":{"@id":"https:\/\/gincatsystem.com\/de\/#website"},"datePublished":"2015-01-06T16:48:30+00:00","dateModified":"2022-09-29T06:28:43+00:00","description":"GINCAT SYSTEM verf\u00fcgt \u00fcber die modernsten Maschinen; CNC Drahterodieren, Durchbohren, Fr\u00e4sen, Drehmaschinen, Pressen etc.","breadcrumb":{"@id":"https:\/\/gincatsystem.com\/de\/serveis\/#breadcrumb"},"inLanguage":"de","potentialAction":[{"@type":"ReadAction","target":["https:\/\/gincatsystem.com\/de\/serveis\/"]}]},{"@type":"BreadcrumbList","@id":"https:\/\/gincatsystem.com\/de\/serveis\/#breadcrumb","itemListElement":[{"@type":"ListItem","position":1,"name":"Inici","item":"https:\/\/gincatsystem.com\/de\/"},{"@type":"ListItem","position":2,"name":"Dienstleistungen"}]},{"@type":"WebSite","@id":"https:\/\/gincatsystem.com\/de\/#website","url":"https:\/\/gincatsystem.com\/de\/","name":"Gincat System \u00b7 Matriceria, estampaci\u00f3 i soldadura","description":"Disseny i fabricaci\u00f3 de matrius, recanvis i utillatges per a sectors com l&#039;automoci\u00f3 i el sector el\u00e8ctric.","publisher":{"@id":"https:\/\/gincatsystem.com\/de\/#organization"},"potentialAction":[{"@type":"SearchAction","target":{"@type":"EntryPoint","urlTemplate":"https:\/\/gincatsystem.com\/de\/?s={search_term_string}"},"query-input":"required name=search_term_string"}],"inLanguage":"de"},{"@type":"Organization","@id":"https:\/\/gincatsystem.com\/de\/#organization","name":"Gincat System \u00b7 Matriceria, estampaci\u00f3 i soldadura","url":"https:\/\/gincatsystem.com\/de\/","logo":{"@type":"ImageObject","inLanguage":"de","@id":"https:\/\/gincatsystem.com\/de\/#\/schema\/logo\/image\/","url":"https:\/\/gincatsystem.com\/wp-content\/uploads\/2022\/08\/LOGOTIP-FOOTER2.png","contentUrl":"https:\/\/gincatsystem.com\/wp-content\/uploads\/2022\/08\/LOGOTIP-FOOTER2.png","width":307,"height":82,"caption":"Gincat System \u00b7 Matriceria, estampaci\u00f3 i soldadura"},"image":{"@id":"https:\/\/gincatsystem.com\/de\/#\/schema\/logo\/image\/"}}]}},"_links":{"self":[{"href":"https:\/\/gincatsystem.com\/de\/wp-json\/wp\/v2\/pages\/18016","targetHints":{"allow":["GET"]}}],"collection":[{"href":"https:\/\/gincatsystem.com\/de\/wp-json\/wp\/v2\/pages"}],"about":[{"href":"https:\/\/gincatsystem.com\/de\/wp-json\/wp\/v2\/types\/page"}],"author":[{"embeddable":true,"href":"https:\/\/gincatsystem.com\/de\/wp-json\/wp\/v2\/users\/1"}],"replies":[{"embeddable":true,"href":"https:\/\/gincatsystem.com\/de\/wp-json\/wp\/v2\/comments?post=18016"}],"version-history":[{"count":2,"href":"https:\/\/gincatsystem.com\/de\/wp-json\/wp\/v2\/pages\/18016\/revisions"}],"predecessor-version":[{"id":18018,"href":"https:\/\/gincatsystem.com\/de\/wp-json\/wp\/v2\/pages\/18016\/revisions\/18018"}],"wp:attachment":[{"href":"https:\/\/gincatsystem.com\/de\/wp-json\/wp\/v2\/media?parent=18016"}],"curies":[{"name":"wp","href":"https:\/\/api.w.org\/{rel}","templated":true}]}}