{"id":18009,"date":"2022-08-02T08:22:47","date_gmt":"2022-08-02T08:22:47","guid":{"rendered":"https:\/\/gincatsystem.com\/avis-legal-2\/"},"modified":"2022-09-29T06:08:59","modified_gmt":"2022-09-29T06:08:59","slug":"avis-legal-2","status":"publish","type":"page","link":"https:\/\/gincatsystem.com\/de\/avis-legal-2\/","title":{"rendered":"Rechtlicher Hinweis"},"content":{"rendered":"\r\n<h2 class=\"wp-block-heading\"><\/h2>\r\n\r\n\r\n\r\n<p>In \u00dcbereinstimmung mit dem Gesetz 34\/2002 vom 11. Juli \u00fcber Dienste der Informationsgesellschaft und des elektronischen Gesch\u00e4ftsverkehrs wird der Benutzer dar\u00fcber informiert, dass der Eigent\u00fcmer der Website www.gincatsystem.com \u00e9s de&nbsp;GINCAT SYSTEM, S.L.&nbsp;und ihre Identifikationsdaten sind:<br>Adresse: C.Barcelona, 25<br>CP: 08272 Bev\u00f6lkerung: St. Fruitos de Bages Provinz: Barcelona<br>CIF: B64140007<\/p>\r\n\r\n\r\n\r\n<h2 class=\"wp-block-heading\">1. Greifen Sie auf die Website zu<\/h2>\r\n\r\n\r\n\r\n<p>Das Impressum regelt den Zugang und die Nutzung der Website durch die Nutzer und soll die Produkte des Unternehmens bekannt machen und allen Internetnutzern den allgemeinen Zugang erm\u00f6glichen.<br>Der Zugang und\/oder die Nutzung des Internets verleiht dem Benutzer die Benutzerbedingung und die vorbehaltlose Annahme aller dieser allgemeinen Bedingungen sowie der anderen besonderen Bedingungen, die in diesem Fall , regeln die Nutzung des Portals oder der damit verkn\u00fcpften Dienste.<br>Der Benutzer muss die rechtlichen Hinweise und die Datenschutz- und Cookie-Richtlinien sorgf\u00e4ltig lesen, wenn er beabsichtigt, die Website zu nutzen, da&nbsp;<strong>GINCAT SYSTEM<\/strong>&nbsp;beh\u00e4lt sich das Recht vor, jederzeit und ohne vorherige Ank\u00fcndigung \u00c4nderungen oder Aktualisierungen der Inhalte und Dienste, dieser Zugangs- und Nutzungsbestimmungen und im Allgemeinen aller Elemente vorzunehmen, die das Design und die Konfiguration von ausmachen die Ihre Website. Wenn Sie die Zugangs- und Nutzungsbedingungen nicht akzeptieren, unterlassen Sie bitte die Nutzung des Webs und seiner Inhalte.<\/p>\r\n\r\n\r\n\r\n<h2 class=\"wp-block-heading\">2. Nutzung der Website<\/h2>\r\n\r\n\r\n\r\n<p>Der Benutzer verpflichtet sich, die Website sowie die Informationen im Zusammenhang mit seinen Dienstleistungen und Aktivit\u00e4ten unter vollst\u00e4ndiger Einhaltung der geltenden Vorschriften sowie der Moral und der allgemein anerkannten guten Sitten und der \u00f6ffentlichen Ordnung, der Zugangsbedingungen und Nutzung und alle anderen auf der Website festgelegten Bedingungen.<br>Dar\u00fcber hinaus stimmen Sie zu, den Inhalt nicht f\u00fcr illegale Zwecke oder Wirkungen zu verwenden, die in diesem Text verboten sind, die Rechte und Interessen Dritter beeintr\u00e4chtigen oder die in irgendeiner Weise besch\u00e4digen, deaktivieren, \u00fcberlasten, verschlechtern oder behindern k\u00f6nnen normale Nutzung der Inhalte, andere Benutzer oder Internetbenutzer (Hardware und Software).<\/p>\r\n\r\n\r\n\r\n<h2 class=\"wp-block-heading\">3. Betrieb der Website<\/h2>\r\n\r\n\r\n\r\n<p>Im Falle der Nichteinhaltung der Bedingungen des Impressums oder der Datenschutz- und Cookie-Richtlinien,&nbsp;<strong>GINCAT SYSTEM<\/strong>&nbsp;beh\u00e4lt sich das Recht vor, den Zugriff auf seine Website einzuschr\u00e4nken, auszusetzen und\/oder auszuschlie\u00dfen, und ergreift diesbez\u00fcglich alle erforderlichen technischen Ma\u00dfnahmen.&nbsp;<strong>GINCAT SYSTEM<\/strong>&nbsp;wird alles tun, um die Website in gutem Zustand zu halten, Fehler zu vermeiden oder zu beheben und die Inhalte auf dem neuesten Stand zu halten. Jedoch,&nbsp;<strong>GINCAT SYSTEM<\/strong>&nbsp;garantiert nicht die Verf\u00fcgbarkeit und Kontinuit\u00e4t des Zugriffs auf die Website oder das Fehlen von Fehlern im Inhalt.<\/p>\r\n\r\n\r\n\r\n<h2 class=\"wp-block-heading\">4. Verantwortung<\/h2>\r\n\r\n\r\n\r\n<p>Der Benutzer ist allein verantwortlich f\u00fcr die Verwendung von Informationen oder Mechanismen auf der Website.<br><strong><strong>GINCAT SYSTEM<\/strong><\/strong>&nbsp;haftet nicht f\u00fcr Sch\u00e4den an der Hardware und\/oder Software des Benutzers, die durch den Zugriff und die Nutzung der Website entstehen. Ebenso ist es nicht verantwortlich f\u00fcr diese Sch\u00e4den und\/oder Verluste, die durch den Zugriff und\/oder die Nutzung der Informationen auf der Website verursacht werden k\u00f6nnen, insbesondere solche, die in Computersystemen auftreten oder durch Viren \/ oder Angriffe verursacht werden Probleme, St\u00fcrze, Unterbrechungen, Fehlen oder Defekt der Kommunikation und\/oder des Internets.<br>Der Benutzer haftet f\u00fcr die Sch\u00e4den und\/oder Verluste, die dadurch entstehen&nbsp;<strong><strong>GINCAT SYSTEM<\/strong><\/strong>&nbsp;kann als Folge der Verletzung einer der Verpflichtungen leiden, denen sie durch diesen rechtlichen Hinweis, die geltenden Vorschriften und die Datenschutz- und Cookie-Richtlinie unterliegt.<\/p>\r\n\r\n\r\n\r\n<h2 class=\"wp-block-heading\">5. Richtlinie zu &#8222;Links&#8220; (verlinktes und verlinktes Web)<\/h2>\r\n\r\n\r\n\r\n<p><strong>\u00b7Verlinkte Webseite<\/strong><br>Dritte, die beabsichtigen, einen Link zu dieser Seite in eine Webseite aufzunehmen, m\u00fcssen sich an die geltende Gesetzgebung halten und d\u00fcrfen keine unangemessenen, illegalen, pornografischen, gewaltt\u00e4tigen usw. Inhalte hosten.<\/p>\r\n\r\n\r\n\r\n<p>In keinem Fall&nbsp;<strong><strong><strong>GINCAT SYSTEM<\/strong><\/strong><\/strong>&nbsp;ist f\u00fcr den Inhalt der Webseite verantwortlich, noch f\u00f6rdert, garantiert, \u00fcberwacht oder empfiehlt sie deren Inhalt.<\/p>\r\n\r\n\r\n\r\n<p>Wenn die verlinkende Website einen der oben genannten Aspekte nicht erf\u00fcllt, ist sie verpflichtet, den Link unverz\u00fcglich zu entfernen.<\/p>\r\n\r\n\r\n\r\n<p><strong>\u00b7Verlinkte Webseite<\/strong><br>Diese Webseite kann Links zu Webseiten Dritter enthalten, auf die der Benutzer zugreifen kann. Nichtsdestotrotz,&nbsp;<strong><strong>GINCAT SYSTEM<\/strong><\/strong>&nbsp;ist nicht verantwortlich f\u00fcr den Inhalt dieser verlinkten Webseiten, aber der Benutzer ist daf\u00fcr verantwortlich, den Zugriff bei jedem Zugriff zu akzeptieren und zu \u00fcberpr\u00fcfen.<br>Solche Links oder Erw\u00e4hnungen haben einen Zweck, der nicht die Unterst\u00fctzung, Genehmigung, Kommerzialisierung oder Beziehung zwischen der Seite und den Personen oder Organisationen beinhaltet, denen die Orte geh\u00f6ren, an denen sie sich befinden.<\/p>\r\n\r\n\r\n\r\n<h2 class=\"wp-block-heading\">6. Geistiges und gewerbliches Eigentum an den Inhalten<\/h2>\r\n\r\n\r\n\r\n<p><strong><strong><strong>GINCAT SYSTEM<\/strong><\/strong><\/strong>oder seine Lizenzgeber sind Inhaber aller geistigen Eigentumsrechte an den Inhalten der Webseite und verstehen als solche alle Designs, Datenbanken, zugrunde liegenden Computerprogramme (Quellcode, einschlie\u00dflich) sowie die verschiedenen Elemente, aus denen die Webseite besteht (Texte, Grafiken, Fotos, Videos, Farben etc.), Aufbau, Reihenfolge etc. In Bezug auf Warenzeichen und Handelsnamen (&#8222;Unterscheidungszeichen&#8220;) sind sie Eigentum von<strong><strong><strong>GINCAT SYSTEM<\/strong><\/strong><\/strong>&nbsp;oder Absolventen.<br>Die Nutzung der Webseite durch den Benutzer impliziert nicht die \u00dcbertragung von geistigen oder gewerblichen Eigentumsrechten. Dem Benutzer ist es absolut untersagt, die Continguts oder die charakteristischen Zeichen zu reproduzieren, zu kopieren, zu verteilen, zur Verf\u00fcgung zu stellen oder auf andere Weise \u00f6ffentlich zu kommunizieren, umzuwandeln oder zu modifizieren, was der Genehmigung des Inhabers der entsprechenden Rechte oder anderer Ergebnisse bedarf. gesetzlich erlaubt.<\/p>\r\n\r\n\r\n\r\n<h2 class=\"wp-block-heading\">7. G\u00fcltige Gesetzgebung<\/h2>\r\n\r\n\r\n\r\n<p>Der rechtliche Hinweis wird in \u00dcbereinstimmung mit der spanischen Gesetzgebung geregelt und ausgelegt.<br>F\u00fcr die L\u00f6sung von Konflikten, die sich aus dem Zugriff auf die Website ergeben k\u00f6nnen, werden sie den zust\u00e4ndigen Gerichten oder Schiedsgerichten gem\u00e4\u00df den Vorschriften der Verbraucher vorgelegt und Benutzer.<\/p>\r\n\r\n\r\n\r\n<h2 class=\"wp-block-heading\">8. Kontakt<\/h2>\r\n\r\n\r\n\r\n<p>Bei Fragen oder Kommentaren zu diesem rechtlichen Hinweis k\u00f6nnen Sie uns per E-Mail kontaktieren.&nbsp;<a href=\"mailto:info@gincatsytem.com\" data-type=\"mailto\" data-id=\"mailto:info@gincatsytem.com\">info@gincatsystem.com<\/a><\/p>\r\n","protected":false},"excerpt":{"rendered":"<p>In \u00dcbereinstimmung mit dem Gesetz 34\/2002 vom 11. Juli \u00fcber Dienste der Informationsgesellschaft und des elektronischen Gesch\u00e4ftsverkehrs wird der Benutzer dar\u00fcber informiert, dass der Eigent\u00fcmer der Website www.gincatsystem.com \u00e9s de&nbsp;GINCAT SYSTEM, S.L.&nbsp;und ihre Identifikationsdaten sind:Adresse: C.Barcelona, 25CP: 08272 Bev\u00f6lkerung: St. Fruitos de Bages Provinz: BarcelonaCIF: B64140007 1. Greifen Sie auf die Website zu Das Impressum regelt den Zugang und die Nutzung der Website durch die Nutzer und soll die Produkte des Unternehmens bekannt machen und allen Internetnutzern den allgemeinen Zugang erm\u00f6glichen.Der Zugang und\/oder die Nutzung des Internets verleiht dem Benutzer die Benutzerbedingung und die vorbehaltlose Annahme aller dieser allgemeinen Bedingungen sowie der anderen besonderen Bedingungen, die in diesem Fall , regeln die Nutzung des Portals oder der damit verkn\u00fcpften Dienste.Der Benutzer muss die rechtlichen Hinweise und die Datenschutz- und Cookie-Richtlinien sorgf\u00e4ltig lesen, wenn er beabsichtigt, die Website zu nutzen, da&nbsp;GINCAT SYSTEM&nbsp;beh\u00e4lt sich das Recht vor, jederzeit und ohne vorherige Ank\u00fcndigung \u00c4nderungen oder Aktualisierungen der Inhalte und Dienste, dieser Zugangs- und Nutzungsbestimmungen und im Allgemeinen aller Elemente vorzunehmen, die das Design und die Konfiguration von ausmachen die Ihre Website. Wenn Sie die Zugangs- und Nutzungsbedingungen nicht akzeptieren, unterlassen Sie bitte die Nutzung des Webs und seiner Inhalte. 2. Nutzung der Website [&hellip;]<\/p>\n","protected":false},"author":1,"featured_media":0,"parent":0,"menu_order":0,"comment_status":"closed","ping_status":"closed","template":"","meta":{"footnotes":""},"class_list":["post-18009","page","type-page","status-publish","hentry"],"yoast_head":"<!-- This site is optimized with the Yoast SEO plugin v19.10 - https:\/\/yoast.com\/wordpress\/plugins\/seo\/ -->\n<title>GINCAT SYSTEM Herstellung Werkzeugen, Ersatzteilen Barcelona<\/title>\n<meta name=\"description\" content=\"Unternehmen mit Erfahrung in der Entwicklung und Herstellung von Werkzeugen, Ersatzteilen und Werkzeugen f\u00fcr die Automobilbranche, die Elektrobranche...\" \/>\n<meta name=\"robots\" content=\"index, follow, max-snippet:-1, max-image-preview:large, max-video-preview:-1\" \/>\n<link rel=\"canonical\" href=\"https:\/\/gincatsystem.com\/de\/avis-legal-2\/\" \/>\n<meta property=\"og:locale\" content=\"de_DE\" \/>\n<meta property=\"og:type\" content=\"article\" \/>\n<meta property=\"og:title\" content=\"GINCAT SYSTEM Herstellung Werkzeugen, Ersatzteilen Barcelona\" \/>\n<meta property=\"og:description\" content=\"Unternehmen mit Erfahrung in der Entwicklung und Herstellung von Werkzeugen, Ersatzteilen und Werkzeugen f\u00fcr die Automobilbranche, die Elektrobranche...\" \/>\n<meta property=\"og:url\" content=\"https:\/\/gincatsystem.com\/de\/avis-legal-2\/\" \/>\n<meta property=\"og:site_name\" content=\"Gincat System \u00b7 Matriceria, estampaci\u00f3 i soldadura\" \/>\n<meta property=\"article:modified_time\" content=\"2022-09-29T06:08:59+00:00\" \/>\n<meta name=\"twitter:card\" content=\"summary_large_image\" \/>\n<meta name=\"twitter:label1\" content=\"Gesch\u00e4tzte Lesezeit\" \/>\n\t<meta name=\"twitter:data1\" content=\"5\u00a0Minuten\" \/>\n<script type=\"application\/ld+json\" class=\"yoast-schema-graph\">{\"@context\":\"https:\/\/schema.org\",\"@graph\":[{\"@type\":\"WebPage\",\"@id\":\"https:\/\/gincatsystem.com\/de\/avis-legal-2\/\",\"url\":\"https:\/\/gincatsystem.com\/de\/avis-legal-2\/\",\"name\":\"GINCAT SYSTEM Herstellung Werkzeugen, Ersatzteilen Barcelona\",\"isPartOf\":{\"@id\":\"https:\/\/gincatsystem.com\/de\/#website\"},\"datePublished\":\"2022-08-02T08:22:47+00:00\",\"dateModified\":\"2022-09-29T06:08:59+00:00\",\"description\":\"Unternehmen mit Erfahrung in der Entwicklung und Herstellung von Werkzeugen, Ersatzteilen und Werkzeugen f\u00fcr die Automobilbranche, die Elektrobranche...\",\"breadcrumb\":{\"@id\":\"https:\/\/gincatsystem.com\/de\/avis-legal-2\/#breadcrumb\"},\"inLanguage\":\"de\",\"potentialAction\":[{\"@type\":\"ReadAction\",\"target\":[\"https:\/\/gincatsystem.com\/de\/avis-legal-2\/\"]}]},{\"@type\":\"BreadcrumbList\",\"@id\":\"https:\/\/gincatsystem.com\/de\/avis-legal-2\/#breadcrumb\",\"itemListElement\":[{\"@type\":\"ListItem\",\"position\":1,\"name\":\"Inici\",\"item\":\"https:\/\/gincatsystem.com\/de\/\"},{\"@type\":\"ListItem\",\"position\":2,\"name\":\"Rechtlicher Hinweis\"}]},{\"@type\":\"WebSite\",\"@id\":\"https:\/\/gincatsystem.com\/de\/#website\",\"url\":\"https:\/\/gincatsystem.com\/de\/\",\"name\":\"Gincat System \u00b7 Matriceria, estampaci\u00f3 i soldadura\",\"description\":\"Disseny i fabricaci\u00f3 de matrius, recanvis i utillatges per a sectors com l&#039;automoci\u00f3 i el sector el\u00e8ctric.\",\"publisher\":{\"@id\":\"https:\/\/gincatsystem.com\/de\/#organization\"},\"potentialAction\":[{\"@type\":\"SearchAction\",\"target\":{\"@type\":\"EntryPoint\",\"urlTemplate\":\"https:\/\/gincatsystem.com\/de\/?s={search_term_string}\"},\"query-input\":\"required name=search_term_string\"}],\"inLanguage\":\"de\"},{\"@type\":\"Organization\",\"@id\":\"https:\/\/gincatsystem.com\/de\/#organization\",\"name\":\"Gincat System \u00b7 Matriceria, estampaci\u00f3 i soldadura\",\"url\":\"https:\/\/gincatsystem.com\/de\/\",\"logo\":{\"@type\":\"ImageObject\",\"inLanguage\":\"de\",\"@id\":\"https:\/\/gincatsystem.com\/de\/#\/schema\/logo\/image\/\",\"url\":\"https:\/\/gincatsystem.com\/wp-content\/uploads\/2022\/08\/LOGOTIP-FOOTER2.png\",\"contentUrl\":\"https:\/\/gincatsystem.com\/wp-content\/uploads\/2022\/08\/LOGOTIP-FOOTER2.png\",\"width\":307,\"height\":82,\"caption\":\"Gincat System \u00b7 Matriceria, estampaci\u00f3 i soldadura\"},\"image\":{\"@id\":\"https:\/\/gincatsystem.com\/de\/#\/schema\/logo\/image\/\"}}]}<\/script>\n<!-- \/ Yoast SEO plugin. -->","yoast_head_json":{"title":"GINCAT SYSTEM Herstellung Werkzeugen, Ersatzteilen Barcelona","description":"Unternehmen mit Erfahrung in der Entwicklung und Herstellung von Werkzeugen, Ersatzteilen und Werkzeugen f\u00fcr die Automobilbranche, die Elektrobranche...","robots":{"index":"index","follow":"follow","max-snippet":"max-snippet:-1","max-image-preview":"max-image-preview:large","max-video-preview":"max-video-preview:-1"},"canonical":"https:\/\/gincatsystem.com\/de\/avis-legal-2\/","og_locale":"de_DE","og_type":"article","og_title":"GINCAT SYSTEM Herstellung Werkzeugen, Ersatzteilen Barcelona","og_description":"Unternehmen mit Erfahrung in der Entwicklung und Herstellung von Werkzeugen, Ersatzteilen und Werkzeugen f\u00fcr die Automobilbranche, die Elektrobranche...","og_url":"https:\/\/gincatsystem.com\/de\/avis-legal-2\/","og_site_name":"Gincat System \u00b7 Matriceria, estampaci\u00f3 i soldadura","article_modified_time":"2022-09-29T06:08:59+00:00","twitter_card":"summary_large_image","twitter_misc":{"Gesch\u00e4tzte Lesezeit":"5\u00a0Minuten"},"schema":{"@context":"https:\/\/schema.org","@graph":[{"@type":"WebPage","@id":"https:\/\/gincatsystem.com\/de\/avis-legal-2\/","url":"https:\/\/gincatsystem.com\/de\/avis-legal-2\/","name":"GINCAT SYSTEM Herstellung Werkzeugen, Ersatzteilen Barcelona","isPartOf":{"@id":"https:\/\/gincatsystem.com\/de\/#website"},"datePublished":"2022-08-02T08:22:47+00:00","dateModified":"2022-09-29T06:08:59+00:00","description":"Unternehmen mit Erfahrung in der Entwicklung und Herstellung von Werkzeugen, Ersatzteilen und Werkzeugen f\u00fcr die Automobilbranche, die Elektrobranche...","breadcrumb":{"@id":"https:\/\/gincatsystem.com\/de\/avis-legal-2\/#breadcrumb"},"inLanguage":"de","potentialAction":[{"@type":"ReadAction","target":["https:\/\/gincatsystem.com\/de\/avis-legal-2\/"]}]},{"@type":"BreadcrumbList","@id":"https:\/\/gincatsystem.com\/de\/avis-legal-2\/#breadcrumb","itemListElement":[{"@type":"ListItem","position":1,"name":"Inici","item":"https:\/\/gincatsystem.com\/de\/"},{"@type":"ListItem","position":2,"name":"Rechtlicher Hinweis"}]},{"@type":"WebSite","@id":"https:\/\/gincatsystem.com\/de\/#website","url":"https:\/\/gincatsystem.com\/de\/","name":"Gincat System \u00b7 Matriceria, estampaci\u00f3 i soldadura","description":"Disseny i fabricaci\u00f3 de matrius, recanvis i utillatges per a sectors com l&#039;automoci\u00f3 i el sector el\u00e8ctric.","publisher":{"@id":"https:\/\/gincatsystem.com\/de\/#organization"},"potentialAction":[{"@type":"SearchAction","target":{"@type":"EntryPoint","urlTemplate":"https:\/\/gincatsystem.com\/de\/?s={search_term_string}"},"query-input":"required name=search_term_string"}],"inLanguage":"de"},{"@type":"Organization","@id":"https:\/\/gincatsystem.com\/de\/#organization","name":"Gincat System \u00b7 Matriceria, estampaci\u00f3 i soldadura","url":"https:\/\/gincatsystem.com\/de\/","logo":{"@type":"ImageObject","inLanguage":"de","@id":"https:\/\/gincatsystem.com\/de\/#\/schema\/logo\/image\/","url":"https:\/\/gincatsystem.com\/wp-content\/uploads\/2022\/08\/LOGOTIP-FOOTER2.png","contentUrl":"https:\/\/gincatsystem.com\/wp-content\/uploads\/2022\/08\/LOGOTIP-FOOTER2.png","width":307,"height":82,"caption":"Gincat System \u00b7 Matriceria, estampaci\u00f3 i soldadura"},"image":{"@id":"https:\/\/gincatsystem.com\/de\/#\/schema\/logo\/image\/"}}]}},"_links":{"self":[{"href":"https:\/\/gincatsystem.com\/de\/wp-json\/wp\/v2\/pages\/18009","targetHints":{"allow":["GET"]}}],"collection":[{"href":"https:\/\/gincatsystem.com\/de\/wp-json\/wp\/v2\/pages"}],"about":[{"href":"https:\/\/gincatsystem.com\/de\/wp-json\/wp\/v2\/types\/page"}],"author":[{"embeddable":true,"href":"https:\/\/gincatsystem.com\/de\/wp-json\/wp\/v2\/users\/1"}],"replies":[{"embeddable":true,"href":"https:\/\/gincatsystem.com\/de\/wp-json\/wp\/v2\/comments?post=18009"}],"version-history":[{"count":1,"href":"https:\/\/gincatsystem.com\/de\/wp-json\/wp\/v2\/pages\/18009\/revisions"}],"predecessor-version":[{"id":18010,"href":"https:\/\/gincatsystem.com\/de\/wp-json\/wp\/v2\/pages\/18009\/revisions\/18010"}],"wp:attachment":[{"href":"https:\/\/gincatsystem.com\/de\/wp-json\/wp\/v2\/media?parent=18009"}],"curies":[{"name":"wp","href":"https:\/\/api.w.org\/{rel}","templated":true}]}}