{"id":17995,"date":"2014-07-04T10:38:55","date_gmt":"2014-07-04T10:38:55","guid":{"rendered":"https:\/\/gincatsystem.com\/gincat-system\/"},"modified":"2022-09-28T16:06:47","modified_gmt":"2022-09-28T16:06:47","slug":"gincat-system","status":"publish","type":"page","link":"https:\/\/gincatsystem.com\/de\/gincat-system\/","title":{"rendered":"Gincat System"},"content":{"rendered":"<p>[vc_row bg_image=&#8220;15885&#8243; parallax_bg=&#8220;true&#8220; bg_color=&#8220;#d36f1d&#8220; top_padding=&#8220;290&#8243; bottom_padding=&#8220;200&#8243; bg_position=&#8220;center center&#8220;][vc_column width=&#8220;1\/1&#8243;]<h1 class=\"headline font-special fontsize-xxxl fontweight-700 lh-13 align-left transform-inherit lowercase\" style=\"margin: 0 0 20px 0; color: #ffffff;\">the power<br \/>\nof experience<\/h1><div class=\"headline font-inherit fontsize-xxl fontweight-300 lh-inherit align-left transform-inherit \" style=\"margin: 0; color: #ffffff;\">Unsere Mission ist es, das Beste zu entwerfen und zu entwickeln<br \/>\nf\u00fcr unsere Kunden.<\/div>[\/vc_column][\/vc_row][vc_row top_padding=&#8220;100&#8243; bottom_padding=&#8220;100&#8243;][vc_column width=&#8220;2\/3&#8243;]<div class=\"headline font-inherit fontsize-m fontweight-inherit lh-19 align-left transform-inherit \" style=\"margin: 0; color: #666666;\">Wir verf\u00fcgen \u00fcber umfangreiche Erfahrung in der Konstruktion und Herstellung von Formen, Ersatzteilen und Werkzeugen f\u00fcr Branchen wie die Automobil- und Elektroindustrie.<\/div>[\/vc_column][vc_column text_align=&#8220;right&#8220; width=&#8220;1\/3&#8243;][vc_column_text]<a href=\"https:\/\/gincatsystem.com\/de\/serveis\/\" target=\"_self\" class=\"button color-2 large \" style=\"border-radius: 2px;\">Dienstleistungen<\/a> <a href=\"https:\/\/gincatsystem.com\/de\/contacte\/\" target=\"_self\" class=\"button color-3 large \" style=\"border-radius: 2px;\">Kontakt<\/a>[\/vc_column_text][\/vc_column][\/vc_row][vc_row type=&#8220;full_width_section&#8220; bg_position=&#8220;left top&#8220;][vc_column bg_color=&#8220;#222222&#8243; column_padding=&#8220;padding-5&#8243; column_center=&#8220;true&#8220; text_color=&#8220;light&#8220; width=&#8220;1\/3&#8243;][vc_column_text]<\/p>\n<h3 class=\"font-special\">Im Industrieg\u00fcrtel von Barcelona<\/h3>\n<p>Der Maschinenpark von Gincat System umfasst mehr als 10 Pressen f\u00fcr progressive Stanz- und Ziehprozesse, Erodiermaschinen, Schleifmaschinen, CNC-Fr\u00e4smaschinen usw. f\u00fcr die Herstellung von Gesenken und Werkzeugen aller Art sowie die Herstellung von Prototypen.[\/vc_column_text][\/vc_column][vc_column bg_image=&#8220;15721&#8243; column_padding=&#8220;padding-5&#8243; column_center=&#8220;true&#8220; width=&#8220;1\/3&#8243;]<div class=\"spacer\" style=\"height: 200px;\"><\/div>[\/vc_column][vc_column bg_color=&#8220;#fafafa&#8220; bg_image=&#8220;15722&#8243; column_padding=&#8220;padding-5&#8243; column_center=&#8220;true&#8220; width=&#8220;1\/3&#8243;]<div class=\"spacer\" style=\"height: 200px;\"><\/div>[\/vc_column][\/vc_row][vc_row type=&#8220;full_width_section&#8220; bg_position=&#8220;left top&#8220;][vc_column bg_image=&#8220;15723&#8243; column_padding=&#8220;padding-5&#8243; column_center=&#8220;true&#8220; width=&#8220;1\/3&#8243;]<div class=\"spacer\" style=\"height: 200px;\"><\/div>[\/vc_column][vc_column bg_color=&#8220;#d36f1d&#8220; column_padding=&#8220;padding-5&#8243; column_center=&#8220;true&#8220; text_color=&#8220;light&#8220; width=&#8220;1\/3&#8243;][vc_column_text]<\/p>\n<h3 class=\"font-special\">Unsere Arbeit<\/h3>\n<p>Wir arbeiten konsequent und glauben an die Effizienz unseres Handelns und die Qualit\u00e4t unserer L\u00f6sungen. Wir nehmen die Projekte unserer Kunden als Herausforderungen an.<\/p>\n<a href=\"\" target=\"_self\" class=\"button color-8 medium \" style=\"border-radius: 2px;\">Uns<\/a>[\/vc_column_text][\/vc_column][vc_column bg_image=&#8220;15724&#8243; column_padding=&#8220;padding-5&#8243; column_center=&#8220;true&#8220; width=&#8220;1\/3&#8243;]<div class=\"spacer\" style=\"height: 200px;\"><\/div>[\/vc_column][\/vc_row][vc_row type=&#8220;full_width_section&#8220; bg_position=&#8220;left top&#8220;][vc_column bg_image=&#8220;15726&#8243; column_padding=&#8220;padding-5&#8243; column_center=&#8220;true&#8220; width=&#8220;1\/3&#8243;]<div class=\"spacer\" style=\"height: 200px;\"><\/div>[\/vc_column][vc_column bg_image=&#8220;15727&#8243; column_padding=&#8220;padding-5&#8243; column_center=&#8220;true&#8220; text_color=&#8220;light&#8220; width=&#8220;1\/3&#8243;]<div class=\"spacer\" style=\"height: 200px;\"><\/div>[\/vc_column][vc_column bg_image=&#8220;15728&#8243; column_padding=&#8220;padding-5&#8243; column_center=&#8220;true&#8220; width=&#8220;1\/3&#8243;]<div class=\"spacer\" style=\"height: 200px;\"><\/div>[\/vc_column][\/vc_row][vc_row type=&#8220;full_width_section&#8220; bg_position=&#8220;left top&#8220;][vc_column bg_image=&#8220;15880&#8243; column_padding=&#8220;padding-5&#8243; column_center=&#8220;true&#8220; width=&#8220;1\/3&#8243;]<div class=\"spacer\" style=\"height: 200px;\"><\/div>[\/vc_column][vc_column bg_color=&#8220;#d36f1d&#8220; bg_image=&#8220;15731&#8243; column_padding=&#8220;padding-5&#8243; column_center=&#8220;true&#8220; text_color=&#8220;light&#8220; width=&#8220;1\/3&#8243;]<div class=\"spacer\" style=\"height: 200px;\"><\/div>[\/vc_column][vc_column bg_image=&#8220;15883&#8243; column_padding=&#8220;padding-5&#8243; column_center=&#8220;true&#8220; width=&#8220;1\/3&#8243;]<div class=\"spacer\" style=\"height: 200px;\"><\/div>[\/vc_column][\/vc_row][vc_row type=&#8220;full_width_section&#8220; bg_position=&#8220;left top&#8220;][vc_column bg_image=&#8220;15733&#8243; column_padding=&#8220;padding-5&#8243; column_center=&#8220;true&#8220; width=&#8220;1\/3&#8243;]<div class=\"spacer\" style=\"height: 200px;\"><\/div>[\/vc_column][vc_column bg_color=&#8220;#d36f1d&#8220; bg_image=&#8220;15734&#8243; column_padding=&#8220;padding-5&#8243; column_center=&#8220;true&#8220; text_color=&#8220;light&#8220; width=&#8220;1\/3&#8243;]<div class=\"spacer\" style=\"height: 200px;\"><\/div>[\/vc_column][vc_column bg_image=&#8220;15735&#8243; column_padding=&#8220;padding-5&#8243; column_center=&#8220;true&#8220; width=&#8220;1\/3&#8243;]<div class=\"spacer\" style=\"height: 200px;\"><\/div>[\/vc_column][\/vc_row][vc_row][vc_column width=&#8220;1\/1&#8243;]\n\t\t\t<!-- START Slider 1 1 1 1 REVOLUTION SLIDER 6.5.19 --><p class=\"rs-p-wp-fix\"><\/p>\n\t\t\t<rs-module-wrap id=\"rev_slider_13_1_wrapper\" data-source=\"gallery\" style=\"visibility:hidden;background:transparent;padding:0;margin:0px auto;margin-top:0;margin-bottom:0;\">\n\t\t\t\t<rs-module id=\"rev_slider_13_1\" style=\"\" data-version=\"6.5.19\">\n\t\t\t\t\t<rs-slides>\n\t\t\t\t\t\t<rs-slide style=\"position: absolute;\" data-key=\"rs-31\" data-title=\"Slide\" data-in=\"o:0;\" data-out=\"a:false;\">\n\t\t\t\t\t\t\t<img decoding=\"async\" src=\"\/\/gincatsystem.com\/wp-content\/plugins\/revslider\/public\/assets\/assets\/dummy.png\" alt=\"Slide\" title=\"Gincat System\" class=\"rev-slidebg tp-rs-img rs-lazyload\" data-lazyload=\"\/\/gincatsystem.com\/wp-content\/plugins\/revslider\/public\/assets\/assets\/transparent.png\" data-no-retina>\n<!--\n\t\t\t\t\t\t\t--><rs-layer\n\t\t\t\t\t\t\t\tid=\"slider-13-slide-31-layer-3\" \n\t\t\t\t\t\t\t\tclass=\"rs-nolc rs-layer-video intrinsic-ignore\"\n\t\t\t\t\t\t\t\tdata-type=\"video\"\n\t\t\t\t\t\t\t\tdata-rsp_ch=\"on\"\n\t\t\t\t\t\t\t\tdata-xy=\"x:c;\"\n\t\t\t\t\t\t\t\tdata-text=\"w:normal;\"\n\t\t\t\t\t\t\t\tdata-dim=\"w:100%;h:100%;\"\n\t\t\t\t\t\t\t\tdata-basealign=\"slide\"\n\t\t\t\t\t\t\t\tdata-video=\"vfc:true;vd:100;rwd:f;l:true;ptimer:false;nse:f;sav:f;afs:f;inl:f;\"\n\t\t\t\t\t\t\t\tdata-poster=\"\/\/gincatsystem.com\/wp-content\/uploads\/revslider\/video-media\/IMG_382_31_layer.jpeg\"\n\t\t\t\t\t\t\t\tdata-mp4=\"\/\/gincatsystem.com\/wp-content\/uploads\/2022\/08\/IMG_382.mp4\"\n\t\t\t\t\t\t\t\tdata-frame_999=\"o:0;st:w;\"\n\t\t\t\t\t\t\t\tstyle=\"z-index:8;\"\n\t\t\t\t\t\t\t>\n\t\t\t\t\t\t\t<\/rs-layer><!--\n\n\t\t\t\t\t\t\t--><rs-layer\n\t\t\t\t\t\t\t\tid=\"slider-13-slide-31-layer-4\" \n\t\t\t\t\t\t\t\tdata-type=\"shape\"\n\t\t\t\t\t\t\t\tdata-rsp_ch=\"on\"\n\t\t\t\t\t\t\t\tdata-xy=\"x:-1420px;y:-362px;\"\n\t\t\t\t\t\t\t\tdata-text=\"w:normal;\"\n\t\t\t\t\t\t\t\tdata-dim=\"w:3807;h:1601;\"\n\t\t\t\t\t\t\t\tdata-frame_999=\"o:0;st:w;\"\n\t\t\t\t\t\t\t\tstyle=\"z-index:9;background-color:rgba(0,0,0,0.5);\"\n\t\t\t\t\t\t\t> \n\t\t\t\t\t\t\t<\/rs-layer><!--\n-->\t\t\t\t\t\t<\/rs-slide>\n\t\t\t\t\t<\/rs-slides>\n\t\t\t\t<\/rs-module>\n\t\t\t\t<script>\n\t\t\t\t\tsetREVStartSize({c: 'rev_slider_13_1',rl:[1240,1024,778,480],el:[900],gw:[1240],gh:[900],type:'standard',justify:'',layout:'fullwidth',mh:\"0\"});if (window.RS_MODULES!==undefined && window.RS_MODULES.modules!==undefined && window.RS_MODULES.modules[\"revslider131\"]!==undefined) {window.RS_MODULES.modules[\"revslider131\"].once = false;window.revapi13 = undefined;if (window.RS_MODULES.checkMinimal!==undefined) window.RS_MODULES.checkMinimal()}\n\t\t\t\t<\/script>\n\t\t\t<\/rs-module-wrap>\n\t\t\t<!-- END REVOLUTION SLIDER -->\n[\/vc_column][\/vc_row]<\/p>\n","protected":false},"excerpt":{"rendered":"<p>[vc_row bg_image=&#8220;15885&#8243; parallax_bg=&#8220;true&#8220; bg_color=&#8220;#d36f1d&#8220; top_padding=&#8220;290&#8243; bottom_padding=&#8220;200&#8243; bg_position=&#8220;center center&#8220;][vc_column width=&#8220;1\/1&#8243;][\/vc_column][\/vc_row][vc_row top_padding=&#8220;100&#8243; bottom_padding=&#8220;100&#8243;][vc_column width=&#8220;2\/3&#8243;][\/vc_column][vc_column text_align=&#8220;right&#8220; width=&#8220;1\/3&#8243;][vc_column_text] [\/vc_column_text][\/vc_column][\/vc_row][vc_row type=&#8220;full_width_section&#8220; bg_position=&#8220;left top&#8220;][vc_column bg_color=&#8220;#222222&#8243; column_padding=&#8220;padding-5&#8243; column_center=&#8220;true&#8220; text_color=&#8220;light&#8220; width=&#8220;1\/3&#8243;][vc_column_text] Im Industrieg\u00fcrtel von Barcelona Der Maschinenpark von Gincat System umfasst mehr als 10 Pressen f\u00fcr progressive Stanz- und Ziehprozesse, Erodiermaschinen, Schleifmaschinen, CNC-Fr\u00e4smaschinen usw. f\u00fcr die Herstellung von Gesenken und Werkzeugen aller Art sowie die Herstellung von Prototypen.[\/vc_column_text][\/vc_column][vc_column bg_image=&#8220;15721&#8243; column_padding=&#8220;padding-5&#8243; column_center=&#8220;true&#8220; width=&#8220;1\/3&#8243;][\/vc_column][vc_column bg_color=&#8220;#fafafa&#8220; bg_image=&#8220;15722&#8243; column_padding=&#8220;padding-5&#8243; column_center=&#8220;true&#8220; width=&#8220;1\/3&#8243;][\/vc_column][\/vc_row][vc_row type=&#8220;full_width_section&#8220; bg_position=&#8220;left top&#8220;][vc_column bg_image=&#8220;15723&#8243; column_padding=&#8220;padding-5&#8243; column_center=&#8220;true&#8220; width=&#8220;1\/3&#8243;][\/vc_column][vc_column bg_color=&#8220;#d36f1d&#8220; column_padding=&#8220;padding-5&#8243; column_center=&#8220;true&#8220; text_color=&#8220;light&#8220; width=&#8220;1\/3&#8243;][vc_column_text] Unsere Arbeit Wir arbeiten konsequent und glauben an die Effizienz unseres Handelns und die Qualit\u00e4t unserer L\u00f6sungen. Wir nehmen die Projekte unserer Kunden als Herausforderungen an. [\/vc_column_text][\/vc_column][vc_column bg_image=&#8220;15724&#8243; column_padding=&#8220;padding-5&#8243; column_center=&#8220;true&#8220; width=&#8220;1\/3&#8243;][\/vc_column][\/vc_row][vc_row type=&#8220;full_width_section&#8220; bg_position=&#8220;left top&#8220;][vc_column bg_image=&#8220;15726&#8243; column_padding=&#8220;padding-5&#8243; column_center=&#8220;true&#8220; width=&#8220;1\/3&#8243;][\/vc_column][vc_column bg_image=&#8220;15727&#8243; column_padding=&#8220;padding-5&#8243; column_center=&#8220;true&#8220; text_color=&#8220;light&#8220; width=&#8220;1\/3&#8243;][\/vc_column][vc_column bg_image=&#8220;15728&#8243; column_padding=&#8220;padding-5&#8243; column_center=&#8220;true&#8220; width=&#8220;1\/3&#8243;][\/vc_column][\/vc_row][vc_row type=&#8220;full_width_section&#8220; bg_position=&#8220;left top&#8220;][vc_column bg_image=&#8220;15880&#8243; column_padding=&#8220;padding-5&#8243; column_center=&#8220;true&#8220; width=&#8220;1\/3&#8243;][\/vc_column][vc_column bg_color=&#8220;#d36f1d&#8220; bg_image=&#8220;15731&#8243; column_padding=&#8220;padding-5&#8243; column_center=&#8220;true&#8220; text_color=&#8220;light&#8220; width=&#8220;1\/3&#8243;][\/vc_column][vc_column bg_image=&#8220;15883&#8243; column_padding=&#8220;padding-5&#8243; column_center=&#8220;true&#8220; width=&#8220;1\/3&#8243;][\/vc_column][\/vc_row][vc_row type=&#8220;full_width_section&#8220; bg_position=&#8220;left top&#8220;][vc_column bg_image=&#8220;15733&#8243; column_padding=&#8220;padding-5&#8243; column_center=&#8220;true&#8220; width=&#8220;1\/3&#8243;][\/vc_column][vc_column bg_color=&#8220;#d36f1d&#8220; bg_image=&#8220;15734&#8243; column_padding=&#8220;padding-5&#8243; column_center=&#8220;true&#8220; text_color=&#8220;light&#8220; width=&#8220;1\/3&#8243;][\/vc_column][vc_column bg_image=&#8220;15735&#8243; column_padding=&#8220;padding-5&#8243; column_center=&#8220;true&#8220; width=&#8220;1\/3&#8243;][\/vc_column][\/vc_row][vc_row][vc_column width=&#8220;1\/1&#8243;][\/vc_column][\/vc_row]<\/p>\n","protected":false},"author":1,"featured_media":0,"parent":0,"menu_order":0,"comment_status":"open","ping_status":"open","template":"","meta":{"footnotes":""},"class_list":["post-17995","page","type-page","status-publish","hentry"],"yoast_head":"<!-- This site is optimized with the Yoast SEO plugin v19.10 - https:\/\/yoast.com\/wordpress\/plugins\/seo\/ -->\n<title>GINCAT SYSTEM Design und Herstellung Matrizen Werkzeugen<\/title>\n<meta name=\"description\" content=\"Erfahrung in der Konstruktion und Herstellung von Werkzeugen, Ersatzteilen und Werkzeugen f\u00fcr Branchen wie die Automobil- und Elektrobranche\" \/>\n<meta name=\"robots\" content=\"index, follow, max-snippet:-1, max-image-preview:large, max-video-preview:-1\" \/>\n<link rel=\"canonical\" href=\"https:\/\/gincatsystem.com\/de\/gincat-system\/\" \/>\n<meta property=\"og:locale\" content=\"de_DE\" \/>\n<meta property=\"og:type\" content=\"article\" \/>\n<meta property=\"og:title\" content=\"GINCAT SYSTEM Design und Herstellung Matrizen Werkzeugen\" \/>\n<meta property=\"og:description\" content=\"Erfahrung in der Konstruktion und Herstellung von Werkzeugen, Ersatzteilen und Werkzeugen f\u00fcr Branchen wie die Automobil- und Elektrobranche\" \/>\n<meta property=\"og:url\" content=\"https:\/\/gincatsystem.com\/de\/gincat-system\/\" \/>\n<meta property=\"og:site_name\" content=\"Gincat System \u00b7 Matriceria, estampaci\u00f3 i soldadura\" \/>\n<meta property=\"article:modified_time\" content=\"2022-09-28T16:06:47+00:00\" \/>\n<meta name=\"twitter:card\" content=\"summary_large_image\" \/>\n<meta name=\"twitter:label1\" content=\"Gesch\u00e4tzte Lesezeit\" \/>\n\t<meta name=\"twitter:data1\" content=\"2\u00a0Minuten\" \/>\n<script type=\"application\/ld+json\" class=\"yoast-schema-graph\">{\"@context\":\"https:\/\/schema.org\",\"@graph\":[{\"@type\":\"WebPage\",\"@id\":\"https:\/\/gincatsystem.com\/de\/gincat-system\/\",\"url\":\"https:\/\/gincatsystem.com\/de\/gincat-system\/\",\"name\":\"GINCAT SYSTEM Design und Herstellung Matrizen Werkzeugen\",\"isPartOf\":{\"@id\":\"https:\/\/gincatsystem.com\/de\/#website\"},\"datePublished\":\"2014-07-04T10:38:55+00:00\",\"dateModified\":\"2022-09-28T16:06:47+00:00\",\"description\":\"Erfahrung in der Konstruktion und Herstellung von Werkzeugen, Ersatzteilen und Werkzeugen f\u00fcr Branchen wie die Automobil- und Elektrobranche\",\"breadcrumb\":{\"@id\":\"https:\/\/gincatsystem.com\/de\/gincat-system\/#breadcrumb\"},\"inLanguage\":\"de\",\"potentialAction\":[{\"@type\":\"ReadAction\",\"target\":[\"https:\/\/gincatsystem.com\/de\/gincat-system\/\"]}]},{\"@type\":\"BreadcrumbList\",\"@id\":\"https:\/\/gincatsystem.com\/de\/gincat-system\/#breadcrumb\",\"itemListElement\":[{\"@type\":\"ListItem\",\"position\":1,\"name\":\"Inici\",\"item\":\"https:\/\/gincatsystem.com\/de\/\"},{\"@type\":\"ListItem\",\"position\":2,\"name\":\"Gincat System\"}]},{\"@type\":\"WebSite\",\"@id\":\"https:\/\/gincatsystem.com\/de\/#website\",\"url\":\"https:\/\/gincatsystem.com\/de\/\",\"name\":\"Gincat System \u00b7 Matriceria, estampaci\u00f3 i soldadura\",\"description\":\"Disseny i fabricaci\u00f3 de matrius, recanvis i utillatges per a sectors com l&#039;automoci\u00f3 i el sector el\u00e8ctric.\",\"publisher\":{\"@id\":\"https:\/\/gincatsystem.com\/de\/#organization\"},\"potentialAction\":[{\"@type\":\"SearchAction\",\"target\":{\"@type\":\"EntryPoint\",\"urlTemplate\":\"https:\/\/gincatsystem.com\/de\/?s={search_term_string}\"},\"query-input\":\"required name=search_term_string\"}],\"inLanguage\":\"de\"},{\"@type\":\"Organization\",\"@id\":\"https:\/\/gincatsystem.com\/de\/#organization\",\"name\":\"Gincat System \u00b7 Matriceria, estampaci\u00f3 i soldadura\",\"url\":\"https:\/\/gincatsystem.com\/de\/\",\"logo\":{\"@type\":\"ImageObject\",\"inLanguage\":\"de\",\"@id\":\"https:\/\/gincatsystem.com\/de\/#\/schema\/logo\/image\/\",\"url\":\"https:\/\/gincatsystem.com\/wp-content\/uploads\/2022\/08\/LOGOTIP-FOOTER2.png\",\"contentUrl\":\"https:\/\/gincatsystem.com\/wp-content\/uploads\/2022\/08\/LOGOTIP-FOOTER2.png\",\"width\":307,\"height\":82,\"caption\":\"Gincat System \u00b7 Matriceria, estampaci\u00f3 i soldadura\"},\"image\":{\"@id\":\"https:\/\/gincatsystem.com\/de\/#\/schema\/logo\/image\/\"}}]}<\/script>\n<!-- \/ Yoast SEO plugin. -->","yoast_head_json":{"title":"GINCAT SYSTEM Design und Herstellung Matrizen Werkzeugen","description":"Erfahrung in der Konstruktion und Herstellung von Werkzeugen, Ersatzteilen und Werkzeugen f\u00fcr Branchen wie die Automobil- und Elektrobranche","robots":{"index":"index","follow":"follow","max-snippet":"max-snippet:-1","max-image-preview":"max-image-preview:large","max-video-preview":"max-video-preview:-1"},"canonical":"https:\/\/gincatsystem.com\/de\/gincat-system\/","og_locale":"de_DE","og_type":"article","og_title":"GINCAT SYSTEM Design und Herstellung Matrizen Werkzeugen","og_description":"Erfahrung in der Konstruktion und Herstellung von Werkzeugen, Ersatzteilen und Werkzeugen f\u00fcr Branchen wie die Automobil- und Elektrobranche","og_url":"https:\/\/gincatsystem.com\/de\/gincat-system\/","og_site_name":"Gincat System \u00b7 Matriceria, estampaci\u00f3 i soldadura","article_modified_time":"2022-09-28T16:06:47+00:00","twitter_card":"summary_large_image","twitter_misc":{"Gesch\u00e4tzte Lesezeit":"2\u00a0Minuten"},"schema":{"@context":"https:\/\/schema.org","@graph":[{"@type":"WebPage","@id":"https:\/\/gincatsystem.com\/de\/gincat-system\/","url":"https:\/\/gincatsystem.com\/de\/gincat-system\/","name":"GINCAT SYSTEM Design und Herstellung Matrizen Werkzeugen","isPartOf":{"@id":"https:\/\/gincatsystem.com\/de\/#website"},"datePublished":"2014-07-04T10:38:55+00:00","dateModified":"2022-09-28T16:06:47+00:00","description":"Erfahrung in der Konstruktion und Herstellung von Werkzeugen, Ersatzteilen und Werkzeugen f\u00fcr Branchen wie die Automobil- und Elektrobranche","breadcrumb":{"@id":"https:\/\/gincatsystem.com\/de\/gincat-system\/#breadcrumb"},"inLanguage":"de","potentialAction":[{"@type":"ReadAction","target":["https:\/\/gincatsystem.com\/de\/gincat-system\/"]}]},{"@type":"BreadcrumbList","@id":"https:\/\/gincatsystem.com\/de\/gincat-system\/#breadcrumb","itemListElement":[{"@type":"ListItem","position":1,"name":"Inici","item":"https:\/\/gincatsystem.com\/de\/"},{"@type":"ListItem","position":2,"name":"Gincat System"}]},{"@type":"WebSite","@id":"https:\/\/gincatsystem.com\/de\/#website","url":"https:\/\/gincatsystem.com\/de\/","name":"Gincat System \u00b7 Matriceria, estampaci\u00f3 i soldadura","description":"Disseny i fabricaci\u00f3 de matrius, recanvis i utillatges per a sectors com l&#039;automoci\u00f3 i el sector el\u00e8ctric.","publisher":{"@id":"https:\/\/gincatsystem.com\/de\/#organization"},"potentialAction":[{"@type":"SearchAction","target":{"@type":"EntryPoint","urlTemplate":"https:\/\/gincatsystem.com\/de\/?s={search_term_string}"},"query-input":"required name=search_term_string"}],"inLanguage":"de"},{"@type":"Organization","@id":"https:\/\/gincatsystem.com\/de\/#organization","name":"Gincat System \u00b7 Matriceria, estampaci\u00f3 i soldadura","url":"https:\/\/gincatsystem.com\/de\/","logo":{"@type":"ImageObject","inLanguage":"de","@id":"https:\/\/gincatsystem.com\/de\/#\/schema\/logo\/image\/","url":"https:\/\/gincatsystem.com\/wp-content\/uploads\/2022\/08\/LOGOTIP-FOOTER2.png","contentUrl":"https:\/\/gincatsystem.com\/wp-content\/uploads\/2022\/08\/LOGOTIP-FOOTER2.png","width":307,"height":82,"caption":"Gincat System \u00b7 Matriceria, estampaci\u00f3 i soldadura"},"image":{"@id":"https:\/\/gincatsystem.com\/de\/#\/schema\/logo\/image\/"}}]}},"_links":{"self":[{"href":"https:\/\/gincatsystem.com\/de\/wp-json\/wp\/v2\/pages\/17995","targetHints":{"allow":["GET"]}}],"collection":[{"href":"https:\/\/gincatsystem.com\/de\/wp-json\/wp\/v2\/pages"}],"about":[{"href":"https:\/\/gincatsystem.com\/de\/wp-json\/wp\/v2\/types\/page"}],"author":[{"embeddable":true,"href":"https:\/\/gincatsystem.com\/de\/wp-json\/wp\/v2\/users\/1"}],"replies":[{"embeddable":true,"href":"https:\/\/gincatsystem.com\/de\/wp-json\/wp\/v2\/comments?post=17995"}],"version-history":[{"count":2,"href":"https:\/\/gincatsystem.com\/de\/wp-json\/wp\/v2\/pages\/17995\/revisions"}],"predecessor-version":[{"id":17997,"href":"https:\/\/gincatsystem.com\/de\/wp-json\/wp\/v2\/pages\/17995\/revisions\/17997"}],"wp:attachment":[{"href":"https:\/\/gincatsystem.com\/de\/wp-json\/wp\/v2\/media?parent=17995"}],"curies":[{"name":"wp","href":"https:\/\/api.w.org\/{rel}","templated":true}]}}