{"id":17992,"date":"2022-07-11T15:28:18","date_gmt":"2022-07-11T15:28:18","guid":{"rendered":"https:\/\/gincatsystem.com\/nosaltres\/"},"modified":"2022-09-28T16:01:21","modified_gmt":"2022-09-28T16:01:21","slug":"nosaltres","status":"publish","type":"page","link":"https:\/\/gincatsystem.com\/de\/nosaltres\/","title":{"rendered":"Gesch\u00e4ft"},"content":{"rendered":"<p>[vc_row bg_image=&#8220;15773&#8243; parallax_bg=&#8220;true&#8220; bg_color=&#8220;#f9f9f9&#8243; top_padding=&#8220;290&#8243; bottom_padding=&#8220;200&#8243;][vc_column width=&#8220;1\/1&#8243;]<h1 class=\"headline font-special fontsize-xxxl fontweight-inherit lh-inherit align-center transform-uppercase \" style=\"margin: 90px 0 90px 0; color: #ffffff;\">Wir sind <strong>GINCAT SYSTEM<\/strong><\/h1>[\/vc_column][\/vc_row][vc_row top_padding=&#8220;100&#8243; bottom_padding=&#8220;100&#8243; bg_position=&#8220;left top&#8220;][vc_column width=&#8220;1\/2&#8243;][vc_column_text]<\/p>\n<h6>GINCAT SYSTEM<\/h6>\n<p>Wir sind ein Unternehmen mit <strong>mehr als 25 Jahre Erfahrung<\/strong> im Sektor. In unserer Werkstatt mit einer Gesamtfl\u00e4che von 1800 m2 verf\u00fcgen wir \u00fcber die fortschrittlichste Technologie, die es uns erm\u00f6glicht, unseren Kunden die beste Qualit\u00e4t unserer Produkte anzubieten.[\/vc_column_text][\/vc_column][vc_column width=&#8220;1\/2&#8243;][vc_column_text]<\/p>\n<h6><strong>THE POWER OF EXPERIENCE<\/strong><\/h6>\n<p>Wir haben Lieferanten, die darauf vorbereitet sind, alle Arten von W\u00e4rmebehandlungen, Beschichtungen und Endbearbeitungen von Teilen durchzuf\u00fchren. Wir verf\u00fcgen \u00fcber umfangreiche Erfahrung in der Konstruktion und Herstellung von Formen, Ersatzteilen und Werkzeugen f\u00fcr Branchen wie die Automobilindustrie.[\/vc_column_text][\/vc_column][\/vc_row][vc_row bg_image=&#8220;15679&#8243; text_color=&#8220;light&#8220; text_align=&#8220;center&#8220; top_padding=&#8220;160&#8243; bottom_padding=&#8220;160&#8243; bg_position=&#8220;left top&#8220;][vc_column width=&#8220;1\/1&#8243;]<h2 class=\"headline font-special fontsize-xl fontweight-700 lh-16 align-center transform-uppercase \" style=\"margin: 0 0 40px 0;\">Wir \u00fcbernehmen die Projekte unserer<br \/>\nKunden als Herausforderungen, immer auf der Suche<br \/>\ndie beste Effizienz und Qualit\u00e4t.<\/h2>[vc_column_text]<a href=\"tel:+34938761298\" target=\"_self\" class=\"button color-6 large \" style=\"border-radius: 2px;\">Rufen Sie uns an<\/a> <a href=\"https:\/\/gincatsystem.com\/de\/contacte\/\" target=\"_self\" class=\"button color-7 large \" style=\"border-radius: 2px;\">Kontakt<\/a>[\/vc_column_text][\/vc_column][\/vc_row][vc_row][vc_column width=&#8220;1\/1&#8243;]<div class=\"spacer\" style=\"height: 90px;\"><\/div><div class=\"headline font-inherit fontsize-m fontweight-inherit lh-19 align-center transform-inherit \" style=\"margin: 0; color: #666666;\">Entdecken Sie unsere Einrichtungen<\/div><div class=\"spacer\" style=\"height: 40px;\"><\/div><div class=\"video-embed  wpb_content_element\"><\/div><div class=\"spacer\" style=\"height: 30px;\"><\/div>[\/vc_column][\/vc_row][vc_row bg_color=&#8220;#222222&#8243; text_color=&#8220;light&#8220; top_padding=&#8220;100&#8243; bottom_padding=&#8220;100&#8243; bg_position=&#8220;left top&#8220;][vc_column width=&#8220;1\/3&#8243;]<div class=\"iconbox  wpb_content_element iconbox-style-2 icon-color-greyscale color-dark clearfix\"><div class=\"iconbox-icon\"><img src='https:\/\/gincatsystem.com\/wp-content\/uploads\/2022\/07\/EMPRESA.png' class='iconimg' alt='Gesch\u00e4ft' \/><\/div><div class=\"iconbox-content\"><h3>Gesch\u00e4ft<\/h3><div class=\"page\" title=\"Page 2\">\n<div class=\"section\">\n<div class=\"layoutArea\">\n<div class=\"column\">Unser Unternehmen wurde im Jahr <strong>2006<\/strong>gegr\u00fcndet. Dank der <strong>strategischen Lage unserer Fabrik<\/strong> exportieren wir unsere Produkte in die ganze Welt.<\/div>\n<\/div>\n<\/div>\n<\/div><\/div><\/div><div class=\"spacer\" style=\"height: 10px;\"><\/div><div class=\"iconbox  wpb_content_element iconbox-style-2 icon-color-greyscale color-dark clearfix\"><div class=\"iconbox-icon\"><img src='https:\/\/gincatsystem.com\/wp-content\/uploads\/2022\/07\/MAQUINARIA.png' class='iconimg' alt='Maschinen' \/><\/div><div class=\"iconbox-content\"><h3>Maschinen<\/h3><p>Wir haben die modernsten Maschinen, <strong>12 Pressen und 14 Maschinen zur Herstellung von Matrizen<\/strong>.<\/p><\/div><\/div>[\/vc_column][vc_column width=&#8220;1\/3&#8243;]<div class=\"iconbox  wpb_content_element iconbox-style-2 icon-color-greyscale color-dark clearfix\"><div class=\"iconbox-icon\"><img src='https:\/\/gincatsystem.com\/wp-content\/uploads\/2022\/07\/PROVEIDORS-1.png' class='iconimg' alt='Anbieter' \/><\/div><div class=\"iconbox-content\"><h3>Anbieter<\/h3><div class=\"page\" title=\"Page 2\">\n<div class=\"section\">\n<div class=\"layoutArea\">\n<div class=\"column\">\n<p>Wir haben spezialisierte Lieferanten f\u00fcr alle Arten von <strong>W\u00e4rmebehandlungen, Beschichtungen und Teileveredelungen<\/strong>.<\/p>\n<\/div>\n<\/div>\n<\/div>\n<\/div><\/div><\/div><div class=\"spacer\" style=\"height: 10px;\"><\/div><div class=\"iconbox  wpb_content_element iconbox-style-2 icon-color-greyscale color-dark clearfix\"><div class=\"iconbox-icon\"><img src='https:\/\/gincatsystem.com\/wp-content\/uploads\/2022\/07\/PRODUCTES.png' class='iconimg' alt='Produkte' \/><\/div><div class=\"iconbox-content\"><h3>Produkte<\/h3><div class=\"page\" title=\"Page 2\">\n<div class=\"section\">\n<div class=\"layoutArea\">\n<div class=\"column\">\n<p>Unsere Hauptproduktionen sind <strong>matricer\u00eda, Stanzen und Schwei\u00dfen<\/strong>.<\/p>\n<\/div>\n<\/div>\n<\/div>\n<\/div><\/div><\/div>[\/vc_column][vc_column width=&#8220;1\/3&#8243;]<div class=\"iconbox  wpb_content_element iconbox-style-2 icon-color-greyscale color-dark clearfix\"><div class=\"iconbox-icon\"><img src='https:\/\/gincatsystem.com\/wp-content\/uploads\/2022\/07\/FABRICA.png' class='iconimg' alt='Fabrik' \/><\/div><div class=\"iconbox-content\"><h3>Fabrik<\/h3><div class=\"page\" title=\"Page 2\">\n<div class=\"section\">\n<div class=\"layoutArea\">\n<div class=\"column\">\n<p>In Sant Fruit\u00f3s de Bages verf\u00fcgen wir \u00fcber <strong>Pressen von 40 bis 400 Tm<\/strong>, mit denen Sie schrittweise Teile aus allen Arten von Materialien, sowohl Eisen- als auch Nichteisenmetallen, stanzen k\u00f6nnen.<\/p>\n<\/div>\n<\/div>\n<\/div>\n<\/div><\/div><\/div><div class=\"spacer\" style=\"height: 10px;\"><\/div><div class=\"iconbox  wpb_content_element iconbox-style-2 icon-color-greyscale color-dark clearfix\"><div class=\"iconbox-icon\"><img src='https:\/\/gincatsystem.com\/wp-content\/uploads\/2022\/07\/CERTIFICATS.png' class='iconimg' alt='Zertifikate' \/><\/div><div class=\"iconbox-content\"><h3>Zertifikate<\/h3><div class=\"page\" title=\"Page 2\">\n<div class=\"section\">\n<div class=\"layoutArea\">\n<div class=\"column\">\n<p>Wir haben ein Managementsystem f\u00fcr Prozesse und Abteilungen, das die Disziplinen Qualit\u00e4tssicherung und -management sowie Umwelt- und Arbeitsschutz integriert. Wir haben die Zertifizierungen <strong>ISO 9001:2015<\/strong> y <strong> ISO 14001:2015<\/strong>.<\/p>\n<\/div>\n<\/div>\n<\/div>\n<\/div><\/div><\/div>[\/vc_column][\/vc_row]<\/p>\n","protected":false},"excerpt":{"rendered":"<p>[vc_row bg_image=&#8220;15773&#8243; parallax_bg=&#8220;true&#8220; bg_color=&#8220;#f9f9f9&#8243; top_padding=&#8220;290&#8243; bottom_padding=&#8220;200&#8243;][vc_column width=&#8220;1\/1&#8243;][\/vc_column][\/vc_row][vc_row top_padding=&#8220;100&#8243; bottom_padding=&#8220;100&#8243; bg_position=&#8220;left top&#8220;][vc_column width=&#8220;1\/2&#8243;][vc_column_text] GINCAT SYSTEM Wir sind ein Unternehmen mit mehr als 25 Jahre Erfahrung im Sektor. In unserer Werkstatt mit einer Gesamtfl\u00e4che von 1800 m2 verf\u00fcgen wir \u00fcber die fortschrittlichste Technologie, die es uns erm\u00f6glicht, unseren Kunden die beste Qualit\u00e4t unserer Produkte anzubieten.[\/vc_column_text][\/vc_column][vc_column width=&#8220;1\/2&#8243;][vc_column_text] THE POWER OF EXPERIENCE Wir haben Lieferanten, die darauf vorbereitet sind, alle Arten von W\u00e4rmebehandlungen, Beschichtungen und Endbearbeitungen von Teilen durchzuf\u00fchren. Wir verf\u00fcgen \u00fcber umfangreiche Erfahrung in der Konstruktion und Herstellung von Formen, Ersatzteilen und Werkzeugen f\u00fcr Branchen wie die Automobilindustrie.[\/vc_column_text][\/vc_column][\/vc_row][vc_row bg_image=&#8220;15679&#8243; text_color=&#8220;light&#8220; text_align=&#8220;center&#8220; top_padding=&#8220;160&#8243; bottom_padding=&#8220;160&#8243; bg_position=&#8220;left top&#8220;][vc_column width=&#8220;1\/1&#8243;][vc_column_text] [\/vc_column_text][\/vc_column][\/vc_row][vc_row][vc_column width=&#8220;1\/1&#8243;][\/vc_column][\/vc_row][vc_row bg_color=&#8220;#222222&#8243; text_color=&#8220;light&#8220; top_padding=&#8220;100&#8243; bottom_padding=&#8220;100&#8243; bg_position=&#8220;left top&#8220;][vc_column width=&#8220;1\/3&#8243;][\/vc_column][vc_column width=&#8220;1\/3&#8243;][\/vc_column][vc_column width=&#8220;1\/3&#8243;][\/vc_column][\/vc_row]<\/p>\n","protected":false},"author":1,"featured_media":0,"parent":0,"menu_order":0,"comment_status":"closed","ping_status":"closed","template":"","meta":{"footnotes":""},"class_list":["post-17992","page","type-page","status-publish","hentry"],"yoast_head":"<!-- This site is optimized with the Yoast SEO plugin v19.10 - https:\/\/yoast.com\/wordpress\/plugins\/seo\/ -->\n<title>GINCAT SYSTEM Werkzeugbau, Stanzen Schwei\u00dfen Barcelona<\/title>\n<meta name=\"description\" content=\"Unsere Hauptproduktionen sind Werkzeugbau, Stanzen und Schwei\u00dfen in Barcelona. Wir haben 12 Pressen und 14 Maschinen pro Matrius.\" \/>\n<meta name=\"robots\" content=\"index, follow, max-snippet:-1, max-image-preview:large, max-video-preview:-1\" \/>\n<link rel=\"canonical\" href=\"https:\/\/gincatsystem.com\/de\/nosaltres\/\" \/>\n<meta property=\"og:locale\" content=\"de_DE\" \/>\n<meta property=\"og:type\" content=\"article\" \/>\n<meta property=\"og:title\" content=\"GINCAT SYSTEM Werkzeugbau, Stanzen Schwei\u00dfen Barcelona\" \/>\n<meta property=\"og:description\" content=\"Unsere Hauptproduktionen sind Werkzeugbau, Stanzen und Schwei\u00dfen in Barcelona. Wir haben 12 Pressen und 14 Maschinen pro Matrius.\" \/>\n<meta property=\"og:url\" content=\"https:\/\/gincatsystem.com\/de\/nosaltres\/\" \/>\n<meta property=\"og:site_name\" content=\"Gincat System \u00b7 Matriceria, estampaci\u00f3 i soldadura\" \/>\n<meta property=\"article:modified_time\" content=\"2022-09-28T16:01:21+00:00\" \/>\n<meta name=\"twitter:card\" content=\"summary_large_image\" \/>\n<meta name=\"twitter:label1\" content=\"Gesch\u00e4tzte Lesezeit\" \/>\n\t<meta name=\"twitter:data1\" content=\"2\u00a0Minuten\" \/>\n<script type=\"application\/ld+json\" class=\"yoast-schema-graph\">{\"@context\":\"https:\/\/schema.org\",\"@graph\":[{\"@type\":\"WebPage\",\"@id\":\"https:\/\/gincatsystem.com\/de\/nosaltres\/\",\"url\":\"https:\/\/gincatsystem.com\/de\/nosaltres\/\",\"name\":\"GINCAT SYSTEM Werkzeugbau, Stanzen Schwei\u00dfen Barcelona\",\"isPartOf\":{\"@id\":\"https:\/\/gincatsystem.com\/de\/#website\"},\"datePublished\":\"2022-07-11T15:28:18+00:00\",\"dateModified\":\"2022-09-28T16:01:21+00:00\",\"description\":\"Unsere Hauptproduktionen sind Werkzeugbau, Stanzen und Schwei\u00dfen in Barcelona. Wir haben 12 Pressen und 14 Maschinen pro Matrius.\",\"breadcrumb\":{\"@id\":\"https:\/\/gincatsystem.com\/de\/nosaltres\/#breadcrumb\"},\"inLanguage\":\"de\",\"potentialAction\":[{\"@type\":\"ReadAction\",\"target\":[\"https:\/\/gincatsystem.com\/de\/nosaltres\/\"]}]},{\"@type\":\"BreadcrumbList\",\"@id\":\"https:\/\/gincatsystem.com\/de\/nosaltres\/#breadcrumb\",\"itemListElement\":[{\"@type\":\"ListItem\",\"position\":1,\"name\":\"Inici\",\"item\":\"https:\/\/gincatsystem.com\/de\/\"},{\"@type\":\"ListItem\",\"position\":2,\"name\":\"Gesch\u00e4ft\"}]},{\"@type\":\"WebSite\",\"@id\":\"https:\/\/gincatsystem.com\/de\/#website\",\"url\":\"https:\/\/gincatsystem.com\/de\/\",\"name\":\"Gincat System \u00b7 Matriceria, estampaci\u00f3 i soldadura\",\"description\":\"Disseny i fabricaci\u00f3 de matrius, recanvis i utillatges per a sectors com l&#039;automoci\u00f3 i el sector el\u00e8ctric.\",\"publisher\":{\"@id\":\"https:\/\/gincatsystem.com\/de\/#organization\"},\"potentialAction\":[{\"@type\":\"SearchAction\",\"target\":{\"@type\":\"EntryPoint\",\"urlTemplate\":\"https:\/\/gincatsystem.com\/de\/?s={search_term_string}\"},\"query-input\":\"required name=search_term_string\"}],\"inLanguage\":\"de\"},{\"@type\":\"Organization\",\"@id\":\"https:\/\/gincatsystem.com\/de\/#organization\",\"name\":\"Gincat System \u00b7 Matriceria, estampaci\u00f3 i soldadura\",\"url\":\"https:\/\/gincatsystem.com\/de\/\",\"logo\":{\"@type\":\"ImageObject\",\"inLanguage\":\"de\",\"@id\":\"https:\/\/gincatsystem.com\/de\/#\/schema\/logo\/image\/\",\"url\":\"https:\/\/gincatsystem.com\/wp-content\/uploads\/2022\/08\/LOGOTIP-FOOTER2.png\",\"contentUrl\":\"https:\/\/gincatsystem.com\/wp-content\/uploads\/2022\/08\/LOGOTIP-FOOTER2.png\",\"width\":307,\"height\":82,\"caption\":\"Gincat System \u00b7 Matriceria, estampaci\u00f3 i soldadura\"},\"image\":{\"@id\":\"https:\/\/gincatsystem.com\/de\/#\/schema\/logo\/image\/\"}}]}<\/script>\n<!-- \/ Yoast SEO plugin. -->","yoast_head_json":{"title":"GINCAT SYSTEM Werkzeugbau, Stanzen Schwei\u00dfen Barcelona","description":"Unsere Hauptproduktionen sind Werkzeugbau, Stanzen und Schwei\u00dfen in Barcelona. Wir haben 12 Pressen und 14 Maschinen pro Matrius.","robots":{"index":"index","follow":"follow","max-snippet":"max-snippet:-1","max-image-preview":"max-image-preview:large","max-video-preview":"max-video-preview:-1"},"canonical":"https:\/\/gincatsystem.com\/de\/nosaltres\/","og_locale":"de_DE","og_type":"article","og_title":"GINCAT SYSTEM Werkzeugbau, Stanzen Schwei\u00dfen Barcelona","og_description":"Unsere Hauptproduktionen sind Werkzeugbau, Stanzen und Schwei\u00dfen in Barcelona. Wir haben 12 Pressen und 14 Maschinen pro Matrius.","og_url":"https:\/\/gincatsystem.com\/de\/nosaltres\/","og_site_name":"Gincat System \u00b7 Matriceria, estampaci\u00f3 i soldadura","article_modified_time":"2022-09-28T16:01:21+00:00","twitter_card":"summary_large_image","twitter_misc":{"Gesch\u00e4tzte Lesezeit":"2\u00a0Minuten"},"schema":{"@context":"https:\/\/schema.org","@graph":[{"@type":"WebPage","@id":"https:\/\/gincatsystem.com\/de\/nosaltres\/","url":"https:\/\/gincatsystem.com\/de\/nosaltres\/","name":"GINCAT SYSTEM Werkzeugbau, Stanzen Schwei\u00dfen Barcelona","isPartOf":{"@id":"https:\/\/gincatsystem.com\/de\/#website"},"datePublished":"2022-07-11T15:28:18+00:00","dateModified":"2022-09-28T16:01:21+00:00","description":"Unsere Hauptproduktionen sind Werkzeugbau, Stanzen und Schwei\u00dfen in Barcelona. Wir haben 12 Pressen und 14 Maschinen pro Matrius.","breadcrumb":{"@id":"https:\/\/gincatsystem.com\/de\/nosaltres\/#breadcrumb"},"inLanguage":"de","potentialAction":[{"@type":"ReadAction","target":["https:\/\/gincatsystem.com\/de\/nosaltres\/"]}]},{"@type":"BreadcrumbList","@id":"https:\/\/gincatsystem.com\/de\/nosaltres\/#breadcrumb","itemListElement":[{"@type":"ListItem","position":1,"name":"Inici","item":"https:\/\/gincatsystem.com\/de\/"},{"@type":"ListItem","position":2,"name":"Gesch\u00e4ft"}]},{"@type":"WebSite","@id":"https:\/\/gincatsystem.com\/de\/#website","url":"https:\/\/gincatsystem.com\/de\/","name":"Gincat System \u00b7 Matriceria, estampaci\u00f3 i soldadura","description":"Disseny i fabricaci\u00f3 de matrius, recanvis i utillatges per a sectors com l&#039;automoci\u00f3 i el sector el\u00e8ctric.","publisher":{"@id":"https:\/\/gincatsystem.com\/de\/#organization"},"potentialAction":[{"@type":"SearchAction","target":{"@type":"EntryPoint","urlTemplate":"https:\/\/gincatsystem.com\/de\/?s={search_term_string}"},"query-input":"required name=search_term_string"}],"inLanguage":"de"},{"@type":"Organization","@id":"https:\/\/gincatsystem.com\/de\/#organization","name":"Gincat System \u00b7 Matriceria, estampaci\u00f3 i soldadura","url":"https:\/\/gincatsystem.com\/de\/","logo":{"@type":"ImageObject","inLanguage":"de","@id":"https:\/\/gincatsystem.com\/de\/#\/schema\/logo\/image\/","url":"https:\/\/gincatsystem.com\/wp-content\/uploads\/2022\/08\/LOGOTIP-FOOTER2.png","contentUrl":"https:\/\/gincatsystem.com\/wp-content\/uploads\/2022\/08\/LOGOTIP-FOOTER2.png","width":307,"height":82,"caption":"Gincat System \u00b7 Matriceria, estampaci\u00f3 i soldadura"},"image":{"@id":"https:\/\/gincatsystem.com\/de\/#\/schema\/logo\/image\/"}}]}},"_links":{"self":[{"href":"https:\/\/gincatsystem.com\/de\/wp-json\/wp\/v2\/pages\/17992","targetHints":{"allow":["GET"]}}],"collection":[{"href":"https:\/\/gincatsystem.com\/de\/wp-json\/wp\/v2\/pages"}],"about":[{"href":"https:\/\/gincatsystem.com\/de\/wp-json\/wp\/v2\/types\/page"}],"author":[{"embeddable":true,"href":"https:\/\/gincatsystem.com\/de\/wp-json\/wp\/v2\/users\/1"}],"replies":[{"embeddable":true,"href":"https:\/\/gincatsystem.com\/de\/wp-json\/wp\/v2\/comments?post=17992"}],"version-history":[{"count":2,"href":"https:\/\/gincatsystem.com\/de\/wp-json\/wp\/v2\/pages\/17992\/revisions"}],"predecessor-version":[{"id":17994,"href":"https:\/\/gincatsystem.com\/de\/wp-json\/wp\/v2\/pages\/17992\/revisions\/17994"}],"wp:attachment":[{"href":"https:\/\/gincatsystem.com\/de\/wp-json\/wp\/v2\/media?parent=17992"}],"curies":[{"name":"wp","href":"https:\/\/api.w.org\/{rel}","templated":true}]}}