{"id":419,"date":"2013-01-06T12:43:15","date_gmt":"2013-01-06T12:43:15","guid":{"rendered":"http:\/\/inovado2.mintithemes.com\/?page_id=13"},"modified":"2022-09-27T06:42:58","modified_gmt":"2022-09-27T06:42:58","slug":"home-2","status":"publish","type":"page","link":"https:\/\/gincatsystem.com\/ca\/","title":{"rendered":"Inici"},"content":{"rendered":"<p>[vc_row type=&#8221;full_width_section&#8221; bg_position=&#8221;left top&#8221;][vc_column width=&#8221;1\/1&#8243;][rev_slider_vc alias=&#8221;slider-1-1&#8243;][\/vc_column][\/vc_row][vc_row top_padding=&#8221;100&#8243; bottom_padding=&#8221;100&#8243; bg_position=&#8221;left top&#8221;][vc_column width=&#8221;1\/3&#8243;]<div class=\"iconbox  wpb_content_element iconbox-style-2 icon-color-greyscale color-dark clearfix\"><div class=\"iconbox-icon\"><img src='https:\/\/gincatsystem.com\/wp-content\/uploads\/2022\/07\/EXPERIENCIA-1.png' class='iconimg' alt='El poder de l&#039;experi\u00e8ncia' \/><\/div><div class=\"iconbox-content\"><h3>El poder de l&#039;experi\u00e8ncia<\/h3><p>GINCAT SYSTEM som una empresa amb una superf\u00edcie total de 1800m2 i m\u00e9s de 25 anys d&#8217;experi\u00e8ncia al sector.<\/p><\/div><\/div><div class=\"spacer\" style=\"height: 10px;\"><\/div><div class=\"iconbox  wpb_content_element iconbox-style-2 icon-color-greyscale color-dark clearfix\"><div class=\"iconbox-icon\"><img src='https:\/\/gincatsystem.com\/wp-content\/uploads\/2022\/07\/RIGOR-1.png' class='iconimg' alt='Rigor' \/><\/div><div class=\"iconbox-content\"><h3>Rigor<\/h3><p>En l&#8217;efici\u00e8ncia de les nostres actuacions i la qualitat de les nostres solucions.<\/p><\/div><\/div>[\/vc_column][vc_column width=&#8221;1\/3&#8243;]<div class=\"iconbox  wpb_content_element iconbox-style-2 icon-color-greyscale color-dark clearfix\"><div class=\"iconbox-icon\"><img src='https:\/\/gincatsystem.com\/wp-content\/uploads\/2022\/07\/DISSENY-1.png' class='iconimg' alt='Disseny i Desenvolupament' \/><\/div><div class=\"iconbox-content\"><h3>Disseny i Desenvolupament<\/h3><p>Desenvolupem el proc\u00e9s o el sistema productiu m\u00e9s adequat a les necessitats del client.<\/p><\/div><\/div><div class=\"spacer\" style=\"height: 10px;\"><\/div><div class=\"iconbox  wpb_content_element iconbox-style-2 icon-color-greyscale color-dark clearfix\"><div class=\"iconbox-icon\"><img src='https:\/\/gincatsystem.com\/wp-content\/uploads\/2022\/07\/DESAFIAMENTS-1.png' class='iconimg' alt='Desafiaments' \/><\/div><div class=\"iconbox-content\"><h3>Desafiaments<\/h3><p>Assumim els projectes dels nostres clients com a reptes.<\/p><\/div><\/div>[\/vc_column][vc_column width=&#8221;1\/3&#8243;]<div class=\"iconbox  wpb_content_element iconbox-style-2 icon-color-greyscale color-dark clearfix\"><div class=\"iconbox-icon\"><img src='https:\/\/gincatsystem.com\/wp-content\/uploads\/2022\/07\/MATERIA-PRIMA-1.png' class='iconimg' alt='Maquin\u00e0ria' \/><\/div><div class=\"iconbox-content\"><h3>Maquin\u00e0ria<\/h3><p>Disposem de la maquin\u00e0ria m\u00e9s avan\u00e7ada que ens permet oferir la qualitat d&#8217;avantguarda als nostres productes.<\/p><\/div><\/div><div class=\"spacer\" style=\"height: 10px;\"><\/div><div class=\"iconbox  wpb_content_element iconbox-style-2 icon-color-greyscale color-dark clearfix\"><div class=\"iconbox-icon\"><img src='https:\/\/gincatsystem.com\/wp-content\/uploads\/2022\/07\/VALORS-1.png' class='iconimg' alt='Qualitat' \/><\/div><div class=\"iconbox-content\"><h3>Qualitat<\/h3><p>Empatia, proximitat i cooperaci\u00f3 honesta amb els nostres clients.<\/p><\/div><\/div>[\/vc_column][\/vc_row][vc_row type=&#8221;full_width_section&#8221; bg_position=&#8221;left top&#8221;][vc_column width=&#8221;1\/4&#8243;]<div class=\"single_image wpb_content_element align-left    \" data-animation=\"none\" data-delay=\"0\"><img loading=\"lazy\" decoding=\"async\" width=\"2560\" height=\"1707\" src=\"https:\/\/gincatsystem.com\/wp-content\/uploads\/2022\/07\/GINCAT-PECES.jpg\" class=\"attachment-full\" alt=\"\" title=\"\" srcset=\"https:\/\/gincatsystem.com\/wp-content\/uploads\/2022\/07\/GINCAT-PECES.jpg 2560w, https:\/\/gincatsystem.com\/wp-content\/uploads\/2022\/07\/GINCAT-PECES-300x200.jpg 300w, https:\/\/gincatsystem.com\/wp-content\/uploads\/2022\/07\/GINCAT-PECES-1024x683.jpg 1024w, https:\/\/gincatsystem.com\/wp-content\/uploads\/2022\/07\/GINCAT-PECES-768x512.jpg 768w, https:\/\/gincatsystem.com\/wp-content\/uploads\/2022\/07\/GINCAT-PECES-1536x1024.jpg 1536w, https:\/\/gincatsystem.com\/wp-content\/uploads\/2022\/07\/GINCAT-PECES-2048x1366.jpg 2048w, https:\/\/gincatsystem.com\/wp-content\/uploads\/2022\/07\/GINCAT-PECES-600x400.jpg 600w\" sizes=\"auto, (max-width: 2560px) 100vw, 2560px\" \/><\/div>[\/vc_column][vc_column width=&#8221;1\/4&#8243;]<div class=\"single_image wpb_content_element align-left    \" data-animation=\"none\" data-delay=\"0\"><img loading=\"lazy\" decoding=\"async\" width=\"2560\" height=\"1707\" src=\"https:\/\/gincatsystem.com\/wp-content\/uploads\/2022\/07\/GINCAT-EMPRESA-2.jpg\" class=\"attachment-full\" alt=\"\" title=\"\" srcset=\"https:\/\/gincatsystem.com\/wp-content\/uploads\/2022\/07\/GINCAT-EMPRESA-2.jpg 2560w, https:\/\/gincatsystem.com\/wp-content\/uploads\/2022\/07\/GINCAT-EMPRESA-2-300x200.jpg 300w, https:\/\/gincatsystem.com\/wp-content\/uploads\/2022\/07\/GINCAT-EMPRESA-2-1024x683.jpg 1024w, https:\/\/gincatsystem.com\/wp-content\/uploads\/2022\/07\/GINCAT-EMPRESA-2-768x512.jpg 768w, https:\/\/gincatsystem.com\/wp-content\/uploads\/2022\/07\/GINCAT-EMPRESA-2-1536x1024.jpg 1536w, https:\/\/gincatsystem.com\/wp-content\/uploads\/2022\/07\/GINCAT-EMPRESA-2-2048x1366.jpg 2048w, https:\/\/gincatsystem.com\/wp-content\/uploads\/2022\/07\/GINCAT-EMPRESA-2-600x400.jpg 600w\" sizes=\"auto, (max-width: 2560px) 100vw, 2560px\" \/><\/div>[\/vc_column][vc_column width=&#8221;1\/4&#8243;]<div class=\"single_image wpb_content_element align-left    \" data-animation=\"none\" data-delay=\"0\"><img loading=\"lazy\" decoding=\"async\" width=\"2560\" height=\"1707\" src=\"https:\/\/gincatsystem.com\/wp-content\/uploads\/2022\/07\/GINCAT-MAQUINA.jpg\" class=\"attachment-full\" alt=\"\" title=\"\" srcset=\"https:\/\/gincatsystem.com\/wp-content\/uploads\/2022\/07\/GINCAT-MAQUINA.jpg 2560w, https:\/\/gincatsystem.com\/wp-content\/uploads\/2022\/07\/GINCAT-MAQUINA-300x200.jpg 300w, https:\/\/gincatsystem.com\/wp-content\/uploads\/2022\/07\/GINCAT-MAQUINA-1024x683.jpg 1024w, https:\/\/gincatsystem.com\/wp-content\/uploads\/2022\/07\/GINCAT-MAQUINA-768x512.jpg 768w, https:\/\/gincatsystem.com\/wp-content\/uploads\/2022\/07\/GINCAT-MAQUINA-1536x1024.jpg 1536w, https:\/\/gincatsystem.com\/wp-content\/uploads\/2022\/07\/GINCAT-MAQUINA-2048x1366.jpg 2048w, https:\/\/gincatsystem.com\/wp-content\/uploads\/2022\/07\/GINCAT-MAQUINA-600x400.jpg 600w\" sizes=\"auto, (max-width: 2560px) 100vw, 2560px\" \/><\/div>[\/vc_column][vc_column width=&#8221;1\/4&#8243;]<div class=\"single_image wpb_content_element align-left    \" data-animation=\"none\" data-delay=\"0\"><img loading=\"lazy\" decoding=\"async\" width=\"2560\" height=\"1707\" src=\"https:\/\/gincatsystem.com\/wp-content\/uploads\/2022\/07\/GINCAT-MAQUINARIA-1.jpg\" class=\"attachment-full\" alt=\"\" title=\"\" srcset=\"https:\/\/gincatsystem.com\/wp-content\/uploads\/2022\/07\/GINCAT-MAQUINARIA-1.jpg 2560w, https:\/\/gincatsystem.com\/wp-content\/uploads\/2022\/07\/GINCAT-MAQUINARIA-1-300x200.jpg 300w, https:\/\/gincatsystem.com\/wp-content\/uploads\/2022\/07\/GINCAT-MAQUINARIA-1-1024x683.jpg 1024w, https:\/\/gincatsystem.com\/wp-content\/uploads\/2022\/07\/GINCAT-MAQUINARIA-1-768x512.jpg 768w, https:\/\/gincatsystem.com\/wp-content\/uploads\/2022\/07\/GINCAT-MAQUINARIA-1-1536x1024.jpg 1536w, https:\/\/gincatsystem.com\/wp-content\/uploads\/2022\/07\/GINCAT-MAQUINARIA-1-2048x1366.jpg 2048w, https:\/\/gincatsystem.com\/wp-content\/uploads\/2022\/07\/GINCAT-MAQUINARIA-1-600x400.jpg 600w\" sizes=\"auto, (max-width: 2560px) 100vw, 2560px\" \/><\/div>[\/vc_column][\/vc_row][vc_row bg_color=&#8221;#222222&#8243; text_color=&#8221;light&#8221; top_padding=&#8221;50&#8243; bottom_padding=&#8221;50&#8243; bg_position=&#8221;center center&#8221;][vc_column width=&#8221;1\/4&#8243;]<div class=\"counter clearfix wpb_content_element\"><div class=\"counter-number\" style=\"color: #ffffff !important;\">25<\/div><span class=\"counter-title\">Anys Experi\u00e8ncia<\/span><\/div>[\/vc_column][vc_column width=&#8221;1\/4&#8243;]<div class=\"counter clearfix wpb_content_element\"><div class=\"counter-number\" style=\"color: #ffffff !important;\">1800m2<\/div><span class=\"counter-title\">M2 SUPERF\u00cdCIE<\/span><\/div>[\/vc_column][vc_column width=&#8221;1\/4&#8243;]<div class=\"counter clearfix wpb_content_element\"><div class=\"counter-number\" style=\"color: #ffffff !important;\">12<\/div><span class=\"counter-title\">Premses<\/span><\/div>[\/vc_column][vc_column width=&#8221;1\/4&#8243;]<div class=\"counter clearfix wpb_content_element\"><div class=\"counter-number\" style=\"color: #ffffff !important;\">14<\/div><span class=\"counter-title\">M\u00e0quines per fer matrius<\/span><\/div>[\/vc_column][\/vc_row][vc_row top_padding=&#8221;100&#8243; bg_position=&#8221;left top&#8221;][vc_column width=&#8221;1\/1&#8243;]<h3 class=\"headline font-special fontsize-l fontweight-700 lh-inherit align-center transform-uppercase \" style=\"margin: 0 0 20px 0;\">GINCAT SYSTEM<\/h3><div class=\"headline font-inherit fontsize-m fontweight-400 lh-inherit align-center transform-inherit \" style=\"margin: 0; color: #999999;\">Empresa amb una extensa experi\u00e8ncia en el disseny i fabricaci\u00f3 de matrius,<br \/>\nrecanvis i utillatges per al sector de l&#8217;automoci\u00f3, sector el\u00e8ctric i altres.<\/div><div class=\"divider divider1\" style='margin:60px 0 60px 0 !important;'><\/div>[\/vc_column][\/vc_row][vc_row top_padding=&#8221;100&#8243; bottom_padding=&#8221;100&#8243; bg_position=&#8221;left top&#8221;][vc_column width=&#8221;1\/3&#8243;]<div class=\"iconbox  wpb_content_element iconbox-style-2 icon-color-greyscale color-dark clearfix\"><div class=\"iconbox-icon\"><img src='https:\/\/gincatsystem.com\/wp-content\/uploads\/2022\/07\/MATRICERIA-PETIT.png' class='iconimg' alt='Matriceria' \/><\/div><div class=\"iconbox-content\"><h3>Matriceria<\/h3><p>Amb la capacitat t\u00e8cnica per construir matrius i utillatges per als<br \/>\ndiferents sectors de la ind\u00fastria.<\/p>\n<a href=\"https:\/\/gincatsystem.com\/serveis\/\" target=\"_self\" class=\"button color-9 small \" style=\"border-radius: 2px;\"><i class='fa fa-caret-right'><\/i>Veure m\u00e9s<\/a><\/p><\/div><\/div>[\/vc_column][vc_column width=&#8221;1\/3&#8243;]<div class=\"iconbox  wpb_content_element iconbox-style-2 icon-color-greyscale color-dark clearfix\"><div class=\"iconbox-icon\"><img src='https:\/\/gincatsystem.com\/wp-content\/uploads\/2022\/07\/ESTAMPACIO-PETIT.png' class='iconimg' alt='Estampaci\u00f3' \/><\/div><div class=\"iconbox-content\"><h3>Estampaci\u00f3<\/h3><p>GINCAT SYSTEM compta amb l\u00ednies d&#8217;estampaci\u00f3 convencionals i progressives per a petites, mitjanes i grans s\u00e8ries.<\/p>\n<a href=\"https:\/\/gincatsystem.com\/serveis\/\" target=\"_self\" class=\"button color-9 small \" style=\"border-radius: 2px;\"><i class='fa fa-caret-right'><\/i>Veure m\u00e9s<\/a><\/p><\/div><\/div>[\/vc_column][vc_column width=&#8221;1\/3&#8243;]<div class=\"iconbox  wpb_content_element iconbox-style-2 icon-color-greyscale color-dark clearfix\"><div class=\"iconbox-icon\"><img src='https:\/\/gincatsystem.com\/wp-content\/uploads\/2022\/07\/SOLDADURA-PETIT.png' class='iconimg' alt='Soldadura' \/><\/div><div class=\"iconbox-content\"><h3>Soldadura<\/h3><p>La secci\u00f3 de soldadura est\u00e0 preparada per complir tota la normativa del sector de l&#8217;automoci\u00f3.<\/p>\n<a href=\"https:\/\/gincatsystem.com\/serveis\/\" target=\"_self\" class=\"button color-9 small \" style=\"border-radius: 2px;\"><i class='fa fa-caret-right'><\/i>Veure m\u00e9s<\/a><\/p><\/div><\/div>[\/vc_column][\/vc_row][vc_row bg_color=&#8221;#fafafa&#8221; text_align=&#8221;center&#8221; top_padding=&#8221;60&#8243; bottom_padding=&#8221;50&#8243; bg_position=&#8221;left top&#8221;][vc_column]<h5 class=\"headline font-special fontsize-xxl fontweight-300 lh-inherit align-center transform-uppercase \" style=\"margin: 0 0 20px 0;\"><u>Clients<\/u><\/h5>[\/vc_column][vc_column width=&#8221;1\/6&#8243;][vc_column_text]<img loading=\"lazy\" decoding=\"async\" class=\"alignnone size-full wp-image-15661\" src=\"https:\/\/gincatsystem.com\/wp-content\/uploads\/2022\/07\/TW.png\" alt=\"\" width=\"150\" height=\"74\" \/>[\/vc_column_text][\/vc_column][vc_column width=&#8221;1\/6&#8243;][vc_column_text]<img loading=\"lazy\" decoding=\"async\" class=\"alignnone size-full wp-image-15662\" src=\"https:\/\/gincatsystem.com\/wp-content\/uploads\/2022\/07\/SCHNEIDER-ELECTRIC.png\" alt=\"\" width=\"150\" height=\"74\" \/>[\/vc_column_text][\/vc_column][vc_column width=&#8221;1\/6&#8243;][vc_column_text]<img loading=\"lazy\" decoding=\"async\" class=\"alignnone size-full wp-image-15663\" src=\"https:\/\/gincatsystem.com\/wp-content\/uploads\/2022\/07\/ABB.png\" alt=\"\" width=\"150\" height=\"74\" \/>[\/vc_column_text][\/vc_column][vc_column width=&#8221;1\/6&#8243;][vc_column_text]<img loading=\"lazy\" decoding=\"async\" class=\"alignnone size-full wp-image-15664\" src=\"https:\/\/gincatsystem.com\/wp-content\/uploads\/2022\/07\/ROCA.png\" alt=\"\" width=\"150\" height=\"74\" \/>[\/vc_column_text][\/vc_column][vc_column width=&#8221;1\/6&#8243;][vc_column_text]<img loading=\"lazy\" decoding=\"async\" class=\"alignnone size-full wp-image-15665\" src=\"https:\/\/gincatsystem.com\/wp-content\/uploads\/2022\/07\/SIMON.png\" alt=\"\" width=\"150\" height=\"74\" \/>[\/vc_column_text][\/vc_column][vc_column width=&#8221;1\/6&#8243;][vc_column_text]<img loading=\"lazy\" decoding=\"async\" class=\"alignnone size-full wp-image-15666\" src=\"https:\/\/gincatsystem.com\/wp-content\/uploads\/2022\/07\/TEKNIA.png\" alt=\"\" width=\"150\" height=\"74\" \/>[\/vc_column_text][\/vc_column][\/vc_row]<\/p>\n","protected":false},"excerpt":{"rendered":"<p>[vc_row type=&#8221;full_width_section&#8221; bg_position=&#8221;left top&#8221;][vc_column width=&#8221;1\/1&#8243;][rev_slider_vc alias=&#8221;slider-1-1&#8243;][\/vc_column][\/vc_row][vc_row top_padding=&#8221;100&#8243; bottom_padding=&#8221;100&#8243; bg_position=&#8221;left top&#8221;][vc_column width=&#8221;1\/3&#8243;][\/vc_column][vc_column width=&#8221;1\/3&#8243;][\/vc_column][vc_column width=&#8221;1\/3&#8243;][\/vc_column][\/vc_row][vc_row type=&#8221;full_width_section&#8221; bg_position=&#8221;left top&#8221;][vc_column width=&#8221;1\/4&#8243;][\/vc_column][vc_column width=&#8221;1\/4&#8243;][\/vc_column][vc_column width=&#8221;1\/4&#8243;][\/vc_column][vc_column width=&#8221;1\/4&#8243;][\/vc_column][\/vc_row][vc_row bg_color=&#8221;#222222&#8243; text_color=&#8221;light&#8221; top_padding=&#8221;50&#8243; bottom_padding=&#8221;50&#8243; bg_position=&#8221;center center&#8221;][vc_column width=&#8221;1\/4&#8243;][\/vc_column][vc_column width=&#8221;1\/4&#8243;][\/vc_column][vc_column width=&#8221;1\/4&#8243;][\/vc_column][vc_column width=&#8221;1\/4&#8243;][\/vc_column][\/vc_row][vc_row top_padding=&#8221;100&#8243; bg_position=&#8221;left top&#8221;][vc_column width=&#8221;1\/1&#8243;][\/vc_column][\/vc_row][vc_row top_padding=&#8221;100&#8243; bottom_padding=&#8221;100&#8243; bg_position=&#8221;left top&#8221;][vc_column width=&#8221;1\/3&#8243;][\/vc_column][vc_column width=&#8221;1\/3&#8243;][\/vc_column][vc_column width=&#8221;1\/3&#8243;][\/vc_column][\/vc_row][vc_row bg_color=&#8221;#fafafa&#8221; text_align=&#8221;center&#8221; top_padding=&#8221;60&#8243; bottom_padding=&#8221;50&#8243; bg_position=&#8221;left top&#8221;][vc_column][\/vc_column][vc_column width=&#8221;1\/6&#8243;][vc_column_text][\/vc_column_text][\/vc_column][vc_column width=&#8221;1\/6&#8243;][vc_column_text][\/vc_column_text][\/vc_column][vc_column width=&#8221;1\/6&#8243;][vc_column_text][\/vc_column_text][\/vc_column][vc_column width=&#8221;1\/6&#8243;][vc_column_text][\/vc_column_text][\/vc_column][vc_column width=&#8221;1\/6&#8243;][vc_column_text][\/vc_column_text][\/vc_column][vc_column width=&#8221;1\/6&#8243;][vc_column_text][\/vc_column_text][\/vc_column][\/vc_row]<\/p>\n","protected":false},"author":1,"featured_media":0,"parent":0,"menu_order":0,"comment_status":"closed","ping_status":"closed","template":"","meta":{"footnotes":""},"class_list":["post-419","page","type-page","status-publish","hentry"],"yoast_head":"<!-- This site is optimized with the Yoast SEO plugin v19.10 - https:\/\/yoast.com\/wordpress\/plugins\/seo\/ -->\n<title>GINCAT SYSTEM \u00b7Fabricaci\u00f3 matrius,recanvis utillatges Barcelona<\/title>\n<meta name=\"description\" content=\"Empresa amb experi\u00e8ncia en el disseny i fabricaci\u00f3 de matrius,recanvis i utillatges per al sector de l\u2019automoci\u00f3, sector el\u00e8ctric i altres.\" \/>\n<meta name=\"robots\" content=\"index, follow, max-snippet:-1, max-image-preview:large, max-video-preview:-1\" \/>\n<link rel=\"canonical\" href=\"https:\/\/gincatsystem.com\/ca\/\" \/>\n<meta property=\"og:locale\" content=\"ca_ES\" \/>\n<meta property=\"og:type\" content=\"article\" \/>\n<meta property=\"og:title\" content=\"GINCAT SYSTEM\" \/>\n<meta property=\"og:description\" content=\"Fabricaci\u00f3 de matrius,recanvis i utillatges per al sector de l\u2019automoci\u00f3, sector el\u00e8ctric i altres\" \/>\n<meta property=\"og:url\" content=\"https:\/\/gincatsystem.com\/ca\/\" \/>\n<meta property=\"og:site_name\" content=\"Gincat System \u00b7 Matriceria, estampaci\u00f3 i soldadura\" \/>\n<meta property=\"article:modified_time\" content=\"2022-09-27T06:42:58+00:00\" \/>\n<meta property=\"og:image\" content=\"https:\/\/gincatsystem.com\/wp-content\/uploads\/2022\/08\/LOGO-GINCAT.png\" \/>\n\t<meta property=\"og:image:width\" content=\"288\" \/>\n\t<meta property=\"og:image:height\" content=\"68\" \/>\n\t<meta property=\"og:image:type\" content=\"image\/png\" \/>\n<meta name=\"twitter:card\" content=\"summary_large_image\" \/>\n<meta name=\"twitter:label1\" content=\"Temps estimat de lectura\" \/>\n\t<meta name=\"twitter:data1\" content=\"3 minuts\" \/>\n<script type=\"application\/ld+json\" class=\"yoast-schema-graph\">{\"@context\":\"https:\/\/schema.org\",\"@graph\":[{\"@type\":\"WebPage\",\"@id\":\"https:\/\/gincatsystem.com\/ca\/\",\"url\":\"https:\/\/gincatsystem.com\/ca\/\",\"name\":\"GINCAT SYSTEM \u00b7Fabricaci\u00f3 matrius,recanvis utillatges Barcelona\",\"isPartOf\":{\"@id\":\"https:\/\/gincatsystem.com\/ca\/#website\"},\"datePublished\":\"2013-01-06T12:43:15+00:00\",\"dateModified\":\"2022-09-27T06:42:58+00:00\",\"description\":\"Empresa amb experi\u00e8ncia en el disseny i fabricaci\u00f3 de matrius,recanvis i utillatges per al sector de l\u2019automoci\u00f3, sector el\u00e8ctric i altres.\",\"breadcrumb\":{\"@id\":\"https:\/\/gincatsystem.com\/ca\/#breadcrumb\"},\"inLanguage\":\"ca\",\"potentialAction\":[{\"@type\":\"ReadAction\",\"target\":[\"https:\/\/gincatsystem.com\/ca\/\"]}]},{\"@type\":\"BreadcrumbList\",\"@id\":\"https:\/\/gincatsystem.com\/ca\/#breadcrumb\",\"itemListElement\":[{\"@type\":\"ListItem\",\"position\":1,\"name\":\"Inici\",\"item\":\"https:\/\/gincatsystem.com\/ca\/\"},{\"@type\":\"ListItem\",\"position\":2,\"name\":\"Inici\"}]},{\"@type\":\"WebSite\",\"@id\":\"https:\/\/gincatsystem.com\/ca\/#website\",\"url\":\"https:\/\/gincatsystem.com\/ca\/\",\"name\":\"Gincat System \u00b7 Matriceria, estampaci\u00f3 i soldadura\",\"description\":\"Disseny i fabricaci\u00f3 de matrius, recanvis i utillatges per a sectors com l&#039;automoci\u00f3 i el sector el\u00e8ctric.\",\"publisher\":{\"@id\":\"https:\/\/gincatsystem.com\/ca\/#organization\"},\"potentialAction\":[{\"@type\":\"SearchAction\",\"target\":{\"@type\":\"EntryPoint\",\"urlTemplate\":\"https:\/\/gincatsystem.com\/ca\/?s={search_term_string}\"},\"query-input\":\"required name=search_term_string\"}],\"inLanguage\":\"ca\"},{\"@type\":\"Organization\",\"@id\":\"https:\/\/gincatsystem.com\/ca\/#organization\",\"name\":\"Gincat System \u00b7 Matriceria, estampaci\u00f3 i soldadura\",\"url\":\"https:\/\/gincatsystem.com\/ca\/\",\"logo\":{\"@type\":\"ImageObject\",\"inLanguage\":\"ca\",\"@id\":\"https:\/\/gincatsystem.com\/ca\/#\/schema\/logo\/image\/\",\"url\":\"https:\/\/gincatsystem.com\/wp-content\/uploads\/2022\/08\/LOGOTIP-FOOTER2.png\",\"contentUrl\":\"https:\/\/gincatsystem.com\/wp-content\/uploads\/2022\/08\/LOGOTIP-FOOTER2.png\",\"width\":307,\"height\":82,\"caption\":\"Gincat System \u00b7 Matriceria, estampaci\u00f3 i soldadura\"},\"image\":{\"@id\":\"https:\/\/gincatsystem.com\/ca\/#\/schema\/logo\/image\/\"}}]}<\/script>\n<!-- \/ Yoast SEO plugin. -->","yoast_head_json":{"title":"GINCAT SYSTEM \u00b7Fabricaci\u00f3 matrius,recanvis utillatges Barcelona","description":"Empresa amb experi\u00e8ncia en el disseny i fabricaci\u00f3 de matrius,recanvis i utillatges per al sector de l\u2019automoci\u00f3, sector el\u00e8ctric i altres.","robots":{"index":"index","follow":"follow","max-snippet":"max-snippet:-1","max-image-preview":"max-image-preview:large","max-video-preview":"max-video-preview:-1"},"canonical":"https:\/\/gincatsystem.com\/ca\/","og_locale":"ca_ES","og_type":"article","og_title":"GINCAT SYSTEM","og_description":"Fabricaci\u00f3 de matrius,recanvis i utillatges per al sector de l\u2019automoci\u00f3, sector el\u00e8ctric i altres","og_url":"https:\/\/gincatsystem.com\/ca\/","og_site_name":"Gincat System \u00b7 Matriceria, estampaci\u00f3 i soldadura","article_modified_time":"2022-09-27T06:42:58+00:00","og_image":[{"width":288,"height":68,"url":"https:\/\/gincatsystem.com\/wp-content\/uploads\/2022\/08\/LOGO-GINCAT.png","type":"image\/png"}],"twitter_card":"summary_large_image","twitter_misc":{"Temps estimat de lectura":"3 minuts"},"schema":{"@context":"https:\/\/schema.org","@graph":[{"@type":"WebPage","@id":"https:\/\/gincatsystem.com\/ca\/","url":"https:\/\/gincatsystem.com\/ca\/","name":"GINCAT SYSTEM \u00b7Fabricaci\u00f3 matrius,recanvis utillatges Barcelona","isPartOf":{"@id":"https:\/\/gincatsystem.com\/ca\/#website"},"datePublished":"2013-01-06T12:43:15+00:00","dateModified":"2022-09-27T06:42:58+00:00","description":"Empresa amb experi\u00e8ncia en el disseny i fabricaci\u00f3 de matrius,recanvis i utillatges per al sector de l\u2019automoci\u00f3, sector el\u00e8ctric i altres.","breadcrumb":{"@id":"https:\/\/gincatsystem.com\/ca\/#breadcrumb"},"inLanguage":"ca","potentialAction":[{"@type":"ReadAction","target":["https:\/\/gincatsystem.com\/ca\/"]}]},{"@type":"BreadcrumbList","@id":"https:\/\/gincatsystem.com\/ca\/#breadcrumb","itemListElement":[{"@type":"ListItem","position":1,"name":"Inici","item":"https:\/\/gincatsystem.com\/ca\/"},{"@type":"ListItem","position":2,"name":"Inici"}]},{"@type":"WebSite","@id":"https:\/\/gincatsystem.com\/ca\/#website","url":"https:\/\/gincatsystem.com\/ca\/","name":"Gincat System \u00b7 Matriceria, estampaci\u00f3 i soldadura","description":"Disseny i fabricaci\u00f3 de matrius, recanvis i utillatges per a sectors com l&#039;automoci\u00f3 i el sector el\u00e8ctric.","publisher":{"@id":"https:\/\/gincatsystem.com\/ca\/#organization"},"potentialAction":[{"@type":"SearchAction","target":{"@type":"EntryPoint","urlTemplate":"https:\/\/gincatsystem.com\/ca\/?s={search_term_string}"},"query-input":"required name=search_term_string"}],"inLanguage":"ca"},{"@type":"Organization","@id":"https:\/\/gincatsystem.com\/ca\/#organization","name":"Gincat System \u00b7 Matriceria, estampaci\u00f3 i soldadura","url":"https:\/\/gincatsystem.com\/ca\/","logo":{"@type":"ImageObject","inLanguage":"ca","@id":"https:\/\/gincatsystem.com\/ca\/#\/schema\/logo\/image\/","url":"https:\/\/gincatsystem.com\/wp-content\/uploads\/2022\/08\/LOGOTIP-FOOTER2.png","contentUrl":"https:\/\/gincatsystem.com\/wp-content\/uploads\/2022\/08\/LOGOTIP-FOOTER2.png","width":307,"height":82,"caption":"Gincat System \u00b7 Matriceria, estampaci\u00f3 i soldadura"},"image":{"@id":"https:\/\/gincatsystem.com\/ca\/#\/schema\/logo\/image\/"}}]}},"_links":{"self":[{"href":"https:\/\/gincatsystem.com\/ca\/wp-json\/wp\/v2\/pages\/419","targetHints":{"allow":["GET"]}}],"collection":[{"href":"https:\/\/gincatsystem.com\/ca\/wp-json\/wp\/v2\/pages"}],"about":[{"href":"https:\/\/gincatsystem.com\/ca\/wp-json\/wp\/v2\/types\/page"}],"author":[{"embeddable":true,"href":"https:\/\/gincatsystem.com\/ca\/wp-json\/wp\/v2\/users\/1"}],"replies":[{"embeddable":true,"href":"https:\/\/gincatsystem.com\/ca\/wp-json\/wp\/v2\/comments?post=419"}],"version-history":[{"count":31,"href":"https:\/\/gincatsystem.com\/ca\/wp-json\/wp\/v2\/pages\/419\/revisions"}],"predecessor-version":[{"id":15933,"href":"https:\/\/gincatsystem.com\/ca\/wp-json\/wp\/v2\/pages\/419\/revisions\/15933"}],"wp:attachment":[{"href":"https:\/\/gincatsystem.com\/ca\/wp-json\/wp\/v2\/media?parent=419"}],"curies":[{"name":"wp","href":"https:\/\/api.w.org\/{rel}","templated":true}]}}