{"id":3,"date":"2022-06-21T09:04:45","date_gmt":"2022-06-21T09:04:45","guid":{"rendered":"https:\/\/gincatsystem.com\/?page_id=3"},"modified":"2022-09-28T10:01:05","modified_gmt":"2022-09-28T10:01:05","slug":"politica-privacitat","status":"publish","type":"page","link":"https:\/\/gincatsystem.com\/ca\/politica-privacitat\/","title":{"rendered":"Pol\u00edtica de Privacitat"},"content":{"rendered":"\r\n<h2 class=\"wp-block-heading\"><\/h2>\r\n\r\n\r\n\r\n<p><strong class=\"privacy-policy-tutorial\"> <\/strong>De conformitat amb la&nbsp;<strong>Llei Org\u00e0nica 3\/2018, del 5 de desembre, de Protecci\u00f3 de Dades Personals i Garanties dels Drets Digitals,<\/strong>&nbsp;i del Reglament (UE) 2016\/679, de 27 d\u2019abril de 2016, relatiu a la protecci\u00f3 de les persones f\u00edsiques pel que fa al tractament de dades personals ia la lliure circulaci\u00f3 d\u2019aquestes dades,&nbsp;<strong>GINCAT SYSTEM<\/strong>&nbsp;informa als Usuaris que naveguin i accedeixin al lloc web&nbsp;<a href=\"https:\/\/gincatsystem.com\/\">www.gincatsystem.com<\/a>&nbsp;sobre els tractaments de dades personals realitzats:<\/p>\r\n\r\n\r\n\r\n<h2 class=\"wp-block-heading\">Responsable<\/h2>\r\n\r\n\r\n\r\n<p><strong>GINCAT SYSTEM, S.L.<\/strong><br>B64140007<br>C.Barcelona, 25 \u00b7 08272 St. Fruitos de Bages (Barcelona)<\/p>\r\n\r\n\r\n\r\n<h2 class=\"wp-block-heading\">Finalitat<\/h2>\r\n\r\n\r\n\r\n<p>Gestionar les dades als quals l\u2019empresa accedeix com a conseq\u00fc\u00e8ncia de la navegaci\u00f3, consulta i \/ o sol\u00b7licitud, aix\u00ed com la contractaci\u00f3 de serveis a trav\u00e9s del lloc web i, si escau enviar comunicacions comercials.<\/p>\r\n\r\n\r\n\r\n<h2 class=\"wp-block-heading\">Legitimaci\u00f3<\/h2>\r\n\r\n\r\n\r\n<p>Execuci\u00f3 d\u2019un contracte.<\/p>\r\n\r\n\r\n\r\n<h2 class=\"wp-block-heading\">Destinataris<\/h2>\r\n\r\n\r\n\r\n<p>No es cediran les dades a tercers, excepte obligaci\u00f3 legal.<\/p>\r\n\r\n\r\n\r\n<h2 class=\"wp-block-heading\">Drets<\/h2>\r\n\r\n\r\n\r\n<p>Accedir, rectificar i suprimir les dades, aix\u00ed com els altres drets regulats al Reglament (UE) 679\/2016 poden ser exercits dirigint-se al seg\u00fcent domicili: C.Barcelona, 25 \u00b7 08272 St. Fruitos de Bages (Barcelona) o a la seg\u00fcent adre\u00e7a de correu electr\u00f2nic&nbsp;<a href=\"mailto:info@mentaevents.com\"><strong>info@<\/strong><\/a><strong><a href=\"mailto: info@gincatsytem.com\" data-type=\"mailto\" data-id=\"mailto: info@gincatsytem.com\">gincatsystem<\/a><\/strong><a href=\"mailto:info@mentaevents.com\"><strong>.com<\/strong><\/a><\/p>\r\n\r\n\r\n\r\n<h2 class=\"wp-block-heading\">Conservaci\u00f3<\/h2>\r\n\r\n\r\n\r\n<p>En cas que l\u2019usuari nom\u00e9s faci una consulta seves dades no seran utilitzades per cap altre motiu a part de gestionar la resposta.<\/p>\r\n\r\n\r\n\r\n<p>Abans de l\u2019enviament de qualsevol sol\u00b7licitud d\u2019informaci\u00f3 a trav\u00e9s del correu electr\u00f2nic de contacte d\u2019aquesta p\u00e0gina web, l\u2019usuari ha d\u2019acceptar la pol\u00edtica de privacitat i les condicions d\u2019\u00fas d\u2019aquesta, amb la finalitat de prestar el consentiment expr\u00e9s i informat pel tractament de les dades amb les finalitats indicades.<\/p>\r\n\r\n\r\n\r\n<p>Les dades personals que l\u2019Usuari facilita&nbsp;<strong>GINCAT SYSTEM<\/strong>&nbsp;han de ser actuals perqu\u00e8 la informaci\u00f3 dels registres estigui actualitza i sense errors. L\u2019Usuari respondr\u00e0 de la veracitat de les dades facilitades.<\/p>\r\n\r\n\r\n\r\n<h2 class=\"wp-block-heading\">Menors d\u2019edat<\/h2>\r\n\r\n\r\n\r\n<p>Menors d\u2019edat<\/p>\r\n\r\n\r\n\r\n<p>Els menors de 18 anys no poden cedir les seves dades personals a&nbsp;<strong>GINCAT SYSTEM<\/strong>&nbsp;sense el previ consentiment dels seus pares i \/ o tutors legals.<\/p>\r\n\r\n\r\n\r\n<p>En cas que&nbsp;<strong>GINCAT SYSTEM<\/strong>&nbsp;detect\u00e9s que l\u2019usuari \u00e9s menor de 18 anys es reserva el dret a sol\u00b7licitar una c\u00f2pia del seu DNI o document d\u2019identitat equivalent, o, si s\u2019escau, l\u2019autoritzaci\u00f3 dels seus pares i \/ o tutors legals, causant baixa en cas de no acreditar el compliment d\u2019aquest requisit o manca de resposta.<\/p>\r\n\r\n\r\n\r\n<h2 class=\"wp-block-heading\">Quines mesures de seguretat t\u00e9 implantada l\u2019empresa?<\/h2>\r\n\r\n\r\n\r\n<p><strong>GINCAT SYSTEM<\/strong>&nbsp;informa que t\u00e9 implantades les mesures de seguretat d\u2019\u00edndole t\u00e8cnica i organitzatives necess\u00e0ries que garanteixin la seguretat de les dades de car\u00e0cter personal de l\u2019Usuari i evitin la seva alteraci\u00f3, p\u00e8rdua, tractament i \/ o acc\u00e9s no autoritzat d\u2019acord amb l\u2019estat de la tecnologia, la naturalesa de les dades emmagatzemades i els riscos a qu\u00e8 estan exposats, tant si provenen de l\u2019acci\u00f3 humana o del medi f\u00edsic o natural, de conformitat amb el que preveu la normativa vigent.<\/p>\r\n","protected":false},"excerpt":{"rendered":"<p>De conformitat amb la&nbsp;Llei Org\u00e0nica 3\/2018, del 5 de desembre, de Protecci\u00f3 de Dades Personals i Garanties dels Drets Digitals,&nbsp;i del Reglament (UE) 2016\/679, de 27 d\u2019abril de 2016, relatiu a la protecci\u00f3 de les persones f\u00edsiques pel que fa al tractament de dades personals ia la lliure circulaci\u00f3 d\u2019aquestes dades,&nbsp;GINCAT SYSTEM&nbsp;informa als Usuaris que naveguin i accedeixin al lloc web&nbsp;www.gincatsystem.com&nbsp;sobre els tractaments de dades personals realitzats: Responsable GINCAT SYSTEM, S.L.B64140007C.Barcelona, 25 \u00b7 08272 St. Fruitos de Bages (Barcelona) Finalitat Gestionar les dades als quals l\u2019empresa accedeix com a conseq\u00fc\u00e8ncia de la navegaci\u00f3, consulta i \/ o sol\u00b7licitud, aix\u00ed com la contractaci\u00f3 de serveis a trav\u00e9s del lloc web i, si escau enviar comunicacions comercials. Legitimaci\u00f3 Execuci\u00f3 d\u2019un contracte. Destinataris No es cediran les dades a tercers, excepte obligaci\u00f3 legal. Drets Accedir, rectificar i suprimir les dades, aix\u00ed com els altres drets regulats al Reglament (UE) 679\/2016 poden ser exercits dirigint-se al seg\u00fcent domicili: C.Barcelona, 25 \u00b7 08272 St. Fruitos de Bages (Barcelona) o a la seg\u00fcent adre\u00e7a de correu electr\u00f2nic&nbsp;info@gincatsystem.com Conservaci\u00f3 En cas que l\u2019usuari nom\u00e9s faci una consulta seves dades no seran utilitzades per cap altre motiu a part de gestionar la resposta. Abans de l\u2019enviament de qualsevol [&hellip;]<\/p>\n","protected":false},"author":1,"featured_media":0,"parent":0,"menu_order":0,"comment_status":"closed","ping_status":"closed","template":"","meta":{"footnotes":""},"class_list":["post-3","page","type-page","status-publish","hentry"],"yoast_head":"<!-- This site is optimized with the Yoast SEO plugin v19.10 - https:\/\/yoast.com\/wordpress\/plugins\/seo\/ -->\n<title>GINCAT SYSTEM \u00b7Fabricaci\u00f3 matrius,recanvis utillatges Barcelona<\/title>\n<meta name=\"description\" content=\"Empresa amb experi\u00e8ncia en el disseny i fabricaci\u00f3 de matrius,recanvis i utillatges per al sector de l\u2019automoci\u00f3, sector el\u00e8ctric i altres.\" \/>\n<meta name=\"robots\" content=\"index, follow, max-snippet:-1, max-image-preview:large, max-video-preview:-1\" \/>\n<link rel=\"canonical\" href=\"https:\/\/gincatsystem.com\/ca\/politica-privacitat\/\" \/>\n<meta property=\"og:locale\" content=\"ca_ES\" \/>\n<meta property=\"og:type\" content=\"article\" \/>\n<meta property=\"og:title\" content=\"GINCAT SYSTEM \u00b7Fabricaci\u00f3 matrius,recanvis utillatges Barcelona\" \/>\n<meta property=\"og:description\" content=\"Empresa amb experi\u00e8ncia en el disseny i fabricaci\u00f3 de matrius,recanvis i utillatges per al sector de l\u2019automoci\u00f3, sector el\u00e8ctric i altres.\" \/>\n<meta property=\"og:url\" content=\"https:\/\/gincatsystem.com\/ca\/politica-privacitat\/\" \/>\n<meta property=\"og:site_name\" content=\"Gincat System \u00b7 Matriceria, estampaci\u00f3 i soldadura\" \/>\n<meta property=\"article:modified_time\" content=\"2022-09-28T10:01:05+00:00\" \/>\n<meta name=\"twitter:card\" content=\"summary_large_image\" \/>\n<meta name=\"twitter:label1\" content=\"Temps estimat de lectura\" \/>\n\t<meta name=\"twitter:data1\" content=\"3 minuts\" \/>\n<script type=\"application\/ld+json\" class=\"yoast-schema-graph\">{\"@context\":\"https:\/\/schema.org\",\"@graph\":[{\"@type\":\"WebPage\",\"@id\":\"https:\/\/gincatsystem.com\/ca\/politica-privacitat\/\",\"url\":\"https:\/\/gincatsystem.com\/ca\/politica-privacitat\/\",\"name\":\"GINCAT SYSTEM \u00b7Fabricaci\u00f3 matrius,recanvis utillatges Barcelona\",\"isPartOf\":{\"@id\":\"https:\/\/gincatsystem.com\/ca\/#website\"},\"datePublished\":\"2022-06-21T09:04:45+00:00\",\"dateModified\":\"2022-09-28T10:01:05+00:00\",\"description\":\"Empresa amb experi\u00e8ncia en el disseny i fabricaci\u00f3 de matrius,recanvis i utillatges per al sector de l\u2019automoci\u00f3, sector el\u00e8ctric i altres.\",\"breadcrumb\":{\"@id\":\"https:\/\/gincatsystem.com\/ca\/politica-privacitat\/#breadcrumb\"},\"inLanguage\":\"ca\",\"potentialAction\":[{\"@type\":\"ReadAction\",\"target\":[\"https:\/\/gincatsystem.com\/ca\/politica-privacitat\/\"]}]},{\"@type\":\"BreadcrumbList\",\"@id\":\"https:\/\/gincatsystem.com\/ca\/politica-privacitat\/#breadcrumb\",\"itemListElement\":[{\"@type\":\"ListItem\",\"position\":1,\"name\":\"Inici\",\"item\":\"https:\/\/gincatsystem.com\/ca\/\"},{\"@type\":\"ListItem\",\"position\":2,\"name\":\"Pol\u00edtica de Privacitat\"}]},{\"@type\":\"WebSite\",\"@id\":\"https:\/\/gincatsystem.com\/ca\/#website\",\"url\":\"https:\/\/gincatsystem.com\/ca\/\",\"name\":\"Gincat System \u00b7 Matriceria, estampaci\u00f3 i soldadura\",\"description\":\"Disseny i fabricaci\u00f3 de matrius, recanvis i utillatges per a sectors com l&#039;automoci\u00f3 i el sector el\u00e8ctric.\",\"publisher\":{\"@id\":\"https:\/\/gincatsystem.com\/ca\/#organization\"},\"potentialAction\":[{\"@type\":\"SearchAction\",\"target\":{\"@type\":\"EntryPoint\",\"urlTemplate\":\"https:\/\/gincatsystem.com\/ca\/?s={search_term_string}\"},\"query-input\":\"required name=search_term_string\"}],\"inLanguage\":\"ca\"},{\"@type\":\"Organization\",\"@id\":\"https:\/\/gincatsystem.com\/ca\/#organization\",\"name\":\"Gincat System \u00b7 Matriceria, estampaci\u00f3 i soldadura\",\"url\":\"https:\/\/gincatsystem.com\/ca\/\",\"logo\":{\"@type\":\"ImageObject\",\"inLanguage\":\"ca\",\"@id\":\"https:\/\/gincatsystem.com\/ca\/#\/schema\/logo\/image\/\",\"url\":\"https:\/\/gincatsystem.com\/wp-content\/uploads\/2022\/08\/LOGOTIP-FOOTER2.png\",\"contentUrl\":\"https:\/\/gincatsystem.com\/wp-content\/uploads\/2022\/08\/LOGOTIP-FOOTER2.png\",\"width\":307,\"height\":82,\"caption\":\"Gincat System \u00b7 Matriceria, estampaci\u00f3 i soldadura\"},\"image\":{\"@id\":\"https:\/\/gincatsystem.com\/ca\/#\/schema\/logo\/image\/\"}}]}<\/script>\n<!-- \/ Yoast SEO plugin. -->","yoast_head_json":{"title":"GINCAT SYSTEM \u00b7Fabricaci\u00f3 matrius,recanvis utillatges Barcelona","description":"Empresa amb experi\u00e8ncia en el disseny i fabricaci\u00f3 de matrius,recanvis i utillatges per al sector de l\u2019automoci\u00f3, sector el\u00e8ctric i altres.","robots":{"index":"index","follow":"follow","max-snippet":"max-snippet:-1","max-image-preview":"max-image-preview:large","max-video-preview":"max-video-preview:-1"},"canonical":"https:\/\/gincatsystem.com\/ca\/politica-privacitat\/","og_locale":"ca_ES","og_type":"article","og_title":"GINCAT SYSTEM \u00b7Fabricaci\u00f3 matrius,recanvis utillatges Barcelona","og_description":"Empresa amb experi\u00e8ncia en el disseny i fabricaci\u00f3 de matrius,recanvis i utillatges per al sector de l\u2019automoci\u00f3, sector el\u00e8ctric i altres.","og_url":"https:\/\/gincatsystem.com\/ca\/politica-privacitat\/","og_site_name":"Gincat System \u00b7 Matriceria, estampaci\u00f3 i soldadura","article_modified_time":"2022-09-28T10:01:05+00:00","twitter_card":"summary_large_image","twitter_misc":{"Temps estimat de lectura":"3 minuts"},"schema":{"@context":"https:\/\/schema.org","@graph":[{"@type":"WebPage","@id":"https:\/\/gincatsystem.com\/ca\/politica-privacitat\/","url":"https:\/\/gincatsystem.com\/ca\/politica-privacitat\/","name":"GINCAT SYSTEM \u00b7Fabricaci\u00f3 matrius,recanvis utillatges Barcelona","isPartOf":{"@id":"https:\/\/gincatsystem.com\/ca\/#website"},"datePublished":"2022-06-21T09:04:45+00:00","dateModified":"2022-09-28T10:01:05+00:00","description":"Empresa amb experi\u00e8ncia en el disseny i fabricaci\u00f3 de matrius,recanvis i utillatges per al sector de l\u2019automoci\u00f3, sector el\u00e8ctric i altres.","breadcrumb":{"@id":"https:\/\/gincatsystem.com\/ca\/politica-privacitat\/#breadcrumb"},"inLanguage":"ca","potentialAction":[{"@type":"ReadAction","target":["https:\/\/gincatsystem.com\/ca\/politica-privacitat\/"]}]},{"@type":"BreadcrumbList","@id":"https:\/\/gincatsystem.com\/ca\/politica-privacitat\/#breadcrumb","itemListElement":[{"@type":"ListItem","position":1,"name":"Inici","item":"https:\/\/gincatsystem.com\/ca\/"},{"@type":"ListItem","position":2,"name":"Pol\u00edtica de Privacitat"}]},{"@type":"WebSite","@id":"https:\/\/gincatsystem.com\/ca\/#website","url":"https:\/\/gincatsystem.com\/ca\/","name":"Gincat System \u00b7 Matriceria, estampaci\u00f3 i soldadura","description":"Disseny i fabricaci\u00f3 de matrius, recanvis i utillatges per a sectors com l&#039;automoci\u00f3 i el sector el\u00e8ctric.","publisher":{"@id":"https:\/\/gincatsystem.com\/ca\/#organization"},"potentialAction":[{"@type":"SearchAction","target":{"@type":"EntryPoint","urlTemplate":"https:\/\/gincatsystem.com\/ca\/?s={search_term_string}"},"query-input":"required name=search_term_string"}],"inLanguage":"ca"},{"@type":"Organization","@id":"https:\/\/gincatsystem.com\/ca\/#organization","name":"Gincat System \u00b7 Matriceria, estampaci\u00f3 i soldadura","url":"https:\/\/gincatsystem.com\/ca\/","logo":{"@type":"ImageObject","inLanguage":"ca","@id":"https:\/\/gincatsystem.com\/ca\/#\/schema\/logo\/image\/","url":"https:\/\/gincatsystem.com\/wp-content\/uploads\/2022\/08\/LOGOTIP-FOOTER2.png","contentUrl":"https:\/\/gincatsystem.com\/wp-content\/uploads\/2022\/08\/LOGOTIP-FOOTER2.png","width":307,"height":82,"caption":"Gincat System \u00b7 Matriceria, estampaci\u00f3 i soldadura"},"image":{"@id":"https:\/\/gincatsystem.com\/ca\/#\/schema\/logo\/image\/"}}]}},"_links":{"self":[{"href":"https:\/\/gincatsystem.com\/ca\/wp-json\/wp\/v2\/pages\/3","targetHints":{"allow":["GET"]}}],"collection":[{"href":"https:\/\/gincatsystem.com\/ca\/wp-json\/wp\/v2\/pages"}],"about":[{"href":"https:\/\/gincatsystem.com\/ca\/wp-json\/wp\/v2\/types\/page"}],"author":[{"embeddable":true,"href":"https:\/\/gincatsystem.com\/ca\/wp-json\/wp\/v2\/users\/1"}],"replies":[{"embeddable":true,"href":"https:\/\/gincatsystem.com\/ca\/wp-json\/wp\/v2\/comments?post=3"}],"version-history":[{"count":4,"href":"https:\/\/gincatsystem.com\/ca\/wp-json\/wp\/v2\/pages\/3\/revisions"}],"predecessor-version":[{"id":17885,"href":"https:\/\/gincatsystem.com\/ca\/wp-json\/wp\/v2\/pages\/3\/revisions\/17885"}],"wp:attachment":[{"href":"https:\/\/gincatsystem.com\/ca\/wp-json\/wp\/v2\/media?parent=3"}],"curies":[{"name":"wp","href":"https:\/\/api.w.org\/{rel}","templated":true}]}}