{"id":15568,"date":"2022-07-11T15:28:18","date_gmt":"2022-07-11T15:28:18","guid":{"rendered":"https:\/\/gincatsystem.com\/?page_id=15568"},"modified":"2022-09-27T07:12:18","modified_gmt":"2022-09-27T07:12:18","slug":"nosaltres","status":"publish","type":"page","link":"https:\/\/gincatsystem.com\/ca\/nosaltres\/","title":{"rendered":"Nosaltres"},"content":{"rendered":"<p>[vc_row bg_image=&#8221;15773&#8243; parallax_bg=&#8221;true&#8221; bg_color=&#8221;#f9f9f9&#8243; top_padding=&#8221;290&#8243; bottom_padding=&#8221;200&#8243;][vc_column width=&#8221;1\/1&#8243;]<h1 class=\"headline font-special fontsize-xxxl fontweight-inherit lh-inherit align-center transform-uppercase \" style=\"margin: 90px 0 90px 0; color: #ffffff;\">Som <strong>GINCAT SYSTEM<\/strong><\/h1>[\/vc_column][\/vc_row][vc_row top_padding=&#8221;100&#8243; bottom_padding=&#8221;100&#8243; bg_position=&#8221;left top&#8221;][vc_column width=&#8221;1\/2&#8243;][vc_column_text]<\/p>\n<h6>GINCAT SYSTEM<\/h6>\n<p>Som una empresa amb <strong>m\u00e9s de 25 anys d&#8217;experi\u00e8ncia<\/strong> al sector. Als nostres tallers, amb una superf\u00edcie total de 1800m2, disposem de la m\u00e9s avan\u00e7ada tecnologia, la qual cosa ens permet donar als nostres clients la millor qualitat en els nostres productes.[\/vc_column_text][\/vc_column][vc_column width=&#8221;1\/2&#8243;][vc_column_text]<\/p>\n<h6><strong>THE POWER OF EXPERIENCE<\/strong><\/h6>\n<p>Disposem de prove\u00efdors que ens poden fer tota mena de tractaments t\u00e8rmics, recobriments i acabats de pe\u00e7a. Tenim una extensa experi\u00e8ncia en el disseny i fabricaci\u00f3 de matrius, recanvis i utillatges per a sectors com l&#8217;automoci\u00f3.[\/vc_column_text][\/vc_column][\/vc_row][vc_row bg_image=&#8221;15679&#8243; text_color=&#8221;light&#8221; text_align=&#8221;center&#8221; top_padding=&#8221;160&#8243; bottom_padding=&#8221;160&#8243; bg_position=&#8221;left top&#8221;][vc_column width=&#8221;1\/1&#8243;]<h2 class=\"headline font-special fontsize-xl fontweight-700 lh-16 align-center transform-uppercase \" style=\"margin: 0 0 40px 0;\">Assumim els projectes dels nostres<br \/>\nclients com a reptes, buscant sempre<br \/>\nla millor efici\u00e8ncia i qualitat.<\/h2>[vc_column_text]<a href=\"tel:+34938761298\" target=\"_self\" class=\"button color-6 large \" style=\"border-radius: 2px;\">Truca&#8217;ns<\/a> <a href=\"https:\/\/gincatsystem.com\/ca\/contacte\/\" target=\"_self\" class=\"button color-7 large \" style=\"border-radius: 2px;\">Contacte<\/a>[\/vc_column_text][\/vc_column][\/vc_row][vc_row][vc_column width=&#8221;1\/1&#8243;]<div class=\"spacer\" style=\"height: 90px;\"><\/div><div class=\"headline font-inherit fontsize-m fontweight-inherit lh-19 align-center transform-inherit \" style=\"margin: 0; color: #666666;\">Descobreix les nostres instal\u00b7lacions<\/div><div class=\"spacer\" style=\"height: 40px;\"><\/div><div class=\"video-embed  wpb_content_element\"><\/div><div class=\"spacer\" style=\"height: 30px;\"><\/div>[\/vc_column][\/vc_row][vc_row bg_color=&#8221;#222222&#8243; text_color=&#8221;light&#8221; top_padding=&#8221;100&#8243; bottom_padding=&#8221;100&#8243; bg_position=&#8221;left top&#8221;][vc_column width=&#8221;1\/3&#8243;]<div class=\"iconbox  wpb_content_element iconbox-style-2 icon-color-greyscale color-dark clearfix\"><div class=\"iconbox-icon\"><img src='https:\/\/gincatsystem.com\/wp-content\/uploads\/2022\/07\/EMPRESA.png' class='iconimg' alt='Empresa' \/><\/div><div class=\"iconbox-content\"><h3>Empresa<\/h3><div class=\"page\" title=\"Page 2\">\n<div class=\"section\">\n<div class=\"layoutArea\">\n<div class=\"column\">\n<p>La companyia va ser establerta el <strong>2006<\/strong>. Gr\u00e0cies a la <strong>localitzaci\u00f3 estrat\u00e8gica de la nostra f\u00e0brica<\/strong>, exportem els nostres productes arreu del m\u00f3n.<\/p>\n<\/div>\n<\/div>\n<\/div>\n<\/div><\/div><\/div><div class=\"spacer\" style=\"height: 10px;\"><\/div><div class=\"iconbox  wpb_content_element iconbox-style-2 icon-color-greyscale color-dark clearfix\"><div class=\"iconbox-icon\"><img src='https:\/\/gincatsystem.com\/wp-content\/uploads\/2022\/07\/MAQUINARIA.png' class='iconimg' alt='Maquin\u00e0ria' \/><\/div><div class=\"iconbox-content\"><h3>Maquin\u00e0ria<\/h3><p>Disposem de la maquin\u00e0ria m\u00e9s avan\u00e7ada, <strong>12 premses i 14 m\u00e0quines per fabricar matrius<\/strong>.<\/p><\/div><\/div>[\/vc_column][vc_column width=&#8221;1\/3&#8243;]<div class=\"iconbox  wpb_content_element iconbox-style-2 icon-color-greyscale color-dark clearfix\"><div class=\"iconbox-icon\"><img src='https:\/\/gincatsystem.com\/wp-content\/uploads\/2022\/07\/PROVEIDORS-1.png' class='iconimg' alt='Prove\u00efdors' \/><\/div><div class=\"iconbox-content\"><h3>Prove\u00efdors<\/h3><div class=\"page\" title=\"Page 2\">\n<div class=\"section\">\n<div class=\"layoutArea\">\n<div class=\"column\">\n<p>Disposem de prove\u00efdors que ens poden fer tota mena de <strong>tractaments t\u00e8rmics, recobriments i acabats de pe\u00e7a<\/strong>.<\/p>\n<\/div>\n<\/div>\n<\/div>\n<\/div><\/div><\/div><div class=\"spacer\" style=\"height: 10px;\"><\/div><div class=\"iconbox  wpb_content_element iconbox-style-2 icon-color-greyscale color-dark clearfix\"><div class=\"iconbox-icon\"><img src='https:\/\/gincatsystem.com\/wp-content\/uploads\/2022\/07\/PRODUCTES.png' class='iconimg' alt='Productes' \/><\/div><div class=\"iconbox-content\"><h3>Productes<\/h3><div class=\"page\" title=\"Page 2\">\n<div class=\"section\">\n<div class=\"layoutArea\">\n<div class=\"column\">\n<p>Les nostres principals produccions s\u00f3n de <strong>matriceria, estampaci\u00f3 i soldadura<\/strong>.<\/p>\n<\/div>\n<\/div>\n<\/div>\n<\/div><\/div><\/div>[\/vc_column][vc_column width=&#8221;1\/3&#8243;]<div class=\"iconbox  wpb_content_element iconbox-style-2 icon-color-greyscale color-dark clearfix\"><div class=\"iconbox-icon\"><img src='https:\/\/gincatsystem.com\/wp-content\/uploads\/2022\/07\/FABRICA.png' class='iconimg' alt='Fabrica' \/><\/div><div class=\"iconbox-content\"><h3>Fabrica<\/h3><div class=\"page\" title=\"Page 2\">\n<div class=\"section\">\n<div class=\"layoutArea\">\n<div class=\"column\">\n<p>Situada a Sant Fruit\u00f3s, disposa de <strong>premses de 40 a 400 Tm<\/strong> que us permet estampar peces en progressiu en tot tipus de materials, tant f\u00e8rrics com no f\u00e8rrics.<\/p>\n<\/div>\n<\/div>\n<\/div>\n<\/div><\/div><\/div><div class=\"spacer\" style=\"height: 10px;\"><\/div><div class=\"iconbox  wpb_content_element iconbox-style-2 icon-color-greyscale color-dark clearfix\"><div class=\"iconbox-icon\"><img src='https:\/\/gincatsystem.com\/wp-content\/uploads\/2022\/07\/CERTIFICATS.png' class='iconimg' alt='Certificats' \/><\/div><div class=\"iconbox-content\"><h3>Certificats<\/h3><div class=\"page\" title=\"Page 2\">\n<div class=\"section\">\n<div class=\"layoutArea\">\n<div class=\"column\">\n<p>Dispossem d\u00b4un sistema de Gesti\u00f3 per procesos i departaments que integra les disciplines de control i gesti\u00f3 de la Qualitat, tamb\u00e9 Mediambiental, i de Seguretat i Salut en el treball. Dispossem de les certificacions <strong>ISO 9001:2015<\/strong> i <strong>la ISO 14001:2015<\/strong>.<\/p>\n<\/div>\n<\/div>\n<\/div>\n<\/div><\/div><\/div>[\/vc_column][\/vc_row]<\/p>\n","protected":false},"excerpt":{"rendered":"<p>[vc_row bg_image=&#8221;15773&#8243; parallax_bg=&#8221;true&#8221; bg_color=&#8221;#f9f9f9&#8243; top_padding=&#8221;290&#8243; bottom_padding=&#8221;200&#8243;][vc_column width=&#8221;1\/1&#8243;][\/vc_column][\/vc_row][vc_row top_padding=&#8221;100&#8243; bottom_padding=&#8221;100&#8243; bg_position=&#8221;left top&#8221;][vc_column width=&#8221;1\/2&#8243;][vc_column_text] GINCAT SYSTEM Som una empresa amb m\u00e9s de 25 anys d&#8217;experi\u00e8ncia al sector. Als nostres tallers, amb una superf\u00edcie total de 1800m2, disposem de la m\u00e9s avan\u00e7ada tecnologia, la qual cosa ens permet donar als nostres clients la millor qualitat en els nostres productes.[\/vc_column_text][\/vc_column][vc_column width=&#8221;1\/2&#8243;][vc_column_text] THE POWER OF EXPERIENCE Disposem de prove\u00efdors que ens poden fer tota mena de tractaments t\u00e8rmics, recobriments i acabats de pe\u00e7a. Tenim una extensa experi\u00e8ncia en el disseny i fabricaci\u00f3 de matrius, recanvis i utillatges per a sectors com l&#8217;automoci\u00f3.[\/vc_column_text][\/vc_column][\/vc_row][vc_row bg_image=&#8221;15679&#8243; text_color=&#8221;light&#8221; text_align=&#8221;center&#8221; top_padding=&#8221;160&#8243; bottom_padding=&#8221;160&#8243; bg_position=&#8221;left top&#8221;][vc_column width=&#8221;1\/1&#8243;][vc_column_text] [\/vc_column_text][\/vc_column][\/vc_row][vc_row][vc_column width=&#8221;1\/1&#8243;][\/vc_column][\/vc_row][vc_row bg_color=&#8221;#222222&#8243; text_color=&#8221;light&#8221; top_padding=&#8221;100&#8243; bottom_padding=&#8221;100&#8243; bg_position=&#8221;left top&#8221;][vc_column width=&#8221;1\/3&#8243;][\/vc_column][vc_column width=&#8221;1\/3&#8243;][\/vc_column][vc_column width=&#8221;1\/3&#8243;][\/vc_column][\/vc_row]<\/p>\n","protected":false},"author":1,"featured_media":0,"parent":0,"menu_order":0,"comment_status":"closed","ping_status":"closed","template":"","meta":{"footnotes":""},"class_list":["post-15568","page","type-page","status-publish","hentry"],"yoast_head":"<!-- This site is optimized with the Yoast SEO plugin v19.10 - https:\/\/yoast.com\/wordpress\/plugins\/seo\/ -->\n<title>GINCAT SYSTEM \u00b7 Matriceria, estampaci\u00f3 i soldadura a Barcelona<\/title>\n<meta name=\"description\" content=\"Les nostres principals produccions s\u00f3n de matriceria, estampaci\u00f3 i soldadura a Barcelona. Disposem de 12 premses i 14 m\u00e0quines per matrius.\" \/>\n<meta name=\"robots\" content=\"index, follow, max-snippet:-1, max-image-preview:large, max-video-preview:-1\" \/>\n<link rel=\"canonical\" href=\"https:\/\/gincatsystem.com\/ca\/nosaltres\/\" \/>\n<meta property=\"og:locale\" content=\"ca_ES\" \/>\n<meta property=\"og:type\" content=\"article\" \/>\n<meta property=\"og:title\" content=\"GINCAT SYSTEM \u00b7 Matriceria, estampaci\u00f3 i soldadura a Barcelona\" \/>\n<meta property=\"og:description\" content=\"Les nostres principals produccions s\u00f3n de matriceria, estampaci\u00f3 i soldadura a Barcelona. Disposem de 12 premses i 14 m\u00e0quines per matrius.\" \/>\n<meta property=\"og:url\" content=\"https:\/\/gincatsystem.com\/ca\/nosaltres\/\" \/>\n<meta property=\"og:site_name\" content=\"Gincat System \u00b7 Matriceria, estampaci\u00f3 i soldadura\" \/>\n<meta property=\"article:modified_time\" content=\"2022-09-27T07:12:18+00:00\" \/>\n<meta name=\"twitter:card\" content=\"summary_large_image\" \/>\n<meta name=\"twitter:label1\" content=\"Temps estimat de lectura\" \/>\n\t<meta name=\"twitter:data1\" content=\"2 minuts\" \/>\n<script type=\"application\/ld+json\" class=\"yoast-schema-graph\">{\"@context\":\"https:\/\/schema.org\",\"@graph\":[{\"@type\":\"WebPage\",\"@id\":\"https:\/\/gincatsystem.com\/ca\/nosaltres\/\",\"url\":\"https:\/\/gincatsystem.com\/ca\/nosaltres\/\",\"name\":\"GINCAT SYSTEM \u00b7 Matriceria, estampaci\u00f3 i soldadura a Barcelona\",\"isPartOf\":{\"@id\":\"https:\/\/gincatsystem.com\/ca\/#website\"},\"datePublished\":\"2022-07-11T15:28:18+00:00\",\"dateModified\":\"2022-09-27T07:12:18+00:00\",\"description\":\"Les nostres principals produccions s\u00f3n de matriceria, estampaci\u00f3 i soldadura a Barcelona. Disposem de 12 premses i 14 m\u00e0quines per matrius.\",\"breadcrumb\":{\"@id\":\"https:\/\/gincatsystem.com\/ca\/nosaltres\/#breadcrumb\"},\"inLanguage\":\"ca\",\"potentialAction\":[{\"@type\":\"ReadAction\",\"target\":[\"https:\/\/gincatsystem.com\/ca\/nosaltres\/\"]}]},{\"@type\":\"BreadcrumbList\",\"@id\":\"https:\/\/gincatsystem.com\/ca\/nosaltres\/#breadcrumb\",\"itemListElement\":[{\"@type\":\"ListItem\",\"position\":1,\"name\":\"Inici\",\"item\":\"https:\/\/gincatsystem.com\/ca\/\"},{\"@type\":\"ListItem\",\"position\":2,\"name\":\"Nosaltres\"}]},{\"@type\":\"WebSite\",\"@id\":\"https:\/\/gincatsystem.com\/ca\/#website\",\"url\":\"https:\/\/gincatsystem.com\/ca\/\",\"name\":\"Gincat System \u00b7 Matriceria, estampaci\u00f3 i soldadura\",\"description\":\"Disseny i fabricaci\u00f3 de matrius, recanvis i utillatges per a sectors com l&#039;automoci\u00f3 i el sector el\u00e8ctric.\",\"publisher\":{\"@id\":\"https:\/\/gincatsystem.com\/ca\/#organization\"},\"potentialAction\":[{\"@type\":\"SearchAction\",\"target\":{\"@type\":\"EntryPoint\",\"urlTemplate\":\"https:\/\/gincatsystem.com\/ca\/?s={search_term_string}\"},\"query-input\":\"required name=search_term_string\"}],\"inLanguage\":\"ca\"},{\"@type\":\"Organization\",\"@id\":\"https:\/\/gincatsystem.com\/ca\/#organization\",\"name\":\"Gincat System \u00b7 Matriceria, estampaci\u00f3 i soldadura\",\"url\":\"https:\/\/gincatsystem.com\/ca\/\",\"logo\":{\"@type\":\"ImageObject\",\"inLanguage\":\"ca\",\"@id\":\"https:\/\/gincatsystem.com\/ca\/#\/schema\/logo\/image\/\",\"url\":\"https:\/\/gincatsystem.com\/wp-content\/uploads\/2022\/08\/LOGOTIP-FOOTER2.png\",\"contentUrl\":\"https:\/\/gincatsystem.com\/wp-content\/uploads\/2022\/08\/LOGOTIP-FOOTER2.png\",\"width\":307,\"height\":82,\"caption\":\"Gincat System \u00b7 Matriceria, estampaci\u00f3 i soldadura\"},\"image\":{\"@id\":\"https:\/\/gincatsystem.com\/ca\/#\/schema\/logo\/image\/\"}}]}<\/script>\n<!-- \/ Yoast SEO plugin. -->","yoast_head_json":{"title":"GINCAT SYSTEM \u00b7 Matriceria, estampaci\u00f3 i soldadura a Barcelona","description":"Les nostres principals produccions s\u00f3n de matriceria, estampaci\u00f3 i soldadura a Barcelona. Disposem de 12 premses i 14 m\u00e0quines per matrius.","robots":{"index":"index","follow":"follow","max-snippet":"max-snippet:-1","max-image-preview":"max-image-preview:large","max-video-preview":"max-video-preview:-1"},"canonical":"https:\/\/gincatsystem.com\/ca\/nosaltres\/","og_locale":"ca_ES","og_type":"article","og_title":"GINCAT SYSTEM \u00b7 Matriceria, estampaci\u00f3 i soldadura a Barcelona","og_description":"Les nostres principals produccions s\u00f3n de matriceria, estampaci\u00f3 i soldadura a Barcelona. Disposem de 12 premses i 14 m\u00e0quines per matrius.","og_url":"https:\/\/gincatsystem.com\/ca\/nosaltres\/","og_site_name":"Gincat System \u00b7 Matriceria, estampaci\u00f3 i soldadura","article_modified_time":"2022-09-27T07:12:18+00:00","twitter_card":"summary_large_image","twitter_misc":{"Temps estimat de lectura":"2 minuts"},"schema":{"@context":"https:\/\/schema.org","@graph":[{"@type":"WebPage","@id":"https:\/\/gincatsystem.com\/ca\/nosaltres\/","url":"https:\/\/gincatsystem.com\/ca\/nosaltres\/","name":"GINCAT SYSTEM \u00b7 Matriceria, estampaci\u00f3 i soldadura a Barcelona","isPartOf":{"@id":"https:\/\/gincatsystem.com\/ca\/#website"},"datePublished":"2022-07-11T15:28:18+00:00","dateModified":"2022-09-27T07:12:18+00:00","description":"Les nostres principals produccions s\u00f3n de matriceria, estampaci\u00f3 i soldadura a Barcelona. Disposem de 12 premses i 14 m\u00e0quines per matrius.","breadcrumb":{"@id":"https:\/\/gincatsystem.com\/ca\/nosaltres\/#breadcrumb"},"inLanguage":"ca","potentialAction":[{"@type":"ReadAction","target":["https:\/\/gincatsystem.com\/ca\/nosaltres\/"]}]},{"@type":"BreadcrumbList","@id":"https:\/\/gincatsystem.com\/ca\/nosaltres\/#breadcrumb","itemListElement":[{"@type":"ListItem","position":1,"name":"Inici","item":"https:\/\/gincatsystem.com\/ca\/"},{"@type":"ListItem","position":2,"name":"Nosaltres"}]},{"@type":"WebSite","@id":"https:\/\/gincatsystem.com\/ca\/#website","url":"https:\/\/gincatsystem.com\/ca\/","name":"Gincat System \u00b7 Matriceria, estampaci\u00f3 i soldadura","description":"Disseny i fabricaci\u00f3 de matrius, recanvis i utillatges per a sectors com l&#039;automoci\u00f3 i el sector el\u00e8ctric.","publisher":{"@id":"https:\/\/gincatsystem.com\/ca\/#organization"},"potentialAction":[{"@type":"SearchAction","target":{"@type":"EntryPoint","urlTemplate":"https:\/\/gincatsystem.com\/ca\/?s={search_term_string}"},"query-input":"required name=search_term_string"}],"inLanguage":"ca"},{"@type":"Organization","@id":"https:\/\/gincatsystem.com\/ca\/#organization","name":"Gincat System \u00b7 Matriceria, estampaci\u00f3 i soldadura","url":"https:\/\/gincatsystem.com\/ca\/","logo":{"@type":"ImageObject","inLanguage":"ca","@id":"https:\/\/gincatsystem.com\/ca\/#\/schema\/logo\/image\/","url":"https:\/\/gincatsystem.com\/wp-content\/uploads\/2022\/08\/LOGOTIP-FOOTER2.png","contentUrl":"https:\/\/gincatsystem.com\/wp-content\/uploads\/2022\/08\/LOGOTIP-FOOTER2.png","width":307,"height":82,"caption":"Gincat System \u00b7 Matriceria, estampaci\u00f3 i soldadura"},"image":{"@id":"https:\/\/gincatsystem.com\/ca\/#\/schema\/logo\/image\/"}}]}},"_links":{"self":[{"href":"https:\/\/gincatsystem.com\/ca\/wp-json\/wp\/v2\/pages\/15568","targetHints":{"allow":["GET"]}}],"collection":[{"href":"https:\/\/gincatsystem.com\/ca\/wp-json\/wp\/v2\/pages"}],"about":[{"href":"https:\/\/gincatsystem.com\/ca\/wp-json\/wp\/v2\/types\/page"}],"author":[{"embeddable":true,"href":"https:\/\/gincatsystem.com\/ca\/wp-json\/wp\/v2\/users\/1"}],"replies":[{"embeddable":true,"href":"https:\/\/gincatsystem.com\/ca\/wp-json\/wp\/v2\/comments?post=15568"}],"version-history":[{"count":46,"href":"https:\/\/gincatsystem.com\/ca\/wp-json\/wp\/v2\/pages\/15568\/revisions"}],"predecessor-version":[{"id":17905,"href":"https:\/\/gincatsystem.com\/ca\/wp-json\/wp\/v2\/pages\/15568\/revisions\/17905"}],"wp:attachment":[{"href":"https:\/\/gincatsystem.com\/ca\/wp-json\/wp\/v2\/media?parent=15568"}],"curies":[{"name":"wp","href":"https:\/\/api.w.org\/{rel}","templated":true}]}}