{"id":12749,"date":"2015-01-06T16:48:30","date_gmt":"2015-01-06T16:48:30","guid":{"rendered":"http:\/\/localhost\/themes\/unicon\/?page_id=12749"},"modified":"2022-09-27T11:31:46","modified_gmt":"2022-09-27T11:31:46","slug":"serveis","status":"publish","type":"page","link":"https:\/\/gincatsystem.com\/ca\/serveis\/","title":{"rendered":"Serveis"},"content":{"rendered":"<p>[vc_row bg_image=&#8221;15875&#8243; parallax_bg=&#8221;true&#8221; bg_color=&#8221;#f9f9f9&#8243; top_padding=&#8221;290&#8243; bottom_padding=&#8221;200&#8243;][vc_column width=&#8221;1\/1&#8243;]<h1 class=\"headline font-inherit fontsize-xxxxxl fontweight-300 lh-13 align-left transform-inherit \" style=\"margin: 0 0 20px 0; color: #ffffff;\">En constant<br \/>\nesfor\u00e7 per la qualitat.<\/h1><div class=\"headline font-inherit fontsize-l fontweight-400 lh-inherit align-left transform-inherit \" style=\"margin: 0; color: #ffffff;\">GINCAT SYSTEM disposa de la maquin\u00e0ria m\u00e9s avan\u00e7ada; erosi\u00f3 per fil CNC, erosi\u00f3 per penetraci\u00f3, freses, torns, premses, etc. cosa que ens permet oferir una qualitat d&#8217;avantguarda als nostres productes.<\/div>[\/vc_column][\/vc_row][vc_row top_padding=&#8221;100&#8243; bottom_padding=&#8221;100&#8243; bg_position=&#8221;left top&#8221;][vc_column width=&#8221;1\/3&#8243;]<div class=\"single_image wpb_content_element align-left    \" data-animation=\"none\" data-delay=\"0\"><img loading=\"lazy\" decoding=\"async\" width=\"257\" height=\"214\" src=\"https:\/\/gincatsystem.com\/wp-content\/uploads\/2022\/07\/MATRICERIA-1.png\" class=\"attachment-full\" alt=\"\" title=\"\" \/><\/div>[vc_column_text]<\/p>\n<h6>Matriceria<\/h6>\n<p>Amb la capacitat t\u00e8cnica per construir matrius i utillatges per als diferents sectors de la ind\u00fastria, <span class=\"hiddenSpellError\">GINCAT<\/span>\u00a0<span class=\"hiddenSpellError\">SYSTEM<\/span> ofereix diferents tecnologies en matrius convencionals, progressives i embotici\u00f3, automatismes, estampaci\u00f3 i mecanitzats.[\/vc_column_text][\/vc_column][vc_column width=&#8221;1\/3&#8243;]<div class=\"single_image wpb_content_element align-left    \" data-animation=\"none\" data-delay=\"0\"><img loading=\"lazy\" decoding=\"async\" width=\"257\" height=\"214\" src=\"https:\/\/gincatsystem.com\/wp-content\/uploads\/2022\/07\/ESTAMPACIO-1.png\" class=\"attachment-full\" alt=\"\" title=\"\" \/><\/div>[vc_column_text]<\/p>\n<h6>Estampaci\u00f3<\/h6>\n<p>GINCAT SYSTEM compta amb l\u00ednies d&#8217;estampaci\u00f3 convencionals i progressives per a petites, mitjanes i grans s\u00e8ries.[\/vc_column_text][\/vc_column][vc_column width=&#8221;1\/3&#8243;]<div class=\"single_image wpb_content_element align-left    \" data-animation=\"none\" data-delay=\"0\"><img loading=\"lazy\" decoding=\"async\" width=\"257\" height=\"214\" src=\"https:\/\/gincatsystem.com\/wp-content\/uploads\/2022\/07\/SOLDADURA-1.png\" class=\"attachment-full\" alt=\"\" title=\"\" \/><\/div>[vc_column_text]<\/p>\n<h6>Soldadura<\/h6>\n<p>La secci\u00f3 de soldadura est\u00e0 preparada per complir tota la normativa del sector. Disposem de premsa de soldadura per punts.[\/vc_column_text][\/vc_column][\/vc_row][vc_row bg_image=&#8221;15693&#8243; parallax_bg=&#8221;true&#8221; text_color=&#8221;light&#8221; text_align=&#8221;center&#8221; top_padding=&#8221;140&#8243; bottom_padding=&#8221;140&#8243;][vc_column width=&#8221;1\/1&#8243;]<h3 class=\"headline font-inherit fontsize-xxxxl fontweight-300 lh-inherit align-center transform-inherit \" style=\"margin: 0 0 20px 0;\">Disseny i desenvolupament.<\/h3><div class=\"headline font-inherit fontsize-m fontweight-400 lh-inherit align-center transform-inherit \" style=\"margin: 0 0 40px 0; color: rgba(255,255,255,0.7);\">Considerant les actuals exig\u00e8ncies del mercat en qualitat del producte,<br \/>\nGINCAT SYSTEM disposa de la maquin\u00e0ria m\u00e9s avan\u00e7ada.<\/div><a href=\"https:\/\/gincatsystem.com\/contacte\/\" target=\"_self\" class=\"button button-appear color-3 large \" style=\"border-radius: 2px;\"><span>Contacte amb nosaltres<i class='fa fa-envelope'><\/i><\/span><\/a>[\/vc_column][\/vc_row][vc_row top_padding=&#8221;100&#8243; bottom_padding=&#8221;100&#8243; bg_position=&#8221;left top&#8221;][vc_column width=&#8221;1\/2&#8243;][vc_column_text]<\/p>\n<h6>12 Premses<\/h6>\n<p>Disseny, qualitat i efici\u00e8ncia en instal\u00b7lacions destinades a la fabricaci\u00f3 de peces.<\/p>\n<ul class=\"highlight\">\n<li>1 SanGiacomo premsa de 400 Tm <span class=\"hiddenGrammarError\">doble<\/span>\u00a0montant<\/li>\n<li>3 premses de 40 Tm doble montant (r\u00e0pides).<\/li>\n<li>4 premses de 40 Tm<\/li>\n<li>3 premses de 125 Tm<\/li>\n<li>1 premsa de 60 Tm<\/li>\n<\/ul>\n<p>[\/vc_column_text][\/vc_column][vc_column width=&#8221;1\/2&#8243;][vc_column_text]<\/p>\n<h6>14 M\u00e0quines per fer matrius<\/h6>\n<p>Entre altres equips i eines que s&#8217;utilitzen per fer matrius i peces de recanvi.<\/p>\n<ul class=\"highlight\">\n<li>4 EDM M\u00e0quines<\/li>\n<li>4 Fresadores<\/li>\n<li>1 Torn<\/li>\n<li>3 M\u00e0quines de perforaci\u00f3<\/li>\n<li>2 M\u00e0quines de rectificat<\/li>\n<li>1 M\u00e0quina de roscar<\/li>\n<\/ul>\n<p>[\/vc_column_text][\/vc_column][\/vc_row][vc_row bg_color=&#8221;#fafafa&#8221; text_align=&#8221;center&#8221; top_padding=&#8221;60&#8243; bottom_padding=&#8221;50&#8243; bg_position=&#8221;left top&#8221;][vc_column]<h5 class=\"headline font-special fontsize-xxl fontweight-300 lh-inherit align-center transform-inherit \" style=\"margin: 0 0 20px 0;\"><u>Clients<\/u><\/h5>[\/vc_column][vc_column width=&#8221;1\/6&#8243;][vc_column_text]<img loading=\"lazy\" decoding=\"async\" class=\"alignnone size-full wp-image-15661\" src=\"https:\/\/gincatsystem.com\/wp-content\/uploads\/2022\/07\/TW.png\" alt=\"\" width=\"150\" height=\"74\" \/>[\/vc_column_text][\/vc_column][vc_column width=&#8221;1\/6&#8243;][vc_column_text]<img loading=\"lazy\" decoding=\"async\" class=\"alignnone size-full wp-image-15662\" src=\"https:\/\/gincatsystem.com\/wp-content\/uploads\/2022\/07\/SCHNEIDER-ELECTRIC.png\" alt=\"\" width=\"150\" height=\"74\" \/>[\/vc_column_text][\/vc_column][vc_column width=&#8221;1\/6&#8243;][vc_column_text]<img loading=\"lazy\" decoding=\"async\" class=\"alignnone size-full wp-image-15663\" src=\"https:\/\/gincatsystem.com\/wp-content\/uploads\/2022\/07\/ABB.png\" alt=\"\" width=\"150\" height=\"74\" \/>[\/vc_column_text][\/vc_column][vc_column width=&#8221;1\/6&#8243;][vc_column_text]<img loading=\"lazy\" decoding=\"async\" class=\"alignnone size-full wp-image-15664\" src=\"https:\/\/gincatsystem.com\/wp-content\/uploads\/2022\/07\/ROCA.png\" alt=\"\" width=\"150\" height=\"74\" \/>[\/vc_column_text][\/vc_column][vc_column width=&#8221;1\/6&#8243;][vc_column_text]<img loading=\"lazy\" decoding=\"async\" class=\"alignnone size-full wp-image-15665\" src=\"https:\/\/gincatsystem.com\/wp-content\/uploads\/2022\/07\/SIMON.png\" alt=\"\" width=\"150\" height=\"74\" \/>[\/vc_column_text][\/vc_column][vc_column width=&#8221;1\/6&#8243;][vc_column_text]<img loading=\"lazy\" decoding=\"async\" class=\"alignnone size-full wp-image-15666\" src=\"https:\/\/gincatsystem.com\/wp-content\/uploads\/2022\/07\/TEKNIA.png\" alt=\"\" width=\"150\" height=\"74\" \/>[\/vc_column_text][\/vc_column][\/vc_row]<\/p>\n","protected":false},"excerpt":{"rendered":"<p>[vc_row bg_image=&#8221;15875&#8243; parallax_bg=&#8221;true&#8221; bg_color=&#8221;#f9f9f9&#8243; top_padding=&#8221;290&#8243; bottom_padding=&#8221;200&#8243;][vc_column width=&#8221;1\/1&#8243;][\/vc_column][\/vc_row][vc_row top_padding=&#8221;100&#8243; bottom_padding=&#8221;100&#8243; bg_position=&#8221;left top&#8221;][vc_column width=&#8221;1\/3&#8243;][vc_column_text] Matriceria Amb la capacitat t\u00e8cnica per construir matrius i utillatges per als diferents sectors de la ind\u00fastria, GINCAT\u00a0SYSTEM ofereix diferents tecnologies en matrius convencionals, progressives i embotici\u00f3, automatismes, estampaci\u00f3 i mecanitzats.[\/vc_column_text][\/vc_column][vc_column width=&#8221;1\/3&#8243;][vc_column_text] Estampaci\u00f3 GINCAT SYSTEM compta amb l\u00ednies d&#8217;estampaci\u00f3 convencionals i progressives per a petites, mitjanes i grans s\u00e8ries.[\/vc_column_text][\/vc_column][vc_column width=&#8221;1\/3&#8243;][vc_column_text] Soldadura La secci\u00f3 de soldadura est\u00e0 preparada per complir tota la normativa del sector. Disposem de premsa de soldadura per punts.[\/vc_column_text][\/vc_column][\/vc_row][vc_row bg_image=&#8221;15693&#8243; parallax_bg=&#8221;true&#8221; text_color=&#8221;light&#8221; text_align=&#8221;center&#8221; top_padding=&#8221;140&#8243; bottom_padding=&#8221;140&#8243;][vc_column width=&#8221;1\/1&#8243;][\/vc_column][\/vc_row][vc_row top_padding=&#8221;100&#8243; bottom_padding=&#8221;100&#8243; bg_position=&#8221;left top&#8221;][vc_column width=&#8221;1\/2&#8243;][vc_column_text] 12 Premses Disseny, qualitat i efici\u00e8ncia en instal\u00b7lacions destinades a la fabricaci\u00f3 de peces. 1 SanGiacomo premsa de 400 Tm doble\u00a0montant 3 premses de 40 Tm doble montant (r\u00e0pides). 4 premses de 40 Tm 3 premses de 125 Tm 1 premsa de 60 Tm [\/vc_column_text][\/vc_column][vc_column width=&#8221;1\/2&#8243;][vc_column_text] 14 M\u00e0quines per fer matrius Entre altres equips i eines que s&#8217;utilitzen per fer matrius i peces de recanvi. 4 EDM M\u00e0quines 4 Fresadores 1 Torn 3 M\u00e0quines de perforaci\u00f3 2 M\u00e0quines de rectificat 1 M\u00e0quina de roscar [\/vc_column_text][\/vc_column][\/vc_row][vc_row bg_color=&#8221;#fafafa&#8221; text_align=&#8221;center&#8221; top_padding=&#8221;60&#8243; bottom_padding=&#8221;50&#8243; bg_position=&#8221;left top&#8221;][vc_column][\/vc_column][vc_column width=&#8221;1\/6&#8243;][vc_column_text][\/vc_column_text][\/vc_column][vc_column width=&#8221;1\/6&#8243;][vc_column_text][\/vc_column_text][\/vc_column][vc_column width=&#8221;1\/6&#8243;][vc_column_text][\/vc_column_text][\/vc_column][vc_column width=&#8221;1\/6&#8243;][vc_column_text][\/vc_column_text][\/vc_column][vc_column width=&#8221;1\/6&#8243;][vc_column_text][\/vc_column_text][\/vc_column][vc_column width=&#8221;1\/6&#8243;][vc_column_text][\/vc_column_text][\/vc_column][\/vc_row]<\/p>\n","protected":false},"author":1,"featured_media":0,"parent":0,"menu_order":0,"comment_status":"open","ping_status":"open","template":"","meta":{"footnotes":""},"class_list":["post-12749","page","type-page","status-publish","hentry"],"yoast_head":"<!-- This site is optimized with the Yoast SEO plugin v19.10 - https:\/\/yoast.com\/wordpress\/plugins\/seo\/ -->\n<title>GINCAT SYSTEM \u00b7 Erosi\u00f3 per fil CNC, freses, torns, premses...<\/title>\n<meta name=\"description\" content=\"GINCAT SYSTEM disposa de la maquin\u00e0ria m\u00e9s avan\u00e7ada; erosi\u00f3 per fil CNC, erosi\u00f3 per penetraci\u00f3, freses, torns, premses, etc..\" \/>\n<meta name=\"robots\" content=\"index, follow, max-snippet:-1, max-image-preview:large, max-video-preview:-1\" \/>\n<link rel=\"canonical\" href=\"https:\/\/gincatsystem.com\/ca\/serveis\/\" \/>\n<meta property=\"og:locale\" content=\"ca_ES\" \/>\n<meta property=\"og:type\" content=\"article\" \/>\n<meta property=\"og:title\" content=\"GINCAT SYSTEM \u00b7 Erosi\u00f3 per fil CNC, freses, torns, premses...\" \/>\n<meta property=\"og:description\" content=\"GINCAT SYSTEM disposa de la maquin\u00e0ria m\u00e9s avan\u00e7ada; erosi\u00f3 per fil CNC, erosi\u00f3 per penetraci\u00f3, freses, torns, premses, etc..\" \/>\n<meta property=\"og:url\" content=\"https:\/\/gincatsystem.com\/ca\/serveis\/\" \/>\n<meta property=\"og:site_name\" content=\"Gincat System \u00b7 Matriceria, estampaci\u00f3 i soldadura\" \/>\n<meta property=\"article:modified_time\" content=\"2022-09-27T11:31:46+00:00\" \/>\n<meta property=\"og:image\" content=\"https:\/\/gincatsystem.com\/wp-content\/uploads\/2022\/07\/TW.png\" \/>\n<meta name=\"twitter:card\" content=\"summary_large_image\" \/>\n<meta name=\"twitter:label1\" content=\"Temps estimat de lectura\" \/>\n\t<meta name=\"twitter:data1\" content=\"3 minuts\" \/>\n<script type=\"application\/ld+json\" class=\"yoast-schema-graph\">{\"@context\":\"https:\/\/schema.org\",\"@graph\":[{\"@type\":\"WebPage\",\"@id\":\"https:\/\/gincatsystem.com\/ca\/serveis\/\",\"url\":\"https:\/\/gincatsystem.com\/ca\/serveis\/\",\"name\":\"GINCAT SYSTEM \u00b7 Erosi\u00f3 per fil CNC, freses, torns, premses...\",\"isPartOf\":{\"@id\":\"https:\/\/gincatsystem.com\/ca\/#website\"},\"datePublished\":\"2015-01-06T16:48:30+00:00\",\"dateModified\":\"2022-09-27T11:31:46+00:00\",\"description\":\"GINCAT SYSTEM disposa de la maquin\u00e0ria m\u00e9s avan\u00e7ada; erosi\u00f3 per fil CNC, erosi\u00f3 per penetraci\u00f3, freses, torns, premses, etc..\",\"breadcrumb\":{\"@id\":\"https:\/\/gincatsystem.com\/ca\/serveis\/#breadcrumb\"},\"inLanguage\":\"ca\",\"potentialAction\":[{\"@type\":\"ReadAction\",\"target\":[\"https:\/\/gincatsystem.com\/ca\/serveis\/\"]}]},{\"@type\":\"BreadcrumbList\",\"@id\":\"https:\/\/gincatsystem.com\/ca\/serveis\/#breadcrumb\",\"itemListElement\":[{\"@type\":\"ListItem\",\"position\":1,\"name\":\"Inici\",\"item\":\"https:\/\/gincatsystem.com\/ca\/\"},{\"@type\":\"ListItem\",\"position\":2,\"name\":\"Serveis\"}]},{\"@type\":\"WebSite\",\"@id\":\"https:\/\/gincatsystem.com\/ca\/#website\",\"url\":\"https:\/\/gincatsystem.com\/ca\/\",\"name\":\"Gincat System \u00b7 Matriceria, estampaci\u00f3 i soldadura\",\"description\":\"Disseny i fabricaci\u00f3 de matrius, recanvis i utillatges per a sectors com l&#039;automoci\u00f3 i el sector el\u00e8ctric.\",\"publisher\":{\"@id\":\"https:\/\/gincatsystem.com\/ca\/#organization\"},\"potentialAction\":[{\"@type\":\"SearchAction\",\"target\":{\"@type\":\"EntryPoint\",\"urlTemplate\":\"https:\/\/gincatsystem.com\/ca\/?s={search_term_string}\"},\"query-input\":\"required name=search_term_string\"}],\"inLanguage\":\"ca\"},{\"@type\":\"Organization\",\"@id\":\"https:\/\/gincatsystem.com\/ca\/#organization\",\"name\":\"Gincat System \u00b7 Matriceria, estampaci\u00f3 i soldadura\",\"url\":\"https:\/\/gincatsystem.com\/ca\/\",\"logo\":{\"@type\":\"ImageObject\",\"inLanguage\":\"ca\",\"@id\":\"https:\/\/gincatsystem.com\/ca\/#\/schema\/logo\/image\/\",\"url\":\"https:\/\/gincatsystem.com\/wp-content\/uploads\/2022\/08\/LOGOTIP-FOOTER2.png\",\"contentUrl\":\"https:\/\/gincatsystem.com\/wp-content\/uploads\/2022\/08\/LOGOTIP-FOOTER2.png\",\"width\":307,\"height\":82,\"caption\":\"Gincat System \u00b7 Matriceria, estampaci\u00f3 i soldadura\"},\"image\":{\"@id\":\"https:\/\/gincatsystem.com\/ca\/#\/schema\/logo\/image\/\"}}]}<\/script>\n<!-- \/ Yoast SEO plugin. -->","yoast_head_json":{"title":"GINCAT SYSTEM \u00b7 Erosi\u00f3 per fil CNC, freses, torns, premses...","description":"GINCAT SYSTEM disposa de la maquin\u00e0ria m\u00e9s avan\u00e7ada; erosi\u00f3 per fil CNC, erosi\u00f3 per penetraci\u00f3, freses, torns, premses, etc..","robots":{"index":"index","follow":"follow","max-snippet":"max-snippet:-1","max-image-preview":"max-image-preview:large","max-video-preview":"max-video-preview:-1"},"canonical":"https:\/\/gincatsystem.com\/ca\/serveis\/","og_locale":"ca_ES","og_type":"article","og_title":"GINCAT SYSTEM \u00b7 Erosi\u00f3 per fil CNC, freses, torns, premses...","og_description":"GINCAT SYSTEM disposa de la maquin\u00e0ria m\u00e9s avan\u00e7ada; erosi\u00f3 per fil CNC, erosi\u00f3 per penetraci\u00f3, freses, torns, premses, etc..","og_url":"https:\/\/gincatsystem.com\/ca\/serveis\/","og_site_name":"Gincat System \u00b7 Matriceria, estampaci\u00f3 i soldadura","article_modified_time":"2022-09-27T11:31:46+00:00","og_image":[{"url":"https:\/\/gincatsystem.com\/wp-content\/uploads\/2022\/07\/TW.png"}],"twitter_card":"summary_large_image","twitter_misc":{"Temps estimat de lectura":"3 minuts"},"schema":{"@context":"https:\/\/schema.org","@graph":[{"@type":"WebPage","@id":"https:\/\/gincatsystem.com\/ca\/serveis\/","url":"https:\/\/gincatsystem.com\/ca\/serveis\/","name":"GINCAT SYSTEM \u00b7 Erosi\u00f3 per fil CNC, freses, torns, premses...","isPartOf":{"@id":"https:\/\/gincatsystem.com\/ca\/#website"},"datePublished":"2015-01-06T16:48:30+00:00","dateModified":"2022-09-27T11:31:46+00:00","description":"GINCAT SYSTEM disposa de la maquin\u00e0ria m\u00e9s avan\u00e7ada; erosi\u00f3 per fil CNC, erosi\u00f3 per penetraci\u00f3, freses, torns, premses, etc..","breadcrumb":{"@id":"https:\/\/gincatsystem.com\/ca\/serveis\/#breadcrumb"},"inLanguage":"ca","potentialAction":[{"@type":"ReadAction","target":["https:\/\/gincatsystem.com\/ca\/serveis\/"]}]},{"@type":"BreadcrumbList","@id":"https:\/\/gincatsystem.com\/ca\/serveis\/#breadcrumb","itemListElement":[{"@type":"ListItem","position":1,"name":"Inici","item":"https:\/\/gincatsystem.com\/ca\/"},{"@type":"ListItem","position":2,"name":"Serveis"}]},{"@type":"WebSite","@id":"https:\/\/gincatsystem.com\/ca\/#website","url":"https:\/\/gincatsystem.com\/ca\/","name":"Gincat System \u00b7 Matriceria, estampaci\u00f3 i soldadura","description":"Disseny i fabricaci\u00f3 de matrius, recanvis i utillatges per a sectors com l&#039;automoci\u00f3 i el sector el\u00e8ctric.","publisher":{"@id":"https:\/\/gincatsystem.com\/ca\/#organization"},"potentialAction":[{"@type":"SearchAction","target":{"@type":"EntryPoint","urlTemplate":"https:\/\/gincatsystem.com\/ca\/?s={search_term_string}"},"query-input":"required name=search_term_string"}],"inLanguage":"ca"},{"@type":"Organization","@id":"https:\/\/gincatsystem.com\/ca\/#organization","name":"Gincat System \u00b7 Matriceria, estampaci\u00f3 i soldadura","url":"https:\/\/gincatsystem.com\/ca\/","logo":{"@type":"ImageObject","inLanguage":"ca","@id":"https:\/\/gincatsystem.com\/ca\/#\/schema\/logo\/image\/","url":"https:\/\/gincatsystem.com\/wp-content\/uploads\/2022\/08\/LOGOTIP-FOOTER2.png","contentUrl":"https:\/\/gincatsystem.com\/wp-content\/uploads\/2022\/08\/LOGOTIP-FOOTER2.png","width":307,"height":82,"caption":"Gincat System \u00b7 Matriceria, estampaci\u00f3 i soldadura"},"image":{"@id":"https:\/\/gincatsystem.com\/ca\/#\/schema\/logo\/image\/"}}]}},"_links":{"self":[{"href":"https:\/\/gincatsystem.com\/ca\/wp-json\/wp\/v2\/pages\/12749","targetHints":{"allow":["GET"]}}],"collection":[{"href":"https:\/\/gincatsystem.com\/ca\/wp-json\/wp\/v2\/pages"}],"about":[{"href":"https:\/\/gincatsystem.com\/ca\/wp-json\/wp\/v2\/types\/page"}],"author":[{"embeddable":true,"href":"https:\/\/gincatsystem.com\/ca\/wp-json\/wp\/v2\/users\/1"}],"replies":[{"embeddable":true,"href":"https:\/\/gincatsystem.com\/ca\/wp-json\/wp\/v2\/comments?post=12749"}],"version-history":[{"count":51,"href":"https:\/\/gincatsystem.com\/ca\/wp-json\/wp\/v2\/pages\/12749\/revisions"}],"predecessor-version":[{"id":15929,"href":"https:\/\/gincatsystem.com\/ca\/wp-json\/wp\/v2\/pages\/12749\/revisions\/15929"}],"wp:attachment":[{"href":"https:\/\/gincatsystem.com\/ca\/wp-json\/wp\/v2\/media?parent=12749"}],"curies":[{"name":"wp","href":"https:\/\/api.w.org\/{rel}","templated":true}]}}